{"id":84,"date":"2022-12-06T11:31:24","date_gmt":"2022-12-06T11:31:24","guid":{"rendered":"https:\/\/peraisguvenligi.com\/pera\/?post_type=product&#038;p=84"},"modified":"2022-12-06T11:32:48","modified_gmt":"2022-12-06T11:32:48","slug":"kimyasal-goz-dusu-250ml","status":"publish","type":"product","link":"https:\/\/lulaisg.com.tr\/index.php\/urun\/kimyasal-goz-dusu-250ml\/","title":{"rendered":"K\u0130MYASAL G\u00d6Z DU\u015eU 250ML"},"content":{"rendered":"<p>Kimyasallardan kaynaklanan g\u00f6z yan\u0131klar\u0131 i\u00e7in fosfat tamponlu salin (% 4,9) i\u00e7eren steril g\u00f6z y\u0131kama sol\u00fcsyonu<\/p>\n","protected":false},"excerpt":{"rendered":"<p>G\u00f6ze asit ve alkali ka\u00e7mas\u0131 \u00a0durumunda \u00a0(kalsiyum maddeleri i\u00e7eren kire\u00e7 ve \u00e7imento hari\u00e7) olu\u015fan g\u00f6z yaralanmalar\u0131nda 2 dakikal\u0131k s\u00fcrede g\u00f6z\u00fc n\u00f6tralize etmek i\u00e7in kullan\u0131l\u0131r<br \/>\nTek seferde kullan\u0131lmal\u0131d\u0131r<\/p>\n","protected":false},"featured_media":147,"comment_status":"closed","ping_status":"closed","template":"","meta":[],"product_cat":[15,102],"product_tag":[108,105,101],"class_list":{"0":"post-84","1":"product","2":"type-product","3":"status-publish","4":"has-post-thumbnail","6":"product_cat-genel","7":"product_cat-goz-ve-vucut-duslari","8":"product_tag-250ml","9":"product_tag-gozdusu","10":"product_tag-kimyasal","12":"first","13":"instock","14":"shipping-taxable","15":"product-type-simple"},"yoast_head":"<!-- This site is optimized with the Yoast SEO plugin v22.1 - https:\/\/yoast.com\/wordpress\/plugins\/seo\/ -->\n<title>K\u0130MYASAL G\u00d6Z DU\u015eU 250ML - LULA ISG<\/title>\n<meta name=\"robots\" content=\"index, follow, max-snippet:-1, max-image-preview:large, max-video-preview:-1\" \/>\n<link rel=\"canonical\" href=\"https:\/\/lulaisg.com.tr\/index.php\/urun\/kimyasal-goz-dusu-250ml\/\" \/>\n<meta property=\"og:locale\" content=\"tr_TR\" \/>\n<meta property=\"og:type\" content=\"article\" \/>\n<meta property=\"og:title\" content=\"K\u0130MYASAL G\u00d6Z DU\u015eU 250ML - LULA ISG\" \/>\n<meta property=\"og:description\" content=\"G\u00f6ze asit ve alkali ka\u00e7mas\u0131 \u00a0durumunda \u00a0(kalsiyum maddeleri i\u00e7eren kire\u00e7 ve \u00e7imento hari\u00e7) olu\u015fan g\u00f6z yaralanmalar\u0131nda 2 dakikal\u0131k s\u00fcrede g\u00f6z\u00fc n\u00f6tralize etmek i\u00e7in kullan\u0131l\u0131r Tek seferde kullan\u0131lmal\u0131d\u0131r\" \/>\n<meta property=\"og:url\" content=\"https:\/\/lulaisg.com.tr\/index.php\/urun\/kimyasal-goz-dusu-250ml\/\" \/>\n<meta property=\"og:site_name\" content=\"LULA ISG\" \/>\n<meta property=\"article:modified_time\" content=\"2022-12-06T11:32:48+00:00\" \/>\n<meta property=\"og:image\" content=\"https:\/\/lulaisg.com.tr\/wp-content\/uploads\/2022\/12\/braun-250-ml.jpg\" \/>\n\t<meta property=\"og:image:width\" content=\"1000\" \/>\n\t<meta property=\"og:image:height\" content=\"1000\" \/>\n\t<meta property=\"og:image:type\" content=\"image\/jpeg\" \/>\n<meta name=\"twitter:card\" content=\"summary_large_image\" \/>\n<script type=\"application\/ld+json\" class=\"yoast-schema-graph\">{\"@context\":\"https:\/\/schema.org\",\"@graph\":[{\"@type\":\"WebPage\",\"@id\":\"https:\/\/lulaisg.com.tr\/index.php\/urun\/kimyasal-goz-dusu-250ml\/\",\"url\":\"https:\/\/lulaisg.com.tr\/index.php\/urun\/kimyasal-goz-dusu-250ml\/\",\"name\":\"K\u0130MYASAL G\u00d6Z DU\u015eU 250ML - LULA ISG\",\"isPartOf\":{\"@id\":\"https:\/\/lulaisg.com.tr\/#website\"},\"datePublished\":\"2022-12-06T11:31:24+00:00\",\"dateModified\":\"2022-12-06T11:32:48+00:00\",\"breadcrumb\":{\"@id\":\"https:\/\/lulaisg.com.tr\/index.php\/urun\/kimyasal-goz-dusu-250ml\/#breadcrumb\"},\"inLanguage\":\"tr\",\"potentialAction\":[{\"@type\":\"ReadAction\",\"target\":[\"https:\/\/lulaisg.com.tr\/index.php\/urun\/kimyasal-goz-dusu-250ml\/\"]}]},{\"@type\":\"BreadcrumbList\",\"@id\":\"https:\/\/lulaisg.com.tr\/index.php\/urun\/kimyasal-goz-dusu-250ml\/#breadcrumb\",\"itemListElement\":[{\"@type\":\"ListItem\",\"position\":1,\"name\":\"Anasayfa\",\"item\":\"https:\/\/lulaisg.com.tr\/\"},{\"@type\":\"ListItem\",\"position\":2,\"name\":\"Ma\u011faza\",\"item\":\"https:\/\/lulaisg.com.tr\/index.php\/magaza\/\"},{\"@type\":\"ListItem\",\"position\":3,\"name\":\"K\u0130MYASAL G\u00d6Z DU\u015eU 250ML\"}]},{\"@type\":\"WebSite\",\"@id\":\"https:\/\/lulaisg.com.tr\/#website\",\"url\":\"https:\/\/lulaisg.com.tr\/\",\"name\":\"LULA ISG\",\"description\":\"\",\"publisher\":{\"@id\":\"https:\/\/lulaisg.com.tr\/#organization\"},\"potentialAction\":[{\"@type\":\"SearchAction\",\"target\":{\"@type\":\"EntryPoint\",\"urlTemplate\":\"https:\/\/lulaisg.com.tr\/?s={search_term_string}\"},\"query-input\":\"required name=search_term_string\"}],\"inLanguage\":\"tr\"},{\"@type\":\"Organization\",\"@id\":\"https:\/\/lulaisg.com.tr\/#organization\",\"name\":\"LULA ISG\",\"url\":\"https:\/\/lulaisg.com.tr\/\",\"logo\":{\"@type\":\"ImageObject\",\"inLanguage\":\"tr\",\"@id\":\"https:\/\/lulaisg.com.tr\/#\/schema\/logo\/image\/\",\"url\":\"https:\/\/lulaisg.com.tr\/wp-content\/uploads\/2022\/12\/pera_logo_yatay_4@4x.png\",\"contentUrl\":\"https:\/\/lulaisg.com.tr\/wp-content\/uploads\/2022\/12\/pera_logo_yatay_4@4x.png\",\"width\":1035,\"height\":441,\"caption\":\"LULA ISG\"},\"image\":{\"@id\":\"https:\/\/lulaisg.com.tr\/#\/schema\/logo\/image\/\"}}]}<\/script>\n<!-- \/ Yoast SEO plugin. -->","yoast_head_json":{"title":"K\u0130MYASAL G\u00d6Z DU\u015eU 250ML - LULA ISG","robots":{"index":"index","follow":"follow","max-snippet":"max-snippet:-1","max-image-preview":"max-image-preview:large","max-video-preview":"max-video-preview:-1"},"canonical":"https:\/\/lulaisg.com.tr\/index.php\/urun\/kimyasal-goz-dusu-250ml\/","og_locale":"tr_TR","og_type":"article","og_title":"K\u0130MYASAL G\u00d6Z DU\u015eU 250ML - LULA ISG","og_description":"G\u00f6ze asit ve alkali ka\u00e7mas\u0131 \u00a0durumunda \u00a0(kalsiyum maddeleri i\u00e7eren kire\u00e7 ve \u00e7imento hari\u00e7) olu\u015fan g\u00f6z yaralanmalar\u0131nda 2 dakikal\u0131k s\u00fcrede g\u00f6z\u00fc n\u00f6tralize etmek i\u00e7in kullan\u0131l\u0131r Tek seferde kullan\u0131lmal\u0131d\u0131r","og_url":"https:\/\/lulaisg.com.tr\/index.php\/urun\/kimyasal-goz-dusu-250ml\/","og_site_name":"LULA ISG","article_modified_time":"2022-12-06T11:32:48+00:00","og_image":[{"width":1000,"height":1000,"url":"https:\/\/lulaisg.com.tr\/wp-content\/uploads\/2022\/12\/braun-250-ml.jpg","type":"image\/jpeg"}],"twitter_card":"summary_large_image","schema":{"@context":"https:\/\/schema.org","@graph":[{"@type":"WebPage","@id":"https:\/\/lulaisg.com.tr\/index.php\/urun\/kimyasal-goz-dusu-250ml\/","url":"https:\/\/lulaisg.com.tr\/index.php\/urun\/kimyasal-goz-dusu-250ml\/","name":"K\u0130MYASAL G\u00d6Z DU\u015eU 250ML - LULA ISG","isPartOf":{"@id":"https:\/\/lulaisg.com.tr\/#website"},"datePublished":"2022-12-06T11:31:24+00:00","dateModified":"2022-12-06T11:32:48+00:00","breadcrumb":{"@id":"https:\/\/lulaisg.com.tr\/index.php\/urun\/kimyasal-goz-dusu-250ml\/#breadcrumb"},"inLanguage":"tr","potentialAction":[{"@type":"ReadAction","target":["https:\/\/lulaisg.com.tr\/index.php\/urun\/kimyasal-goz-dusu-250ml\/"]}]},{"@type":"BreadcrumbList","@id":"https:\/\/lulaisg.com.tr\/index.php\/urun\/kimyasal-goz-dusu-250ml\/#breadcrumb","itemListElement":[{"@type":"ListItem","position":1,"name":"Anasayfa","item":"https:\/\/lulaisg.com.tr\/"},{"@type":"ListItem","position":2,"name":"Ma\u011faza","item":"https:\/\/lulaisg.com.tr\/index.php\/magaza\/"},{"@type":"ListItem","position":3,"name":"K\u0130MYASAL G\u00d6Z DU\u015eU 250ML"}]},{"@type":"WebSite","@id":"https:\/\/lulaisg.com.tr\/#website","url":"https:\/\/lulaisg.com.tr\/","name":"LULA ISG","description":"","publisher":{"@id":"https:\/\/lulaisg.com.tr\/#organization"},"potentialAction":[{"@type":"SearchAction","target":{"@type":"EntryPoint","urlTemplate":"https:\/\/lulaisg.com.tr\/?s={search_term_string}"},"query-input":"required name=search_term_string"}],"inLanguage":"tr"},{"@type":"Organization","@id":"https:\/\/lulaisg.com.tr\/#organization","name":"LULA ISG","url":"https:\/\/lulaisg.com.tr\/","logo":{"@type":"ImageObject","inLanguage":"tr","@id":"https:\/\/lulaisg.com.tr\/#\/schema\/logo\/image\/","url":"https:\/\/lulaisg.com.tr\/wp-content\/uploads\/2022\/12\/pera_logo_yatay_4@4x.png","contentUrl":"https:\/\/lulaisg.com.tr\/wp-content\/uploads\/2022\/12\/pera_logo_yatay_4@4x.png","width":1035,"height":441,"caption":"LULA ISG"},"image":{"@id":"https:\/\/lulaisg.com.tr\/#\/schema\/logo\/image\/"}}]}},"_links":{"self":[{"href":"https:\/\/lulaisg.com.tr\/index.php\/wp-json\/wp\/v2\/product\/84","targetHints":{"allow":["GET"]}}],"collection":[{"href":"https:\/\/lulaisg.com.tr\/index.php\/wp-json\/wp\/v2\/product"}],"about":[{"href":"https:\/\/lulaisg.com.tr\/index.php\/wp-json\/wp\/v2\/types\/product"}],"replies":[{"embeddable":true,"href":"https:\/\/lulaisg.com.tr\/index.php\/wp-json\/wp\/v2\/comments?post=84"}],"wp:featuredmedia":[{"embeddable":true,"href":"https:\/\/lulaisg.com.tr\/index.php\/wp-json\/wp\/v2\/media\/147"}],"wp:attachment":[{"href":"https:\/\/lulaisg.com.tr\/index.php\/wp-json\/wp\/v2\/media?parent=84"}],"wp:term":[{"taxonomy":"product_cat","embeddable":true,"href":"https:\/\/lulaisg.com.tr\/index.php\/wp-json\/wp\/v2\/product_cat?post=84"},{"taxonomy":"product_tag","embeddable":true,"href":"https:\/\/lulaisg.com.tr\/index.php\/wp-json\/wp\/v2\/product_tag?post=84"}],"curies":[{"name":"wp","href":"https:\/\/api.w.org\/{rel}","templated":true}]}}