{"id":81,"date":"2022-12-06T11:31:22","date_gmt":"2022-12-06T11:31:22","guid":{"rendered":"https:\/\/peraisguvenligi.com\/pera\/?post_type=product&#038;p=81"},"modified":"2022-12-06T11:32:46","modified_gmt":"2022-12-06T11:32:46","slug":"braun-solusyonlu-goz-dusu-500ml","status":"publish","type":"product","link":"https:\/\/lulaisg.com.tr\/index.php\/urun\/braun-solusyonlu-goz-dusu-500ml\/","title":{"rendered":"BRAUN SOL\u00dcSYONLU G\u00d6Z DU\u015eU 500ML"},"content":{"rendered":"<p>Standart: CE EN 0123<br \/>\n500 ml g\u00f6z sol\u00fcsyonu sterile sodium cloride 0,9% i\u00e7erir<br \/>\nAcil m\u00fcdahaleler i\u00e7in uygundur<br \/>\nPratik kullan\u0131m<\/p>\n","protected":false},"excerpt":{"rendered":"<p>Toz, kir, metal ve ah\u015fap par\u00e7ac\u0131klar\u0131 gibi k\u00fc\u00e7\u00fck ve g\u00f6r\u00fclmez olan v\u00fccuda zarar veren bu t\u00fcr i\u015flemler i\u00e7in yap\u0131\u015fmas\u0131n\u0131 engellemek amac\u0131yla kullan\u0131l\u0131r.<\/p>\n","protected":false},"featured_media":145,"comment_status":"closed","ping_status":"closed","template":"","meta":[],"product_cat":[15,102],"product_tag":[103,104,105],"class_list":{"0":"post-81","1":"product","2":"type-product","3":"status-publish","4":"has-post-thumbnail","6":"product_cat-genel","7":"product_cat-goz-ve-vucut-duslari","8":"product_tag-braun","9":"product_tag-eyewash","10":"product_tag-gozdusu","12":"first","13":"instock","14":"shipping-taxable","15":"product-type-simple"},"yoast_head":"<!-- This site is optimized with the Yoast SEO plugin v22.1 - https:\/\/yoast.com\/wordpress\/plugins\/seo\/ -->\n<title>BRAUN SOL\u00dcSYONLU G\u00d6Z DU\u015eU 500ML - LULA ISG<\/title>\n<meta name=\"robots\" content=\"index, follow, max-snippet:-1, max-image-preview:large, max-video-preview:-1\" \/>\n<link rel=\"canonical\" href=\"https:\/\/lulaisg.com.tr\/index.php\/urun\/braun-solusyonlu-goz-dusu-500ml\/\" \/>\n<meta property=\"og:locale\" content=\"tr_TR\" \/>\n<meta property=\"og:type\" content=\"article\" \/>\n<meta property=\"og:title\" content=\"BRAUN SOL\u00dcSYONLU G\u00d6Z DU\u015eU 500ML - LULA ISG\" \/>\n<meta property=\"og:description\" content=\"Toz, kir, metal ve ah\u015fap par\u00e7ac\u0131klar\u0131 gibi k\u00fc\u00e7\u00fck ve g\u00f6r\u00fclmez olan v\u00fccuda zarar veren bu t\u00fcr i\u015flemler i\u00e7in yap\u0131\u015fmas\u0131n\u0131 engellemek amac\u0131yla kullan\u0131l\u0131r.\" \/>\n<meta property=\"og:url\" content=\"https:\/\/lulaisg.com.tr\/index.php\/urun\/braun-solusyonlu-goz-dusu-500ml\/\" \/>\n<meta property=\"og:site_name\" content=\"LULA ISG\" \/>\n<meta property=\"article:modified_time\" content=\"2022-12-06T11:32:46+00:00\" \/>\n<meta property=\"og:image\" content=\"https:\/\/lulaisg.com.tr\/wp-content\/uploads\/2022\/12\/17396333109e3dd.jpg\" \/>\n\t<meta property=\"og:image:width\" content=\"600\" \/>\n\t<meta property=\"og:image:height\" content=\"750\" \/>\n\t<meta property=\"og:image:type\" content=\"image\/jpeg\" \/>\n<meta name=\"twitter:card\" content=\"summary_large_image\" \/>\n<meta name=\"twitter:label1\" content=\"Tahmini okuma s\u00fcresi\" \/>\n\t<meta name=\"twitter:data1\" content=\"1 dakika\" \/>\n<script type=\"application\/ld+json\" class=\"yoast-schema-graph\">{\"@context\":\"https:\/\/schema.org\",\"@graph\":[{\"@type\":\"WebPage\",\"@id\":\"https:\/\/lulaisg.com.tr\/index.php\/urun\/braun-solusyonlu-goz-dusu-500ml\/\",\"url\":\"https:\/\/lulaisg.com.tr\/index.php\/urun\/braun-solusyonlu-goz-dusu-500ml\/\",\"name\":\"BRAUN SOL\u00dcSYONLU G\u00d6Z DU\u015eU 500ML - LULA ISG\",\"isPartOf\":{\"@id\":\"https:\/\/lulaisg.com.tr\/#website\"},\"datePublished\":\"2022-12-06T11:31:22+00:00\",\"dateModified\":\"2022-12-06T11:32:46+00:00\",\"breadcrumb\":{\"@id\":\"https:\/\/lulaisg.com.tr\/index.php\/urun\/braun-solusyonlu-goz-dusu-500ml\/#breadcrumb\"},\"inLanguage\":\"tr\",\"potentialAction\":[{\"@type\":\"ReadAction\",\"target\":[\"https:\/\/lulaisg.com.tr\/index.php\/urun\/braun-solusyonlu-goz-dusu-500ml\/\"]}]},{\"@type\":\"BreadcrumbList\",\"@id\":\"https:\/\/lulaisg.com.tr\/index.php\/urun\/braun-solusyonlu-goz-dusu-500ml\/#breadcrumb\",\"itemListElement\":[{\"@type\":\"ListItem\",\"position\":1,\"name\":\"Anasayfa\",\"item\":\"https:\/\/lulaisg.com.tr\/\"},{\"@type\":\"ListItem\",\"position\":2,\"name\":\"Ma\u011faza\",\"item\":\"https:\/\/lulaisg.com.tr\/index.php\/magaza\/\"},{\"@type\":\"ListItem\",\"position\":3,\"name\":\"BRAUN SOL\u00dcSYONLU G\u00d6Z DU\u015eU 500ML\"}]},{\"@type\":\"WebSite\",\"@id\":\"https:\/\/lulaisg.com.tr\/#website\",\"url\":\"https:\/\/lulaisg.com.tr\/\",\"name\":\"LULA ISG\",\"description\":\"\",\"publisher\":{\"@id\":\"https:\/\/lulaisg.com.tr\/#organization\"},\"potentialAction\":[{\"@type\":\"SearchAction\",\"target\":{\"@type\":\"EntryPoint\",\"urlTemplate\":\"https:\/\/lulaisg.com.tr\/?s={search_term_string}\"},\"query-input\":\"required name=search_term_string\"}],\"inLanguage\":\"tr\"},{\"@type\":\"Organization\",\"@id\":\"https:\/\/lulaisg.com.tr\/#organization\",\"name\":\"LULA ISG\",\"url\":\"https:\/\/lulaisg.com.tr\/\",\"logo\":{\"@type\":\"ImageObject\",\"inLanguage\":\"tr\",\"@id\":\"https:\/\/lulaisg.com.tr\/#\/schema\/logo\/image\/\",\"url\":\"https:\/\/lulaisg.com.tr\/wp-content\/uploads\/2022\/12\/pera_logo_yatay_4@4x.png\",\"contentUrl\":\"https:\/\/lulaisg.com.tr\/wp-content\/uploads\/2022\/12\/pera_logo_yatay_4@4x.png\",\"width\":1035,\"height\":441,\"caption\":\"LULA ISG\"},\"image\":{\"@id\":\"https:\/\/lulaisg.com.tr\/#\/schema\/logo\/image\/\"}}]}<\/script>\n<!-- \/ Yoast SEO plugin. -->","yoast_head_json":{"title":"BRAUN SOL\u00dcSYONLU G\u00d6Z DU\u015eU 500ML - LULA ISG","robots":{"index":"index","follow":"follow","max-snippet":"max-snippet:-1","max-image-preview":"max-image-preview:large","max-video-preview":"max-video-preview:-1"},"canonical":"https:\/\/lulaisg.com.tr\/index.php\/urun\/braun-solusyonlu-goz-dusu-500ml\/","og_locale":"tr_TR","og_type":"article","og_title":"BRAUN SOL\u00dcSYONLU G\u00d6Z DU\u015eU 500ML - LULA ISG","og_description":"Toz, kir, metal ve ah\u015fap par\u00e7ac\u0131klar\u0131 gibi k\u00fc\u00e7\u00fck ve g\u00f6r\u00fclmez olan v\u00fccuda zarar veren bu t\u00fcr i\u015flemler i\u00e7in yap\u0131\u015fmas\u0131n\u0131 engellemek amac\u0131yla kullan\u0131l\u0131r.","og_url":"https:\/\/lulaisg.com.tr\/index.php\/urun\/braun-solusyonlu-goz-dusu-500ml\/","og_site_name":"LULA ISG","article_modified_time":"2022-12-06T11:32:46+00:00","og_image":[{"width":600,"height":750,"url":"https:\/\/lulaisg.com.tr\/wp-content\/uploads\/2022\/12\/17396333109e3dd.jpg","type":"image\/jpeg"}],"twitter_card":"summary_large_image","twitter_misc":{"Tahmini okuma s\u00fcresi":"1 dakika"},"schema":{"@context":"https:\/\/schema.org","@graph":[{"@type":"WebPage","@id":"https:\/\/lulaisg.com.tr\/index.php\/urun\/braun-solusyonlu-goz-dusu-500ml\/","url":"https:\/\/lulaisg.com.tr\/index.php\/urun\/braun-solusyonlu-goz-dusu-500ml\/","name":"BRAUN SOL\u00dcSYONLU G\u00d6Z DU\u015eU 500ML - LULA ISG","isPartOf":{"@id":"https:\/\/lulaisg.com.tr\/#website"},"datePublished":"2022-12-06T11:31:22+00:00","dateModified":"2022-12-06T11:32:46+00:00","breadcrumb":{"@id":"https:\/\/lulaisg.com.tr\/index.php\/urun\/braun-solusyonlu-goz-dusu-500ml\/#breadcrumb"},"inLanguage":"tr","potentialAction":[{"@type":"ReadAction","target":["https:\/\/lulaisg.com.tr\/index.php\/urun\/braun-solusyonlu-goz-dusu-500ml\/"]}]},{"@type":"BreadcrumbList","@id":"https:\/\/lulaisg.com.tr\/index.php\/urun\/braun-solusyonlu-goz-dusu-500ml\/#breadcrumb","itemListElement":[{"@type":"ListItem","position":1,"name":"Anasayfa","item":"https:\/\/lulaisg.com.tr\/"},{"@type":"ListItem","position":2,"name":"Ma\u011faza","item":"https:\/\/lulaisg.com.tr\/index.php\/magaza\/"},{"@type":"ListItem","position":3,"name":"BRAUN SOL\u00dcSYONLU G\u00d6Z DU\u015eU 500ML"}]},{"@type":"WebSite","@id":"https:\/\/lulaisg.com.tr\/#website","url":"https:\/\/lulaisg.com.tr\/","name":"LULA ISG","description":"","publisher":{"@id":"https:\/\/lulaisg.com.tr\/#organization"},"potentialAction":[{"@type":"SearchAction","target":{"@type":"EntryPoint","urlTemplate":"https:\/\/lulaisg.com.tr\/?s={search_term_string}"},"query-input":"required name=search_term_string"}],"inLanguage":"tr"},{"@type":"Organization","@id":"https:\/\/lulaisg.com.tr\/#organization","name":"LULA ISG","url":"https:\/\/lulaisg.com.tr\/","logo":{"@type":"ImageObject","inLanguage":"tr","@id":"https:\/\/lulaisg.com.tr\/#\/schema\/logo\/image\/","url":"https:\/\/lulaisg.com.tr\/wp-content\/uploads\/2022\/12\/pera_logo_yatay_4@4x.png","contentUrl":"https:\/\/lulaisg.com.tr\/wp-content\/uploads\/2022\/12\/pera_logo_yatay_4@4x.png","width":1035,"height":441,"caption":"LULA ISG"},"image":{"@id":"https:\/\/lulaisg.com.tr\/#\/schema\/logo\/image\/"}}]}},"_links":{"self":[{"href":"https:\/\/lulaisg.com.tr\/index.php\/wp-json\/wp\/v2\/product\/81","targetHints":{"allow":["GET"]}}],"collection":[{"href":"https:\/\/lulaisg.com.tr\/index.php\/wp-json\/wp\/v2\/product"}],"about":[{"href":"https:\/\/lulaisg.com.tr\/index.php\/wp-json\/wp\/v2\/types\/product"}],"replies":[{"embeddable":true,"href":"https:\/\/lulaisg.com.tr\/index.php\/wp-json\/wp\/v2\/comments?post=81"}],"wp:featuredmedia":[{"embeddable":true,"href":"https:\/\/lulaisg.com.tr\/index.php\/wp-json\/wp\/v2\/media\/145"}],"wp:attachment":[{"href":"https:\/\/lulaisg.com.tr\/index.php\/wp-json\/wp\/v2\/media?parent=81"}],"wp:term":[{"taxonomy":"product_cat","embeddable":true,"href":"https:\/\/lulaisg.com.tr\/index.php\/wp-json\/wp\/v2\/product_cat?post=81"},{"taxonomy":"product_tag","embeddable":true,"href":"https:\/\/lulaisg.com.tr\/index.php\/wp-json\/wp\/v2\/product_tag?post=81"}],"curies":[{"name":"wp","href":"https:\/\/api.w.org\/{rel}","templated":true}]}}