{"id":75,"date":"2022-12-06T11:31:20","date_gmt":"2022-12-06T11:31:20","guid":{"rendered":"https:\/\/peraisguvenligi.com\/pera\/?post_type=product&#038;p=75"},"modified":"2022-12-12T10:36:29","modified_gmt":"2022-12-12T10:36:29","slug":"tegera-infinity-8805-eldiven","status":"publish","type":"product","link":"https:\/\/lulaisg.com.tr\/index.php\/urun\/tegera-infinity-8805-eldiven\/","title":{"rendered":"TEGERA INFINITY 8805 ELD\u0130VEN"},"content":{"rendered":"<p>B seviyesi, dokunmatik ekran fonksiyonlu, kesilmeye kar\u015f\u0131 dayan\u0131kl\u0131 eldiven.<br \/>\nCRF kesilmeye kar\u015f\u0131 dayan\u0131kl\u0131 teknoloji ile 18 gg \u00f6rg\u00fcs\u00fc sayesinde ultra hafiftir.<br \/>\n100\u00b0C&#8217;ye kadar temas \u0131s\u0131s\u0131na kar\u015f\u0131 koruma.<\/p>\n","protected":false},"excerpt":{"rendered":"<p>Derma-test ve Oeko-Tex sertifikas\u0131 ile cilt dostudur.<br \/>\nEN 407:2004<br \/>\nX1XXXX<br \/>\nEN 388:2016<br \/>\n4X41B<br \/>\nEN 420:2003+A1:2009<\/p>\n","protected":false},"featured_media":129,"comment_status":"closed","ping_status":"closed","template":"","meta":[],"product_cat":[15,16],"product_tag":[17,94,19,95],"class_list":{"0":"post-75","1":"product","2":"type-product","3":"status-publish","4":"has-post-thumbnail","6":"product_cat-genel","7":"product_cat-el-koruyucular","8":"product_tag-eldiven","9":"product_tag-isi","10":"product_tag-tegera","11":"product_tag-tegera8805","13":"first","14":"instock","15":"shipping-taxable","16":"product-type-simple"},"yoast_head":"<!-- This site is optimized with the Yoast SEO plugin v22.1 - https:\/\/yoast.com\/wordpress\/plugins\/seo\/ -->\n<title>TEGERA INFINITY 8805 ELD\u0130VEN - LULA ISG<\/title>\n<meta name=\"robots\" content=\"index, follow, max-snippet:-1, max-image-preview:large, max-video-preview:-1\" \/>\n<link rel=\"canonical\" href=\"https:\/\/lulaisg.com.tr\/index.php\/urun\/tegera-infinity-8805-eldiven\/\" \/>\n<meta property=\"og:locale\" content=\"tr_TR\" \/>\n<meta property=\"og:type\" content=\"article\" \/>\n<meta property=\"og:title\" content=\"TEGERA INFINITY 8805 ELD\u0130VEN - LULA ISG\" \/>\n<meta property=\"og:description\" content=\"Derma-test ve Oeko-Tex sertifikas\u0131 ile cilt dostudur. EN 407:2004 X1XXXX EN 388:2016 4X41B EN 420:2003+A1:2009\" \/>\n<meta property=\"og:url\" content=\"https:\/\/lulaisg.com.tr\/index.php\/urun\/tegera-infinity-8805-eldiven\/\" \/>\n<meta property=\"og:site_name\" content=\"LULA ISG\" \/>\n<meta property=\"article:modified_time\" content=\"2022-12-12T10:36:29+00:00\" \/>\n<meta property=\"og:image\" content=\"https:\/\/lulaisg.com.tr\/wp-content\/uploads\/2022\/12\/PI_8805.jpg\" \/>\n\t<meta property=\"og:image:width\" content=\"1457\" \/>\n\t<meta property=\"og:image:height\" content=\"1772\" \/>\n\t<meta property=\"og:image:type\" content=\"image\/jpeg\" \/>\n<meta name=\"twitter:card\" content=\"summary_large_image\" \/>\n<meta name=\"twitter:label1\" content=\"Tahmini okuma s\u00fcresi\" \/>\n\t<meta name=\"twitter:data1\" content=\"1 dakika\" \/>\n<script type=\"application\/ld+json\" class=\"yoast-schema-graph\">{\"@context\":\"https:\/\/schema.org\",\"@graph\":[{\"@type\":\"WebPage\",\"@id\":\"https:\/\/lulaisg.com.tr\/index.php\/urun\/tegera-infinity-8805-eldiven\/\",\"url\":\"https:\/\/lulaisg.com.tr\/index.php\/urun\/tegera-infinity-8805-eldiven\/\",\"name\":\"TEGERA INFINITY 8805 ELD\u0130VEN - LULA ISG\",\"isPartOf\":{\"@id\":\"https:\/\/lulaisg.com.tr\/#website\"},\"datePublished\":\"2022-12-06T11:31:20+00:00\",\"dateModified\":\"2022-12-12T10:36:29+00:00\",\"breadcrumb\":{\"@id\":\"https:\/\/lulaisg.com.tr\/index.php\/urun\/tegera-infinity-8805-eldiven\/#breadcrumb\"},\"inLanguage\":\"tr\",\"potentialAction\":[{\"@type\":\"ReadAction\",\"target\":[\"https:\/\/lulaisg.com.tr\/index.php\/urun\/tegera-infinity-8805-eldiven\/\"]}]},{\"@type\":\"BreadcrumbList\",\"@id\":\"https:\/\/lulaisg.com.tr\/index.php\/urun\/tegera-infinity-8805-eldiven\/#breadcrumb\",\"itemListElement\":[{\"@type\":\"ListItem\",\"position\":1,\"name\":\"Anasayfa\",\"item\":\"https:\/\/lulaisg.com.tr\/\"},{\"@type\":\"ListItem\",\"position\":2,\"name\":\"Ma\u011faza\",\"item\":\"https:\/\/lulaisg.com.tr\/index.php\/magaza\/\"},{\"@type\":\"ListItem\",\"position\":3,\"name\":\"TEGERA INFINITY 8805 ELD\u0130VEN\"}]},{\"@type\":\"WebSite\",\"@id\":\"https:\/\/lulaisg.com.tr\/#website\",\"url\":\"https:\/\/lulaisg.com.tr\/\",\"name\":\"LULA ISG\",\"description\":\"\",\"publisher\":{\"@id\":\"https:\/\/lulaisg.com.tr\/#organization\"},\"potentialAction\":[{\"@type\":\"SearchAction\",\"target\":{\"@type\":\"EntryPoint\",\"urlTemplate\":\"https:\/\/lulaisg.com.tr\/?s={search_term_string}\"},\"query-input\":\"required name=search_term_string\"}],\"inLanguage\":\"tr\"},{\"@type\":\"Organization\",\"@id\":\"https:\/\/lulaisg.com.tr\/#organization\",\"name\":\"LULA ISG\",\"url\":\"https:\/\/lulaisg.com.tr\/\",\"logo\":{\"@type\":\"ImageObject\",\"inLanguage\":\"tr\",\"@id\":\"https:\/\/lulaisg.com.tr\/#\/schema\/logo\/image\/\",\"url\":\"https:\/\/lulaisg.com.tr\/wp-content\/uploads\/2022\/12\/pera_logo_yatay_4@4x.png\",\"contentUrl\":\"https:\/\/lulaisg.com.tr\/wp-content\/uploads\/2022\/12\/pera_logo_yatay_4@4x.png\",\"width\":1035,\"height\":441,\"caption\":\"LULA ISG\"},\"image\":{\"@id\":\"https:\/\/lulaisg.com.tr\/#\/schema\/logo\/image\/\"}}]}<\/script>\n<!-- \/ Yoast SEO plugin. -->","yoast_head_json":{"title":"TEGERA INFINITY 8805 ELD\u0130VEN - LULA ISG","robots":{"index":"index","follow":"follow","max-snippet":"max-snippet:-1","max-image-preview":"max-image-preview:large","max-video-preview":"max-video-preview:-1"},"canonical":"https:\/\/lulaisg.com.tr\/index.php\/urun\/tegera-infinity-8805-eldiven\/","og_locale":"tr_TR","og_type":"article","og_title":"TEGERA INFINITY 8805 ELD\u0130VEN - LULA ISG","og_description":"Derma-test ve Oeko-Tex sertifikas\u0131 ile cilt dostudur. EN 407:2004 X1XXXX EN 388:2016 4X41B EN 420:2003+A1:2009","og_url":"https:\/\/lulaisg.com.tr\/index.php\/urun\/tegera-infinity-8805-eldiven\/","og_site_name":"LULA ISG","article_modified_time":"2022-12-12T10:36:29+00:00","og_image":[{"width":1457,"height":1772,"url":"https:\/\/lulaisg.com.tr\/wp-content\/uploads\/2022\/12\/PI_8805.jpg","type":"image\/jpeg"}],"twitter_card":"summary_large_image","twitter_misc":{"Tahmini okuma s\u00fcresi":"1 dakika"},"schema":{"@context":"https:\/\/schema.org","@graph":[{"@type":"WebPage","@id":"https:\/\/lulaisg.com.tr\/index.php\/urun\/tegera-infinity-8805-eldiven\/","url":"https:\/\/lulaisg.com.tr\/index.php\/urun\/tegera-infinity-8805-eldiven\/","name":"TEGERA INFINITY 8805 ELD\u0130VEN - LULA ISG","isPartOf":{"@id":"https:\/\/lulaisg.com.tr\/#website"},"datePublished":"2022-12-06T11:31:20+00:00","dateModified":"2022-12-12T10:36:29+00:00","breadcrumb":{"@id":"https:\/\/lulaisg.com.tr\/index.php\/urun\/tegera-infinity-8805-eldiven\/#breadcrumb"},"inLanguage":"tr","potentialAction":[{"@type":"ReadAction","target":["https:\/\/lulaisg.com.tr\/index.php\/urun\/tegera-infinity-8805-eldiven\/"]}]},{"@type":"BreadcrumbList","@id":"https:\/\/lulaisg.com.tr\/index.php\/urun\/tegera-infinity-8805-eldiven\/#breadcrumb","itemListElement":[{"@type":"ListItem","position":1,"name":"Anasayfa","item":"https:\/\/lulaisg.com.tr\/"},{"@type":"ListItem","position":2,"name":"Ma\u011faza","item":"https:\/\/lulaisg.com.tr\/index.php\/magaza\/"},{"@type":"ListItem","position":3,"name":"TEGERA INFINITY 8805 ELD\u0130VEN"}]},{"@type":"WebSite","@id":"https:\/\/lulaisg.com.tr\/#website","url":"https:\/\/lulaisg.com.tr\/","name":"LULA ISG","description":"","publisher":{"@id":"https:\/\/lulaisg.com.tr\/#organization"},"potentialAction":[{"@type":"SearchAction","target":{"@type":"EntryPoint","urlTemplate":"https:\/\/lulaisg.com.tr\/?s={search_term_string}"},"query-input":"required name=search_term_string"}],"inLanguage":"tr"},{"@type":"Organization","@id":"https:\/\/lulaisg.com.tr\/#organization","name":"LULA ISG","url":"https:\/\/lulaisg.com.tr\/","logo":{"@type":"ImageObject","inLanguage":"tr","@id":"https:\/\/lulaisg.com.tr\/#\/schema\/logo\/image\/","url":"https:\/\/lulaisg.com.tr\/wp-content\/uploads\/2022\/12\/pera_logo_yatay_4@4x.png","contentUrl":"https:\/\/lulaisg.com.tr\/wp-content\/uploads\/2022\/12\/pera_logo_yatay_4@4x.png","width":1035,"height":441,"caption":"LULA ISG"},"image":{"@id":"https:\/\/lulaisg.com.tr\/#\/schema\/logo\/image\/"}}]}},"_links":{"self":[{"href":"https:\/\/lulaisg.com.tr\/index.php\/wp-json\/wp\/v2\/product\/75","targetHints":{"allow":["GET"]}}],"collection":[{"href":"https:\/\/lulaisg.com.tr\/index.php\/wp-json\/wp\/v2\/product"}],"about":[{"href":"https:\/\/lulaisg.com.tr\/index.php\/wp-json\/wp\/v2\/types\/product"}],"replies":[{"embeddable":true,"href":"https:\/\/lulaisg.com.tr\/index.php\/wp-json\/wp\/v2\/comments?post=75"}],"wp:featuredmedia":[{"embeddable":true,"href":"https:\/\/lulaisg.com.tr\/index.php\/wp-json\/wp\/v2\/media\/129"}],"wp:attachment":[{"href":"https:\/\/lulaisg.com.tr\/index.php\/wp-json\/wp\/v2\/media?parent=75"}],"wp:term":[{"taxonomy":"product_cat","embeddable":true,"href":"https:\/\/lulaisg.com.tr\/index.php\/wp-json\/wp\/v2\/product_cat?post=75"},{"taxonomy":"product_tag","embeddable":true,"href":"https:\/\/lulaisg.com.tr\/index.php\/wp-json\/wp\/v2\/product_tag?post=75"}],"curies":[{"name":"wp","href":"https:\/\/api.w.org\/{rel}","templated":true}]}}