{"id":42,"date":"2022-12-06T11:30:54","date_gmt":"2022-12-06T11:30:54","guid":{"rendered":"https:\/\/peraisguvenligi.com\/pera\/?post_type=product&#038;p=42"},"modified":"2022-12-06T11:31:36","modified_gmt":"2022-12-06T11:31:36","slug":"drager-x-plore-3500-yarim-yuz-maskesi","status":"publish","type":"product","link":"https:\/\/lulaisg.com.tr\/index.php\/urun\/drager-x-plore-3500-yarim-yuz-maskesi\/","title":{"rendered":"DRAGER X-PLORE 3500 YARIM Y\u00dcZ MASKES\u0130"},"content":{"rendered":"<p>Drager X-plore 3500 Serisi Yar\u0131m Y\u00fcz Gaz Maskeleri, genel end\u00fcstride kimyasallar\u0131n \u00e7\u0131kartm\u0131\u015f oldu\u011fu gaz ve buharlara kar\u015f\u0131 etkin koruma sa\u011flamaktad\u0131r.<br \/>\n3500 Yar\u0131m Y\u00fcz Gaz Maskesi, en a\u011f\u0131r kullan\u0131m ko\u015fullar\u0131nda bile uzun s\u00fcre kullan\u0131larak maliyet avantaj\u0131 sa\u011flar.<\/p>\n","protected":false},"excerpt":{"rendered":"<p>A\u015fa\u011f\u0131 a\u00e7\u0131l\u0131r kay\u0131\u015f sistemi, baret, kulakl\u0131k ve g\u00f6zl\u00fckten ba\u011f\u0131ms\u0131z olarak maskeyi \u00e7\u0131karman\u0131z\u0131 sa\u011flar.<br \/>\nEN 140 Yar\u0131m Y\u00fcz Gaz Maskesi standard\u0131na sahiptir.<\/p>\n","protected":false},"featured_media":94,"comment_status":"closed","ping_status":"closed","template":"","meta":[],"product_cat":[15,73],"product_tag":[75,76,79],"class_list":{"0":"post-42","1":"product","2":"type-product","3":"status-publish","4":"has-post-thumbnail","6":"product_cat-genel","7":"product_cat-solunum-koruyucular","8":"product_tag-drager","9":"product_tag-maske","10":"product_tag-yarimyuz","12":"first","13":"instock","14":"shipping-taxable","15":"product-type-simple"},"yoast_head":"<!-- This site is optimized with the Yoast SEO plugin v22.1 - https:\/\/yoast.com\/wordpress\/plugins\/seo\/ -->\n<title>DRAGER X-PLORE 3500 YARIM Y\u00dcZ MASKES\u0130 - LULA ISG<\/title>\n<meta name=\"robots\" content=\"index, follow, max-snippet:-1, max-image-preview:large, max-video-preview:-1\" \/>\n<link rel=\"canonical\" href=\"https:\/\/lulaisg.com.tr\/index.php\/urun\/drager-x-plore-3500-yarim-yuz-maskesi\/\" \/>\n<meta property=\"og:locale\" content=\"tr_TR\" \/>\n<meta property=\"og:type\" content=\"article\" \/>\n<meta property=\"og:title\" content=\"DRAGER X-PLORE 3500 YARIM Y\u00dcZ MASKES\u0130 - LULA ISG\" \/>\n<meta property=\"og:description\" content=\"A\u015fa\u011f\u0131 a\u00e7\u0131l\u0131r kay\u0131\u015f sistemi, baret, kulakl\u0131k ve g\u00f6zl\u00fckten ba\u011f\u0131ms\u0131z olarak maskeyi \u00e7\u0131karman\u0131z\u0131 sa\u011flar. EN 140 Yar\u0131m Y\u00fcz Gaz Maskesi standard\u0131na sahiptir.\" \/>\n<meta property=\"og:url\" content=\"https:\/\/lulaisg.com.tr\/index.php\/urun\/drager-x-plore-3500-yarim-yuz-maskesi\/\" \/>\n<meta property=\"og:site_name\" content=\"LULA ISG\" \/>\n<meta property=\"article:modified_time\" content=\"2022-12-06T11:31:36+00:00\" \/>\n<meta property=\"og:image\" content=\"https:\/\/lulaisg.com.tr\/wp-content\/uploads\/2022\/12\/110000025633291.jpg\" \/>\n\t<meta property=\"og:image:width\" content=\"375\" \/>\n\t<meta property=\"og:image:height\" content=\"375\" \/>\n\t<meta property=\"og:image:type\" content=\"image\/jpeg\" \/>\n<meta name=\"twitter:card\" content=\"summary_large_image\" \/>\n<script type=\"application\/ld+json\" class=\"yoast-schema-graph\">{\"@context\":\"https:\/\/schema.org\",\"@graph\":[{\"@type\":\"WebPage\",\"@id\":\"https:\/\/lulaisg.com.tr\/index.php\/urun\/drager-x-plore-3500-yarim-yuz-maskesi\/\",\"url\":\"https:\/\/lulaisg.com.tr\/index.php\/urun\/drager-x-plore-3500-yarim-yuz-maskesi\/\",\"name\":\"DRAGER X-PLORE 3500 YARIM Y\u00dcZ MASKES\u0130 - LULA ISG\",\"isPartOf\":{\"@id\":\"https:\/\/lulaisg.com.tr\/#website\"},\"datePublished\":\"2022-12-06T11:30:54+00:00\",\"dateModified\":\"2022-12-06T11:31:36+00:00\",\"breadcrumb\":{\"@id\":\"https:\/\/lulaisg.com.tr\/index.php\/urun\/drager-x-plore-3500-yarim-yuz-maskesi\/#breadcrumb\"},\"inLanguage\":\"tr\",\"potentialAction\":[{\"@type\":\"ReadAction\",\"target\":[\"https:\/\/lulaisg.com.tr\/index.php\/urun\/drager-x-plore-3500-yarim-yuz-maskesi\/\"]}]},{\"@type\":\"BreadcrumbList\",\"@id\":\"https:\/\/lulaisg.com.tr\/index.php\/urun\/drager-x-plore-3500-yarim-yuz-maskesi\/#breadcrumb\",\"itemListElement\":[{\"@type\":\"ListItem\",\"position\":1,\"name\":\"Anasayfa\",\"item\":\"https:\/\/lulaisg.com.tr\/\"},{\"@type\":\"ListItem\",\"position\":2,\"name\":\"Ma\u011faza\",\"item\":\"https:\/\/lulaisg.com.tr\/index.php\/magaza\/\"},{\"@type\":\"ListItem\",\"position\":3,\"name\":\"DRAGER X-PLORE 3500 YARIM Y\u00dcZ MASKES\u0130\"}]},{\"@type\":\"WebSite\",\"@id\":\"https:\/\/lulaisg.com.tr\/#website\",\"url\":\"https:\/\/lulaisg.com.tr\/\",\"name\":\"LULA ISG\",\"description\":\"\",\"publisher\":{\"@id\":\"https:\/\/lulaisg.com.tr\/#organization\"},\"potentialAction\":[{\"@type\":\"SearchAction\",\"target\":{\"@type\":\"EntryPoint\",\"urlTemplate\":\"https:\/\/lulaisg.com.tr\/?s={search_term_string}\"},\"query-input\":\"required name=search_term_string\"}],\"inLanguage\":\"tr\"},{\"@type\":\"Organization\",\"@id\":\"https:\/\/lulaisg.com.tr\/#organization\",\"name\":\"LULA ISG\",\"url\":\"https:\/\/lulaisg.com.tr\/\",\"logo\":{\"@type\":\"ImageObject\",\"inLanguage\":\"tr\",\"@id\":\"https:\/\/lulaisg.com.tr\/#\/schema\/logo\/image\/\",\"url\":\"https:\/\/lulaisg.com.tr\/wp-content\/uploads\/2022\/12\/pera_logo_yatay_4@4x.png\",\"contentUrl\":\"https:\/\/lulaisg.com.tr\/wp-content\/uploads\/2022\/12\/pera_logo_yatay_4@4x.png\",\"width\":1035,\"height\":441,\"caption\":\"LULA ISG\"},\"image\":{\"@id\":\"https:\/\/lulaisg.com.tr\/#\/schema\/logo\/image\/\"}}]}<\/script>\n<!-- \/ Yoast SEO plugin. -->","yoast_head_json":{"title":"DRAGER X-PLORE 3500 YARIM Y\u00dcZ MASKES\u0130 - LULA ISG","robots":{"index":"index","follow":"follow","max-snippet":"max-snippet:-1","max-image-preview":"max-image-preview:large","max-video-preview":"max-video-preview:-1"},"canonical":"https:\/\/lulaisg.com.tr\/index.php\/urun\/drager-x-plore-3500-yarim-yuz-maskesi\/","og_locale":"tr_TR","og_type":"article","og_title":"DRAGER X-PLORE 3500 YARIM Y\u00dcZ MASKES\u0130 - LULA ISG","og_description":"A\u015fa\u011f\u0131 a\u00e7\u0131l\u0131r kay\u0131\u015f sistemi, baret, kulakl\u0131k ve g\u00f6zl\u00fckten ba\u011f\u0131ms\u0131z olarak maskeyi \u00e7\u0131karman\u0131z\u0131 sa\u011flar. EN 140 Yar\u0131m Y\u00fcz Gaz Maskesi standard\u0131na sahiptir.","og_url":"https:\/\/lulaisg.com.tr\/index.php\/urun\/drager-x-plore-3500-yarim-yuz-maskesi\/","og_site_name":"LULA ISG","article_modified_time":"2022-12-06T11:31:36+00:00","og_image":[{"width":375,"height":375,"url":"https:\/\/lulaisg.com.tr\/wp-content\/uploads\/2022\/12\/110000025633291.jpg","type":"image\/jpeg"}],"twitter_card":"summary_large_image","schema":{"@context":"https:\/\/schema.org","@graph":[{"@type":"WebPage","@id":"https:\/\/lulaisg.com.tr\/index.php\/urun\/drager-x-plore-3500-yarim-yuz-maskesi\/","url":"https:\/\/lulaisg.com.tr\/index.php\/urun\/drager-x-plore-3500-yarim-yuz-maskesi\/","name":"DRAGER X-PLORE 3500 YARIM Y\u00dcZ MASKES\u0130 - LULA ISG","isPartOf":{"@id":"https:\/\/lulaisg.com.tr\/#website"},"datePublished":"2022-12-06T11:30:54+00:00","dateModified":"2022-12-06T11:31:36+00:00","breadcrumb":{"@id":"https:\/\/lulaisg.com.tr\/index.php\/urun\/drager-x-plore-3500-yarim-yuz-maskesi\/#breadcrumb"},"inLanguage":"tr","potentialAction":[{"@type":"ReadAction","target":["https:\/\/lulaisg.com.tr\/index.php\/urun\/drager-x-plore-3500-yarim-yuz-maskesi\/"]}]},{"@type":"BreadcrumbList","@id":"https:\/\/lulaisg.com.tr\/index.php\/urun\/drager-x-plore-3500-yarim-yuz-maskesi\/#breadcrumb","itemListElement":[{"@type":"ListItem","position":1,"name":"Anasayfa","item":"https:\/\/lulaisg.com.tr\/"},{"@type":"ListItem","position":2,"name":"Ma\u011faza","item":"https:\/\/lulaisg.com.tr\/index.php\/magaza\/"},{"@type":"ListItem","position":3,"name":"DRAGER X-PLORE 3500 YARIM Y\u00dcZ MASKES\u0130"}]},{"@type":"WebSite","@id":"https:\/\/lulaisg.com.tr\/#website","url":"https:\/\/lulaisg.com.tr\/","name":"LULA ISG","description":"","publisher":{"@id":"https:\/\/lulaisg.com.tr\/#organization"},"potentialAction":[{"@type":"SearchAction","target":{"@type":"EntryPoint","urlTemplate":"https:\/\/lulaisg.com.tr\/?s={search_term_string}"},"query-input":"required name=search_term_string"}],"inLanguage":"tr"},{"@type":"Organization","@id":"https:\/\/lulaisg.com.tr\/#organization","name":"LULA ISG","url":"https:\/\/lulaisg.com.tr\/","logo":{"@type":"ImageObject","inLanguage":"tr","@id":"https:\/\/lulaisg.com.tr\/#\/schema\/logo\/image\/","url":"https:\/\/lulaisg.com.tr\/wp-content\/uploads\/2022\/12\/pera_logo_yatay_4@4x.png","contentUrl":"https:\/\/lulaisg.com.tr\/wp-content\/uploads\/2022\/12\/pera_logo_yatay_4@4x.png","width":1035,"height":441,"caption":"LULA ISG"},"image":{"@id":"https:\/\/lulaisg.com.tr\/#\/schema\/logo\/image\/"}}]}},"_links":{"self":[{"href":"https:\/\/lulaisg.com.tr\/index.php\/wp-json\/wp\/v2\/product\/42","targetHints":{"allow":["GET"]}}],"collection":[{"href":"https:\/\/lulaisg.com.tr\/index.php\/wp-json\/wp\/v2\/product"}],"about":[{"href":"https:\/\/lulaisg.com.tr\/index.php\/wp-json\/wp\/v2\/types\/product"}],"replies":[{"embeddable":true,"href":"https:\/\/lulaisg.com.tr\/index.php\/wp-json\/wp\/v2\/comments?post=42"}],"wp:featuredmedia":[{"embeddable":true,"href":"https:\/\/lulaisg.com.tr\/index.php\/wp-json\/wp\/v2\/media\/94"}],"wp:attachment":[{"href":"https:\/\/lulaisg.com.tr\/index.php\/wp-json\/wp\/v2\/media?parent=42"}],"wp:term":[{"taxonomy":"product_cat","embeddable":true,"href":"https:\/\/lulaisg.com.tr\/index.php\/wp-json\/wp\/v2\/product_cat?post=42"},{"taxonomy":"product_tag","embeddable":true,"href":"https:\/\/lulaisg.com.tr\/index.php\/wp-json\/wp\/v2\/product_tag?post=42"}],"curies":[{"name":"wp","href":"https:\/\/api.w.org\/{rel}","templated":true}]}}