{"id":2186,"date":"2023-01-18T08:01:47","date_gmt":"2023-01-18T08:01:47","guid":{"rendered":"https:\/\/peraisguvenligi.com\/?post_type=product&#038;p=2186"},"modified":"2023-01-18T08:01:50","modified_gmt":"2023-01-18T08:01:50","slug":"dubali-uyari-dikmesi-kalin","status":"publish","type":"product","link":"https:\/\/lulaisg.com.tr\/index.php\/urun\/dubali-uyari-dikmesi-kalin\/","title":{"rendered":"DUBALI UYARI D\u0130KMES\u0130 KALIN"},"content":{"rendered":"<p>Malzeme: PPC, HDPE<br \/>\nAlt \u00c7ap: 44 cm<br \/>\nTaban Tipi: Sekiz K\u00f6\u015fe , M\u0131c\u0131r<br \/>\nDikme \u00c7ap\u0131: 12 cm<br \/>\nY\u00fckseklik: 120 cm<br \/>\nA\u011f\u0131rl\u0131k: 10000 gr+1000gr<br \/>\nReflektif: PET Reflektif<br \/>\nMontaj: Ta\u015f\u0131nabilir<\/p>\n","protected":false},"excerpt":{"rendered":"<p>Kullan\u0131m Alanlar\u0131: Aparat gerektirmeden y\u00f6nlendirici, uyar\u0131c\u0131 tabelalar tak\u0131labilir. Yol \u00e7al\u0131\u015fmalar\u0131nda, \u00e7al\u0131\u015fma alan\u0131 belirlemede ve benzeri ihtiya\u00e7larda g\u00fcvenlik ama\u00e7l\u0131 kullan\u0131l\u0131r.<\/p>\n","protected":false},"featured_media":2187,"comment_status":"open","ping_status":"closed","template":"","meta":[],"product_cat":[15,139],"product_tag":[430,429,431,432,420],"class_list":{"0":"post-2186","1":"product","2":"type-product","3":"status-publish","4":"has-post-thumbnail","6":"product_cat-genel","7":"product_cat-trafik-ekipmanlari","8":"product_tag-dikme","9":"product_tag-duba","10":"product_tag-kalin","11":"product_tag-reflektif","12":"product_tag-yol","14":"first","15":"instock","16":"shipping-taxable","17":"product-type-simple"},"yoast_head":"<!-- This site is optimized with the Yoast SEO plugin v22.1 - https:\/\/yoast.com\/wordpress\/plugins\/seo\/ -->\n<title>DUBALI UYARI D\u0130KMES\u0130 KALIN - LULA ISG<\/title>\n<meta name=\"description\" content=\"Kullan\u0131m Alanlar\u0131: Yol \u00e7al\u0131\u015fmalar\u0131nda, \u00e7al\u0131\u015fma alan\u0131 belirlemede ve benzeri ihtiya\u00e7larda g\u00fcvenlik ama\u00e7l\u0131 kullan\u0131l\u0131r. Montaj: Ta\u015f\u0131nabilir.\" \/>\n<meta name=\"robots\" content=\"index, follow, max-snippet:-1, max-image-preview:large, max-video-preview:-1\" \/>\n<link rel=\"canonical\" href=\"https:\/\/lulaisg.com.tr\/index.php\/urun\/dubali-uyari-dikmesi-kalin\/\" \/>\n<meta property=\"og:locale\" content=\"tr_TR\" \/>\n<meta property=\"og:type\" content=\"article\" \/>\n<meta property=\"og:title\" content=\"DUBALI UYARI D\u0130KMES\u0130 KALIN - LULA ISG\" \/>\n<meta property=\"og:description\" content=\"Kullan\u0131m Alanlar\u0131: Yol \u00e7al\u0131\u015fmalar\u0131nda, \u00e7al\u0131\u015fma alan\u0131 belirlemede ve benzeri ihtiya\u00e7larda g\u00fcvenlik ama\u00e7l\u0131 kullan\u0131l\u0131r. Montaj: Ta\u015f\u0131nabilir.\" \/>\n<meta property=\"og:url\" content=\"https:\/\/lulaisg.com.tr\/index.php\/urun\/dubali-uyari-dikmesi-kalin\/\" \/>\n<meta property=\"og:site_name\" content=\"LULA ISG\" \/>\n<meta property=\"article:modified_time\" content=\"2023-01-18T08:01:50+00:00\" \/>\n<meta property=\"og:image\" content=\"https:\/\/lulaisg.com.tr\/wp-content\/uploads\/2023\/01\/DUBALI-UYARI-DIKMESI-KALIN.png\" \/>\n\t<meta property=\"og:image:width\" content=\"1500\" \/>\n\t<meta property=\"og:image:height\" content=\"1500\" \/>\n\t<meta property=\"og:image:type\" content=\"image\/png\" \/>\n<meta name=\"twitter:card\" content=\"summary_large_image\" \/>\n<meta name=\"twitter:label1\" content=\"Tahmini okuma s\u00fcresi\" \/>\n\t<meta name=\"twitter:data1\" content=\"1 dakika\" \/>\n<script type=\"application\/ld+json\" class=\"yoast-schema-graph\">{\"@context\":\"https:\/\/schema.org\",\"@graph\":[{\"@type\":\"WebPage\",\"@id\":\"https:\/\/lulaisg.com.tr\/index.php\/urun\/dubali-uyari-dikmesi-kalin\/\",\"url\":\"https:\/\/lulaisg.com.tr\/index.php\/urun\/dubali-uyari-dikmesi-kalin\/\",\"name\":\"DUBALI UYARI D\u0130KMES\u0130 KALIN - LULA ISG\",\"isPartOf\":{\"@id\":\"https:\/\/lulaisg.com.tr\/#website\"},\"datePublished\":\"2023-01-18T08:01:47+00:00\",\"dateModified\":\"2023-01-18T08:01:50+00:00\",\"description\":\"Kullan\u0131m Alanlar\u0131: Yol \u00e7al\u0131\u015fmalar\u0131nda, \u00e7al\u0131\u015fma alan\u0131 belirlemede ve benzeri ihtiya\u00e7larda g\u00fcvenlik ama\u00e7l\u0131 kullan\u0131l\u0131r. Montaj: Ta\u015f\u0131nabilir.\",\"breadcrumb\":{\"@id\":\"https:\/\/lulaisg.com.tr\/index.php\/urun\/dubali-uyari-dikmesi-kalin\/#breadcrumb\"},\"inLanguage\":\"tr\",\"potentialAction\":[{\"@type\":\"ReadAction\",\"target\":[\"https:\/\/lulaisg.com.tr\/index.php\/urun\/dubali-uyari-dikmesi-kalin\/\"]}]},{\"@type\":\"BreadcrumbList\",\"@id\":\"https:\/\/lulaisg.com.tr\/index.php\/urun\/dubali-uyari-dikmesi-kalin\/#breadcrumb\",\"itemListElement\":[{\"@type\":\"ListItem\",\"position\":1,\"name\":\"Anasayfa\",\"item\":\"https:\/\/lulaisg.com.tr\/\"},{\"@type\":\"ListItem\",\"position\":2,\"name\":\"Ma\u011faza\",\"item\":\"https:\/\/lulaisg.com.tr\/index.php\/magaza\/\"},{\"@type\":\"ListItem\",\"position\":3,\"name\":\"DUBALI UYARI D\u0130KMES\u0130 KALIN\"}]},{\"@type\":\"WebSite\",\"@id\":\"https:\/\/lulaisg.com.tr\/#website\",\"url\":\"https:\/\/lulaisg.com.tr\/\",\"name\":\"LULA ISG\",\"description\":\"\",\"publisher\":{\"@id\":\"https:\/\/lulaisg.com.tr\/#organization\"},\"potentialAction\":[{\"@type\":\"SearchAction\",\"target\":{\"@type\":\"EntryPoint\",\"urlTemplate\":\"https:\/\/lulaisg.com.tr\/?s={search_term_string}\"},\"query-input\":\"required name=search_term_string\"}],\"inLanguage\":\"tr\"},{\"@type\":\"Organization\",\"@id\":\"https:\/\/lulaisg.com.tr\/#organization\",\"name\":\"LULA ISG\",\"url\":\"https:\/\/lulaisg.com.tr\/\",\"logo\":{\"@type\":\"ImageObject\",\"inLanguage\":\"tr\",\"@id\":\"https:\/\/lulaisg.com.tr\/#\/schema\/logo\/image\/\",\"url\":\"https:\/\/lulaisg.com.tr\/wp-content\/uploads\/2022\/12\/pera_logo_yatay_4@4x.png\",\"contentUrl\":\"https:\/\/lulaisg.com.tr\/wp-content\/uploads\/2022\/12\/pera_logo_yatay_4@4x.png\",\"width\":1035,\"height\":441,\"caption\":\"LULA ISG\"},\"image\":{\"@id\":\"https:\/\/lulaisg.com.tr\/#\/schema\/logo\/image\/\"}}]}<\/script>\n<!-- \/ Yoast SEO plugin. -->","yoast_head_json":{"title":"DUBALI UYARI D\u0130KMES\u0130 KALIN - LULA ISG","description":"Kullan\u0131m Alanlar\u0131: Yol \u00e7al\u0131\u015fmalar\u0131nda, \u00e7al\u0131\u015fma alan\u0131 belirlemede ve benzeri ihtiya\u00e7larda g\u00fcvenlik ama\u00e7l\u0131 kullan\u0131l\u0131r. Montaj: Ta\u015f\u0131nabilir.","robots":{"index":"index","follow":"follow","max-snippet":"max-snippet:-1","max-image-preview":"max-image-preview:large","max-video-preview":"max-video-preview:-1"},"canonical":"https:\/\/lulaisg.com.tr\/index.php\/urun\/dubali-uyari-dikmesi-kalin\/","og_locale":"tr_TR","og_type":"article","og_title":"DUBALI UYARI D\u0130KMES\u0130 KALIN - LULA ISG","og_description":"Kullan\u0131m Alanlar\u0131: Yol \u00e7al\u0131\u015fmalar\u0131nda, \u00e7al\u0131\u015fma alan\u0131 belirlemede ve benzeri ihtiya\u00e7larda g\u00fcvenlik ama\u00e7l\u0131 kullan\u0131l\u0131r. Montaj: Ta\u015f\u0131nabilir.","og_url":"https:\/\/lulaisg.com.tr\/index.php\/urun\/dubali-uyari-dikmesi-kalin\/","og_site_name":"LULA ISG","article_modified_time":"2023-01-18T08:01:50+00:00","og_image":[{"width":1500,"height":1500,"url":"https:\/\/lulaisg.com.tr\/wp-content\/uploads\/2023\/01\/DUBALI-UYARI-DIKMESI-KALIN.png","type":"image\/png"}],"twitter_card":"summary_large_image","twitter_misc":{"Tahmini okuma s\u00fcresi":"1 dakika"},"schema":{"@context":"https:\/\/schema.org","@graph":[{"@type":"WebPage","@id":"https:\/\/lulaisg.com.tr\/index.php\/urun\/dubali-uyari-dikmesi-kalin\/","url":"https:\/\/lulaisg.com.tr\/index.php\/urun\/dubali-uyari-dikmesi-kalin\/","name":"DUBALI UYARI D\u0130KMES\u0130 KALIN - LULA ISG","isPartOf":{"@id":"https:\/\/lulaisg.com.tr\/#website"},"datePublished":"2023-01-18T08:01:47+00:00","dateModified":"2023-01-18T08:01:50+00:00","description":"Kullan\u0131m Alanlar\u0131: Yol \u00e7al\u0131\u015fmalar\u0131nda, \u00e7al\u0131\u015fma alan\u0131 belirlemede ve benzeri ihtiya\u00e7larda g\u00fcvenlik ama\u00e7l\u0131 kullan\u0131l\u0131r. Montaj: Ta\u015f\u0131nabilir.","breadcrumb":{"@id":"https:\/\/lulaisg.com.tr\/index.php\/urun\/dubali-uyari-dikmesi-kalin\/#breadcrumb"},"inLanguage":"tr","potentialAction":[{"@type":"ReadAction","target":["https:\/\/lulaisg.com.tr\/index.php\/urun\/dubali-uyari-dikmesi-kalin\/"]}]},{"@type":"BreadcrumbList","@id":"https:\/\/lulaisg.com.tr\/index.php\/urun\/dubali-uyari-dikmesi-kalin\/#breadcrumb","itemListElement":[{"@type":"ListItem","position":1,"name":"Anasayfa","item":"https:\/\/lulaisg.com.tr\/"},{"@type":"ListItem","position":2,"name":"Ma\u011faza","item":"https:\/\/lulaisg.com.tr\/index.php\/magaza\/"},{"@type":"ListItem","position":3,"name":"DUBALI UYARI D\u0130KMES\u0130 KALIN"}]},{"@type":"WebSite","@id":"https:\/\/lulaisg.com.tr\/#website","url":"https:\/\/lulaisg.com.tr\/","name":"LULA ISG","description":"","publisher":{"@id":"https:\/\/lulaisg.com.tr\/#organization"},"potentialAction":[{"@type":"SearchAction","target":{"@type":"EntryPoint","urlTemplate":"https:\/\/lulaisg.com.tr\/?s={search_term_string}"},"query-input":"required name=search_term_string"}],"inLanguage":"tr"},{"@type":"Organization","@id":"https:\/\/lulaisg.com.tr\/#organization","name":"LULA ISG","url":"https:\/\/lulaisg.com.tr\/","logo":{"@type":"ImageObject","inLanguage":"tr","@id":"https:\/\/lulaisg.com.tr\/#\/schema\/logo\/image\/","url":"https:\/\/lulaisg.com.tr\/wp-content\/uploads\/2022\/12\/pera_logo_yatay_4@4x.png","contentUrl":"https:\/\/lulaisg.com.tr\/wp-content\/uploads\/2022\/12\/pera_logo_yatay_4@4x.png","width":1035,"height":441,"caption":"LULA ISG"},"image":{"@id":"https:\/\/lulaisg.com.tr\/#\/schema\/logo\/image\/"}}]}},"_links":{"self":[{"href":"https:\/\/lulaisg.com.tr\/index.php\/wp-json\/wp\/v2\/product\/2186","targetHints":{"allow":["GET"]}}],"collection":[{"href":"https:\/\/lulaisg.com.tr\/index.php\/wp-json\/wp\/v2\/product"}],"about":[{"href":"https:\/\/lulaisg.com.tr\/index.php\/wp-json\/wp\/v2\/types\/product"}],"replies":[{"embeddable":true,"href":"https:\/\/lulaisg.com.tr\/index.php\/wp-json\/wp\/v2\/comments?post=2186"}],"wp:featuredmedia":[{"embeddable":true,"href":"https:\/\/lulaisg.com.tr\/index.php\/wp-json\/wp\/v2\/media\/2187"}],"wp:attachment":[{"href":"https:\/\/lulaisg.com.tr\/index.php\/wp-json\/wp\/v2\/media?parent=2186"}],"wp:term":[{"taxonomy":"product_cat","embeddable":true,"href":"https:\/\/lulaisg.com.tr\/index.php\/wp-json\/wp\/v2\/product_cat?post=2186"},{"taxonomy":"product_tag","embeddable":true,"href":"https:\/\/lulaisg.com.tr\/index.php\/wp-json\/wp\/v2\/product_tag?post=2186"}],"curies":[{"name":"wp","href":"https:\/\/api.w.org\/{rel}","templated":true}]}}