{"id":2143,"date":"2023-01-16T14:27:07","date_gmt":"2023-01-16T14:27:07","guid":{"rendered":"https:\/\/peraisguvenligi.com\/?post_type=product&#038;p=2143"},"modified":"2023-01-16T14:27:09","modified_gmt":"2023-01-16T14:27:09","slug":"solar-yol-butonu-sari","status":"publish","type":"product","link":"https:\/\/lulaisg.com.tr\/index.php\/urun\/solar-yol-butonu-sari\/","title":{"rendered":"SOLAR YOL BUTONU SARI"},"content":{"rendered":"<p>Malzeme: AL,PC<br \/>\nFla\u015f\u00f6r: 6 Led<br \/>\nGeni\u015flik: 12 cm<br \/>\nUzunluk: 15 cm<br \/>\nY\u00fckseklik: 2,8 cm<br \/>\nA\u011f\u0131rl\u0131k: 400 gr+20gr<br \/>\nMontaj: 2 d\u00fcbel,2 vida<\/p>\n","protected":false},"excerpt":{"rendered":"<p class=\"section_header\">Kullan\u0131m Alanlar\u0131: \u015eehir i\u00e7i yollarda, otopark, site, al\u0131\u015f veri\u015f merkezleri ve benzeri yerlerde g\u00fcvenli\u011fi sa\u011flamak amac\u0131yla h\u0131z s\u0131n\u0131r\u0131n\u0131 a\u015fmay\u0131 engeller. Ara\u00e7lara zarar vermez.<\/p>\n","protected":false},"featured_media":2144,"comment_status":"open","ping_status":"closed","template":"","meta":[],"product_cat":[15,139],"product_tag":[415,414,413],"class_list":{"0":"post-2143","1":"product","2":"type-product","3":"status-publish","4":"has-post-thumbnail","6":"product_cat-genel","7":"product_cat-trafik-ekipmanlari","8":"product_tag-sari","9":"product_tag-solar","10":"product_tag-yolbutonu","12":"first","13":"instock","14":"shipping-taxable","15":"product-type-simple"},"yoast_head":"<!-- This site is optimized with the Yoast SEO plugin v22.1 - https:\/\/yoast.com\/wordpress\/plugins\/seo\/ -->\n<title>SOLAR YOL BUTONU SARI - LULA ISG<\/title>\n<meta name=\"description\" content=\"\u015eehir i\u00e7i yollarda, otopark, site, al\u0131\u015f veri\u015f merkezleri ve benzeri yerlerde g\u00fcvenli\u011fi sa\u011flamak amac\u0131yla h\u0131z s\u0131n\u0131r\u0131n\u0131 a\u015fmay\u0131 engeller.\" \/>\n<meta name=\"robots\" content=\"index, follow, max-snippet:-1, max-image-preview:large, max-video-preview:-1\" \/>\n<link rel=\"canonical\" href=\"https:\/\/lulaisg.com.tr\/index.php\/urun\/solar-yol-butonu-sari\/\" \/>\n<meta property=\"og:locale\" content=\"tr_TR\" \/>\n<meta property=\"og:type\" content=\"article\" \/>\n<meta property=\"og:title\" content=\"SOLAR YOL BUTONU SARI - LULA ISG\" \/>\n<meta property=\"og:description\" content=\"\u015eehir i\u00e7i yollarda, otopark, site, al\u0131\u015f veri\u015f merkezleri ve benzeri yerlerde g\u00fcvenli\u011fi sa\u011flamak amac\u0131yla h\u0131z s\u0131n\u0131r\u0131n\u0131 a\u015fmay\u0131 engeller.\" \/>\n<meta property=\"og:url\" content=\"https:\/\/lulaisg.com.tr\/index.php\/urun\/solar-yol-butonu-sari\/\" \/>\n<meta property=\"og:site_name\" content=\"LULA ISG\" \/>\n<meta property=\"article:modified_time\" content=\"2023-01-16T14:27:09+00:00\" \/>\n<meta property=\"og:image\" content=\"https:\/\/lulaisg.com.tr\/wp-content\/uploads\/2023\/01\/SOLAR-YOL-BUTONU-SARI.png\" \/>\n\t<meta property=\"og:image:width\" content=\"1500\" \/>\n\t<meta property=\"og:image:height\" content=\"1500\" \/>\n\t<meta property=\"og:image:type\" content=\"image\/png\" \/>\n<meta name=\"twitter:card\" content=\"summary_large_image\" \/>\n<meta name=\"twitter:label1\" content=\"Tahmini okuma s\u00fcresi\" \/>\n\t<meta name=\"twitter:data1\" content=\"1 dakika\" \/>\n<script type=\"application\/ld+json\" class=\"yoast-schema-graph\">{\"@context\":\"https:\/\/schema.org\",\"@graph\":[{\"@type\":\"WebPage\",\"@id\":\"https:\/\/lulaisg.com.tr\/index.php\/urun\/solar-yol-butonu-sari\/\",\"url\":\"https:\/\/lulaisg.com.tr\/index.php\/urun\/solar-yol-butonu-sari\/\",\"name\":\"SOLAR YOL BUTONU SARI - LULA ISG\",\"isPartOf\":{\"@id\":\"https:\/\/lulaisg.com.tr\/#website\"},\"datePublished\":\"2023-01-16T14:27:07+00:00\",\"dateModified\":\"2023-01-16T14:27:09+00:00\",\"description\":\"\u015eehir i\u00e7i yollarda, otopark, site, al\u0131\u015f veri\u015f merkezleri ve benzeri yerlerde g\u00fcvenli\u011fi sa\u011flamak amac\u0131yla h\u0131z s\u0131n\u0131r\u0131n\u0131 a\u015fmay\u0131 engeller.\",\"breadcrumb\":{\"@id\":\"https:\/\/lulaisg.com.tr\/index.php\/urun\/solar-yol-butonu-sari\/#breadcrumb\"},\"inLanguage\":\"tr\",\"potentialAction\":[{\"@type\":\"ReadAction\",\"target\":[\"https:\/\/lulaisg.com.tr\/index.php\/urun\/solar-yol-butonu-sari\/\"]}]},{\"@type\":\"BreadcrumbList\",\"@id\":\"https:\/\/lulaisg.com.tr\/index.php\/urun\/solar-yol-butonu-sari\/#breadcrumb\",\"itemListElement\":[{\"@type\":\"ListItem\",\"position\":1,\"name\":\"Anasayfa\",\"item\":\"https:\/\/lulaisg.com.tr\/\"},{\"@type\":\"ListItem\",\"position\":2,\"name\":\"Ma\u011faza\",\"item\":\"https:\/\/lulaisg.com.tr\/index.php\/magaza\/\"},{\"@type\":\"ListItem\",\"position\":3,\"name\":\"SOLAR YOL BUTONU SARI\"}]},{\"@type\":\"WebSite\",\"@id\":\"https:\/\/lulaisg.com.tr\/#website\",\"url\":\"https:\/\/lulaisg.com.tr\/\",\"name\":\"LULA ISG\",\"description\":\"\",\"publisher\":{\"@id\":\"https:\/\/lulaisg.com.tr\/#organization\"},\"potentialAction\":[{\"@type\":\"SearchAction\",\"target\":{\"@type\":\"EntryPoint\",\"urlTemplate\":\"https:\/\/lulaisg.com.tr\/?s={search_term_string}\"},\"query-input\":\"required name=search_term_string\"}],\"inLanguage\":\"tr\"},{\"@type\":\"Organization\",\"@id\":\"https:\/\/lulaisg.com.tr\/#organization\",\"name\":\"LULA ISG\",\"url\":\"https:\/\/lulaisg.com.tr\/\",\"logo\":{\"@type\":\"ImageObject\",\"inLanguage\":\"tr\",\"@id\":\"https:\/\/lulaisg.com.tr\/#\/schema\/logo\/image\/\",\"url\":\"https:\/\/lulaisg.com.tr\/wp-content\/uploads\/2022\/12\/pera_logo_yatay_4@4x.png\",\"contentUrl\":\"https:\/\/lulaisg.com.tr\/wp-content\/uploads\/2022\/12\/pera_logo_yatay_4@4x.png\",\"width\":1035,\"height\":441,\"caption\":\"LULA ISG\"},\"image\":{\"@id\":\"https:\/\/lulaisg.com.tr\/#\/schema\/logo\/image\/\"}}]}<\/script>\n<!-- \/ Yoast SEO plugin. -->","yoast_head_json":{"title":"SOLAR YOL BUTONU SARI - LULA ISG","description":"\u015eehir i\u00e7i yollarda, otopark, site, al\u0131\u015f veri\u015f merkezleri ve benzeri yerlerde g\u00fcvenli\u011fi sa\u011flamak amac\u0131yla h\u0131z s\u0131n\u0131r\u0131n\u0131 a\u015fmay\u0131 engeller.","robots":{"index":"index","follow":"follow","max-snippet":"max-snippet:-1","max-image-preview":"max-image-preview:large","max-video-preview":"max-video-preview:-1"},"canonical":"https:\/\/lulaisg.com.tr\/index.php\/urun\/solar-yol-butonu-sari\/","og_locale":"tr_TR","og_type":"article","og_title":"SOLAR YOL BUTONU SARI - LULA ISG","og_description":"\u015eehir i\u00e7i yollarda, otopark, site, al\u0131\u015f veri\u015f merkezleri ve benzeri yerlerde g\u00fcvenli\u011fi sa\u011flamak amac\u0131yla h\u0131z s\u0131n\u0131r\u0131n\u0131 a\u015fmay\u0131 engeller.","og_url":"https:\/\/lulaisg.com.tr\/index.php\/urun\/solar-yol-butonu-sari\/","og_site_name":"LULA ISG","article_modified_time":"2023-01-16T14:27:09+00:00","og_image":[{"width":1500,"height":1500,"url":"https:\/\/lulaisg.com.tr\/wp-content\/uploads\/2023\/01\/SOLAR-YOL-BUTONU-SARI.png","type":"image\/png"}],"twitter_card":"summary_large_image","twitter_misc":{"Tahmini okuma s\u00fcresi":"1 dakika"},"schema":{"@context":"https:\/\/schema.org","@graph":[{"@type":"WebPage","@id":"https:\/\/lulaisg.com.tr\/index.php\/urun\/solar-yol-butonu-sari\/","url":"https:\/\/lulaisg.com.tr\/index.php\/urun\/solar-yol-butonu-sari\/","name":"SOLAR YOL BUTONU SARI - LULA ISG","isPartOf":{"@id":"https:\/\/lulaisg.com.tr\/#website"},"datePublished":"2023-01-16T14:27:07+00:00","dateModified":"2023-01-16T14:27:09+00:00","description":"\u015eehir i\u00e7i yollarda, otopark, site, al\u0131\u015f veri\u015f merkezleri ve benzeri yerlerde g\u00fcvenli\u011fi sa\u011flamak amac\u0131yla h\u0131z s\u0131n\u0131r\u0131n\u0131 a\u015fmay\u0131 engeller.","breadcrumb":{"@id":"https:\/\/lulaisg.com.tr\/index.php\/urun\/solar-yol-butonu-sari\/#breadcrumb"},"inLanguage":"tr","potentialAction":[{"@type":"ReadAction","target":["https:\/\/lulaisg.com.tr\/index.php\/urun\/solar-yol-butonu-sari\/"]}]},{"@type":"BreadcrumbList","@id":"https:\/\/lulaisg.com.tr\/index.php\/urun\/solar-yol-butonu-sari\/#breadcrumb","itemListElement":[{"@type":"ListItem","position":1,"name":"Anasayfa","item":"https:\/\/lulaisg.com.tr\/"},{"@type":"ListItem","position":2,"name":"Ma\u011faza","item":"https:\/\/lulaisg.com.tr\/index.php\/magaza\/"},{"@type":"ListItem","position":3,"name":"SOLAR YOL BUTONU SARI"}]},{"@type":"WebSite","@id":"https:\/\/lulaisg.com.tr\/#website","url":"https:\/\/lulaisg.com.tr\/","name":"LULA ISG","description":"","publisher":{"@id":"https:\/\/lulaisg.com.tr\/#organization"},"potentialAction":[{"@type":"SearchAction","target":{"@type":"EntryPoint","urlTemplate":"https:\/\/lulaisg.com.tr\/?s={search_term_string}"},"query-input":"required name=search_term_string"}],"inLanguage":"tr"},{"@type":"Organization","@id":"https:\/\/lulaisg.com.tr\/#organization","name":"LULA ISG","url":"https:\/\/lulaisg.com.tr\/","logo":{"@type":"ImageObject","inLanguage":"tr","@id":"https:\/\/lulaisg.com.tr\/#\/schema\/logo\/image\/","url":"https:\/\/lulaisg.com.tr\/wp-content\/uploads\/2022\/12\/pera_logo_yatay_4@4x.png","contentUrl":"https:\/\/lulaisg.com.tr\/wp-content\/uploads\/2022\/12\/pera_logo_yatay_4@4x.png","width":1035,"height":441,"caption":"LULA ISG"},"image":{"@id":"https:\/\/lulaisg.com.tr\/#\/schema\/logo\/image\/"}}]}},"_links":{"self":[{"href":"https:\/\/lulaisg.com.tr\/index.php\/wp-json\/wp\/v2\/product\/2143","targetHints":{"allow":["GET"]}}],"collection":[{"href":"https:\/\/lulaisg.com.tr\/index.php\/wp-json\/wp\/v2\/product"}],"about":[{"href":"https:\/\/lulaisg.com.tr\/index.php\/wp-json\/wp\/v2\/types\/product"}],"replies":[{"embeddable":true,"href":"https:\/\/lulaisg.com.tr\/index.php\/wp-json\/wp\/v2\/comments?post=2143"}],"wp:featuredmedia":[{"embeddable":true,"href":"https:\/\/lulaisg.com.tr\/index.php\/wp-json\/wp\/v2\/media\/2144"}],"wp:attachment":[{"href":"https:\/\/lulaisg.com.tr\/index.php\/wp-json\/wp\/v2\/media?parent=2143"}],"wp:term":[{"taxonomy":"product_cat","embeddable":true,"href":"https:\/\/lulaisg.com.tr\/index.php\/wp-json\/wp\/v2\/product_cat?post=2143"},{"taxonomy":"product_tag","embeddable":true,"href":"https:\/\/lulaisg.com.tr\/index.php\/wp-json\/wp\/v2\/product_tag?post=2143"}],"curies":[{"name":"wp","href":"https:\/\/api.w.org\/{rel}","templated":true}]}}