{"id":2140,"date":"2023-01-16T14:15:22","date_gmt":"2023-01-16T14:15:22","guid":{"rendered":"https:\/\/peraisguvenligi.com\/?post_type=product&#038;p=2140"},"modified":"2023-01-16T14:21:38","modified_gmt":"2023-01-16T14:21:38","slug":"essafe-eko-baret","status":"publish","type":"product","link":"https:\/\/lulaisg.com.tr\/index.php\/urun\/essafe-eko-baret\/","title":{"rendered":"ESSAFE EKO BARET"},"content":{"rendered":"<p>EN 397\u2032 ye uygun olarak \u00fcretti\u011fi bu baret, \u00c7ek Cumhuriyeti\u2019nin en \u00f6nemli test kurulu\u015flar\u0131ndan VUBP\u00a0 (1024) taraf\u0131ndan test edilerek onaylanm\u0131\u015ft\u0131r.<br \/>\nBu barette ter band\u0131 standart olarak tak\u0131lmaktad\u0131r. Aln\u0131n t\u00fcm\u00fcn\u00fc kaplar. Kullan\u0131c\u0131 i\u00e7in tam bir konfor sa\u011flar.<br \/>\nAlt\u0131 adet ba\u015f \u00fcst\u00fc band\u0131\u00a0ile havaland\u0131rma sa\u011flayacak \u015fekilde dizayn edilmi\u015ftir.<br \/>\nStandartlardaki t\u00fcm mekanik testlere kar\u015f\u0131 mukavimdir.<br \/>\nEnse band\u0131 ayar yeri ile ba\u015f \u00f6l\u00e7\u00fclerine g\u00f6re ayarlanabilir.<\/p>\n","protected":false},"excerpt":{"rendered":"<p>CE belgeli Ekonomik Baret (CE 1024 EN 397+A1:2012)<\/p>\n","protected":false},"featured_media":2142,"comment_status":"open","ping_status":"closed","template":"","meta":[],"product_cat":[15,42],"product_tag":[44,90,412],"class_list":{"0":"post-2140","1":"product","2":"type-product","3":"status-publish","4":"has-post-thumbnail","6":"product_cat-genel","7":"product_cat-bas-ve-yuz-koruyucular","8":"product_tag-baret","9":"product_tag-eko","10":"product_tag-en397","12":"first","13":"instock","14":"shipping-taxable","15":"product-type-simple"},"yoast_head":"<!-- This site is optimized with the Yoast SEO plugin v22.1 - https:\/\/yoast.com\/wordpress\/plugins\/seo\/ -->\n<title>ESSAFE EKO BARET - LULA ISG<\/title>\n<meta name=\"description\" content=\"Standartlardaki t\u00fcm mekanik testlere kar\u015f\u0131 mukavimdir. Bu barette ter band\u0131 standart olarak tak\u0131lmaktad\u0131r. Aln\u0131n t\u00fcm\u00fcn\u00fc kaplar.\" \/>\n<meta name=\"robots\" content=\"index, follow, max-snippet:-1, max-image-preview:large, max-video-preview:-1\" \/>\n<link rel=\"canonical\" href=\"https:\/\/lulaisg.com.tr\/index.php\/urun\/essafe-eko-baret\/\" \/>\n<meta property=\"og:locale\" content=\"tr_TR\" \/>\n<meta property=\"og:type\" content=\"article\" \/>\n<meta property=\"og:title\" content=\"ESSAFE EKO BARET - LULA ISG\" \/>\n<meta property=\"og:description\" content=\"Standartlardaki t\u00fcm mekanik testlere kar\u015f\u0131 mukavimdir. Bu barette ter band\u0131 standart olarak tak\u0131lmaktad\u0131r. Aln\u0131n t\u00fcm\u00fcn\u00fc kaplar.\" \/>\n<meta property=\"og:url\" content=\"https:\/\/lulaisg.com.tr\/index.php\/urun\/essafe-eko-baret\/\" \/>\n<meta property=\"og:site_name\" content=\"LULA ISG\" \/>\n<meta property=\"article:modified_time\" content=\"2023-01-16T14:21:38+00:00\" \/>\n<meta property=\"og:image\" content=\"https:\/\/lulaisg.com.tr\/wp-content\/uploads\/2023\/01\/ESSAFE-EKO-BARET-1.jpg\" \/>\n\t<meta property=\"og:image:width\" content=\"1000\" \/>\n\t<meta property=\"og:image:height\" content=\"1000\" \/>\n\t<meta property=\"og:image:type\" content=\"image\/jpeg\" \/>\n<meta name=\"twitter:card\" content=\"summary_large_image\" \/>\n<meta name=\"twitter:label1\" content=\"Tahmini okuma s\u00fcresi\" \/>\n\t<meta name=\"twitter:data1\" content=\"1 dakika\" \/>\n<script type=\"application\/ld+json\" class=\"yoast-schema-graph\">{\"@context\":\"https:\/\/schema.org\",\"@graph\":[{\"@type\":\"WebPage\",\"@id\":\"https:\/\/lulaisg.com.tr\/index.php\/urun\/essafe-eko-baret\/\",\"url\":\"https:\/\/lulaisg.com.tr\/index.php\/urun\/essafe-eko-baret\/\",\"name\":\"ESSAFE EKO BARET - LULA ISG\",\"isPartOf\":{\"@id\":\"https:\/\/lulaisg.com.tr\/#website\"},\"datePublished\":\"2023-01-16T14:15:22+00:00\",\"dateModified\":\"2023-01-16T14:21:38+00:00\",\"description\":\"Standartlardaki t\u00fcm mekanik testlere kar\u015f\u0131 mukavimdir. Bu barette ter band\u0131 standart olarak tak\u0131lmaktad\u0131r. Aln\u0131n t\u00fcm\u00fcn\u00fc kaplar.\",\"breadcrumb\":{\"@id\":\"https:\/\/lulaisg.com.tr\/index.php\/urun\/essafe-eko-baret\/#breadcrumb\"},\"inLanguage\":\"tr\",\"potentialAction\":[{\"@type\":\"ReadAction\",\"target\":[\"https:\/\/lulaisg.com.tr\/index.php\/urun\/essafe-eko-baret\/\"]}]},{\"@type\":\"BreadcrumbList\",\"@id\":\"https:\/\/lulaisg.com.tr\/index.php\/urun\/essafe-eko-baret\/#breadcrumb\",\"itemListElement\":[{\"@type\":\"ListItem\",\"position\":1,\"name\":\"Anasayfa\",\"item\":\"https:\/\/lulaisg.com.tr\/\"},{\"@type\":\"ListItem\",\"position\":2,\"name\":\"Ma\u011faza\",\"item\":\"https:\/\/lulaisg.com.tr\/index.php\/magaza\/\"},{\"@type\":\"ListItem\",\"position\":3,\"name\":\"ESSAFE EKO BARET\"}]},{\"@type\":\"WebSite\",\"@id\":\"https:\/\/lulaisg.com.tr\/#website\",\"url\":\"https:\/\/lulaisg.com.tr\/\",\"name\":\"LULA ISG\",\"description\":\"\",\"publisher\":{\"@id\":\"https:\/\/lulaisg.com.tr\/#organization\"},\"potentialAction\":[{\"@type\":\"SearchAction\",\"target\":{\"@type\":\"EntryPoint\",\"urlTemplate\":\"https:\/\/lulaisg.com.tr\/?s={search_term_string}\"},\"query-input\":\"required name=search_term_string\"}],\"inLanguage\":\"tr\"},{\"@type\":\"Organization\",\"@id\":\"https:\/\/lulaisg.com.tr\/#organization\",\"name\":\"LULA ISG\",\"url\":\"https:\/\/lulaisg.com.tr\/\",\"logo\":{\"@type\":\"ImageObject\",\"inLanguage\":\"tr\",\"@id\":\"https:\/\/lulaisg.com.tr\/#\/schema\/logo\/image\/\",\"url\":\"https:\/\/lulaisg.com.tr\/wp-content\/uploads\/2022\/12\/pera_logo_yatay_4@4x.png\",\"contentUrl\":\"https:\/\/lulaisg.com.tr\/wp-content\/uploads\/2022\/12\/pera_logo_yatay_4@4x.png\",\"width\":1035,\"height\":441,\"caption\":\"LULA ISG\"},\"image\":{\"@id\":\"https:\/\/lulaisg.com.tr\/#\/schema\/logo\/image\/\"}}]}<\/script>\n<!-- \/ Yoast SEO plugin. -->","yoast_head_json":{"title":"ESSAFE EKO BARET - LULA ISG","description":"Standartlardaki t\u00fcm mekanik testlere kar\u015f\u0131 mukavimdir. Bu barette ter band\u0131 standart olarak tak\u0131lmaktad\u0131r. Aln\u0131n t\u00fcm\u00fcn\u00fc kaplar.","robots":{"index":"index","follow":"follow","max-snippet":"max-snippet:-1","max-image-preview":"max-image-preview:large","max-video-preview":"max-video-preview:-1"},"canonical":"https:\/\/lulaisg.com.tr\/index.php\/urun\/essafe-eko-baret\/","og_locale":"tr_TR","og_type":"article","og_title":"ESSAFE EKO BARET - LULA ISG","og_description":"Standartlardaki t\u00fcm mekanik testlere kar\u015f\u0131 mukavimdir. Bu barette ter band\u0131 standart olarak tak\u0131lmaktad\u0131r. Aln\u0131n t\u00fcm\u00fcn\u00fc kaplar.","og_url":"https:\/\/lulaisg.com.tr\/index.php\/urun\/essafe-eko-baret\/","og_site_name":"LULA ISG","article_modified_time":"2023-01-16T14:21:38+00:00","og_image":[{"width":1000,"height":1000,"url":"https:\/\/lulaisg.com.tr\/wp-content\/uploads\/2023\/01\/ESSAFE-EKO-BARET-1.jpg","type":"image\/jpeg"}],"twitter_card":"summary_large_image","twitter_misc":{"Tahmini okuma s\u00fcresi":"1 dakika"},"schema":{"@context":"https:\/\/schema.org","@graph":[{"@type":"WebPage","@id":"https:\/\/lulaisg.com.tr\/index.php\/urun\/essafe-eko-baret\/","url":"https:\/\/lulaisg.com.tr\/index.php\/urun\/essafe-eko-baret\/","name":"ESSAFE EKO BARET - LULA ISG","isPartOf":{"@id":"https:\/\/lulaisg.com.tr\/#website"},"datePublished":"2023-01-16T14:15:22+00:00","dateModified":"2023-01-16T14:21:38+00:00","description":"Standartlardaki t\u00fcm mekanik testlere kar\u015f\u0131 mukavimdir. Bu barette ter band\u0131 standart olarak tak\u0131lmaktad\u0131r. Aln\u0131n t\u00fcm\u00fcn\u00fc kaplar.","breadcrumb":{"@id":"https:\/\/lulaisg.com.tr\/index.php\/urun\/essafe-eko-baret\/#breadcrumb"},"inLanguage":"tr","potentialAction":[{"@type":"ReadAction","target":["https:\/\/lulaisg.com.tr\/index.php\/urun\/essafe-eko-baret\/"]}]},{"@type":"BreadcrumbList","@id":"https:\/\/lulaisg.com.tr\/index.php\/urun\/essafe-eko-baret\/#breadcrumb","itemListElement":[{"@type":"ListItem","position":1,"name":"Anasayfa","item":"https:\/\/lulaisg.com.tr\/"},{"@type":"ListItem","position":2,"name":"Ma\u011faza","item":"https:\/\/lulaisg.com.tr\/index.php\/magaza\/"},{"@type":"ListItem","position":3,"name":"ESSAFE EKO BARET"}]},{"@type":"WebSite","@id":"https:\/\/lulaisg.com.tr\/#website","url":"https:\/\/lulaisg.com.tr\/","name":"LULA ISG","description":"","publisher":{"@id":"https:\/\/lulaisg.com.tr\/#organization"},"potentialAction":[{"@type":"SearchAction","target":{"@type":"EntryPoint","urlTemplate":"https:\/\/lulaisg.com.tr\/?s={search_term_string}"},"query-input":"required name=search_term_string"}],"inLanguage":"tr"},{"@type":"Organization","@id":"https:\/\/lulaisg.com.tr\/#organization","name":"LULA ISG","url":"https:\/\/lulaisg.com.tr\/","logo":{"@type":"ImageObject","inLanguage":"tr","@id":"https:\/\/lulaisg.com.tr\/#\/schema\/logo\/image\/","url":"https:\/\/lulaisg.com.tr\/wp-content\/uploads\/2022\/12\/pera_logo_yatay_4@4x.png","contentUrl":"https:\/\/lulaisg.com.tr\/wp-content\/uploads\/2022\/12\/pera_logo_yatay_4@4x.png","width":1035,"height":441,"caption":"LULA ISG"},"image":{"@id":"https:\/\/lulaisg.com.tr\/#\/schema\/logo\/image\/"}}]}},"_links":{"self":[{"href":"https:\/\/lulaisg.com.tr\/index.php\/wp-json\/wp\/v2\/product\/2140","targetHints":{"allow":["GET"]}}],"collection":[{"href":"https:\/\/lulaisg.com.tr\/index.php\/wp-json\/wp\/v2\/product"}],"about":[{"href":"https:\/\/lulaisg.com.tr\/index.php\/wp-json\/wp\/v2\/types\/product"}],"replies":[{"embeddable":true,"href":"https:\/\/lulaisg.com.tr\/index.php\/wp-json\/wp\/v2\/comments?post=2140"}],"wp:featuredmedia":[{"embeddable":true,"href":"https:\/\/lulaisg.com.tr\/index.php\/wp-json\/wp\/v2\/media\/2142"}],"wp:attachment":[{"href":"https:\/\/lulaisg.com.tr\/index.php\/wp-json\/wp\/v2\/media?parent=2140"}],"wp:term":[{"taxonomy":"product_cat","embeddable":true,"href":"https:\/\/lulaisg.com.tr\/index.php\/wp-json\/wp\/v2\/product_cat?post=2140"},{"taxonomy":"product_tag","embeddable":true,"href":"https:\/\/lulaisg.com.tr\/index.php\/wp-json\/wp\/v2\/product_tag?post=2140"}],"curies":[{"name":"wp","href":"https:\/\/api.w.org\/{rel}","templated":true}]}}