{"id":2137,"date":"2023-01-16T13:57:29","date_gmt":"2023-01-16T13:57:29","guid":{"rendered":"https:\/\/peraisguvenligi.com\/?post_type=product&#038;p=2137"},"modified":"2023-01-16T13:57:31","modified_gmt":"2023-01-16T13:57:31","slug":"tek-kullanimlik-tulum","status":"publish","type":"product","link":"https:\/\/lulaisg.com.tr\/index.php\/urun\/tek-kullanimlik-tulum\/","title":{"rendered":"TEK KULLANIMLIK TULUM"},"content":{"rendered":"<p>Beyaz Lamine \u00d6zel Ambalajl\u0131 Tulum Tehlikeli partik\u00fcller ve s\u0131n\u0131rl\u0131 seviyedeki s\u0131v\u0131 s\u0131\u00e7ramalar\u0131na kar\u015f\u0131 y\u00fcksek koruma sa\u011flayan dayan\u0131kl\u0131 kuma\u015ftan yap\u0131lm\u0131\u015f, olduk\u00e7a yumu\u015fak ve hafif Tip 5\/6 Koruyucu Tulum.<br \/>\nBiyolojik olarak test edilmi\u015ftir.<\/p>\n","protected":false},"excerpt":{"rendered":"<p>EN 14126 standard\u0131na g\u00f6re test edilmi\u015f biyolojik koruma. Daha fazla konfor ve hareket \u00f6zg\u00fcrl\u00fc\u011f\u00fc i\u00e7in \u00f6rme man\u015fetler ve elastik bel ve ayak bilekleri<\/p>\n","protected":false},"featured_media":2139,"comment_status":"open","ping_status":"closed","template":"","meta":[],"product_cat":[15,116],"product_tag":[411,410,409,178],"class_list":{"0":"post-2137","1":"product","2":"type-product","3":"status-publish","4":"has-post-thumbnail","6":"product_cat-genel","7":"product_cat-vucut-koruyucular","8":"product_tag-elastik","9":"product_tag-kumas","10":"product_tag-sivi","11":"product_tag-tulum","13":"first","14":"instock","15":"shipping-taxable","16":"product-type-simple"},"yoast_head":"<!-- This site is optimized with the Yoast SEO plugin v22.1 - https:\/\/yoast.com\/wordpress\/plugins\/seo\/ -->\n<title>TEK KULLANIMLIK TULUM - LULA ISG<\/title>\n<meta name=\"description\" content=\"EN 14126 standard\u0131na g\u00f6re test edilmi\u015f biyolojik koruma. Daha fazla konfor ve hareket \u00f6zg\u00fcrl\u00fc\u011f\u00fc i\u00e7in \u00f6rme man\u015fetler ve elastik bel ve ayak bilekleri\" \/>\n<meta name=\"robots\" content=\"index, follow, max-snippet:-1, max-image-preview:large, max-video-preview:-1\" \/>\n<link rel=\"canonical\" href=\"https:\/\/lulaisg.com.tr\/index.php\/urun\/tek-kullanimlik-tulum\/\" \/>\n<meta property=\"og:locale\" content=\"tr_TR\" \/>\n<meta property=\"og:type\" content=\"article\" \/>\n<meta property=\"og:title\" content=\"TEK KULLANIMLIK TULUM - LULA ISG\" \/>\n<meta property=\"og:description\" content=\"EN 14126 standard\u0131na g\u00f6re test edilmi\u015f biyolojik koruma. Daha fazla konfor ve hareket \u00f6zg\u00fcrl\u00fc\u011f\u00fc i\u00e7in \u00f6rme man\u015fetler ve elastik bel ve ayak bilekleri\" \/>\n<meta property=\"og:url\" content=\"https:\/\/lulaisg.com.tr\/index.php\/urun\/tek-kullanimlik-tulum\/\" \/>\n<meta property=\"og:site_name\" content=\"LULA ISG\" \/>\n<meta property=\"article:modified_time\" content=\"2023-01-16T13:57:31+00:00\" \/>\n<meta property=\"og:image\" content=\"https:\/\/lulaisg.com.tr\/wp-content\/uploads\/2023\/01\/TEK-KULLANIMLIK-TULUM.jpg\" \/>\n\t<meta property=\"og:image:width\" content=\"505\" \/>\n\t<meta property=\"og:image:height\" content=\"505\" \/>\n\t<meta property=\"og:image:type\" content=\"image\/jpeg\" \/>\n<meta name=\"twitter:card\" content=\"summary_large_image\" \/>\n<meta name=\"twitter:label1\" content=\"Tahmini okuma s\u00fcresi\" \/>\n\t<meta name=\"twitter:data1\" content=\"1 dakika\" \/>\n<script type=\"application\/ld+json\" class=\"yoast-schema-graph\">{\"@context\":\"https:\/\/schema.org\",\"@graph\":[{\"@type\":\"WebPage\",\"@id\":\"https:\/\/lulaisg.com.tr\/index.php\/urun\/tek-kullanimlik-tulum\/\",\"url\":\"https:\/\/lulaisg.com.tr\/index.php\/urun\/tek-kullanimlik-tulum\/\",\"name\":\"TEK KULLANIMLIK TULUM - LULA ISG\",\"isPartOf\":{\"@id\":\"https:\/\/lulaisg.com.tr\/#website\"},\"datePublished\":\"2023-01-16T13:57:29+00:00\",\"dateModified\":\"2023-01-16T13:57:31+00:00\",\"description\":\"EN 14126 standard\u0131na g\u00f6re test edilmi\u015f biyolojik koruma. Daha fazla konfor ve hareket \u00f6zg\u00fcrl\u00fc\u011f\u00fc i\u00e7in \u00f6rme man\u015fetler ve elastik bel ve ayak bilekleri\",\"breadcrumb\":{\"@id\":\"https:\/\/lulaisg.com.tr\/index.php\/urun\/tek-kullanimlik-tulum\/#breadcrumb\"},\"inLanguage\":\"tr\",\"potentialAction\":[{\"@type\":\"ReadAction\",\"target\":[\"https:\/\/lulaisg.com.tr\/index.php\/urun\/tek-kullanimlik-tulum\/\"]}]},{\"@type\":\"BreadcrumbList\",\"@id\":\"https:\/\/lulaisg.com.tr\/index.php\/urun\/tek-kullanimlik-tulum\/#breadcrumb\",\"itemListElement\":[{\"@type\":\"ListItem\",\"position\":1,\"name\":\"Anasayfa\",\"item\":\"https:\/\/lulaisg.com.tr\/\"},{\"@type\":\"ListItem\",\"position\":2,\"name\":\"Ma\u011faza\",\"item\":\"https:\/\/lulaisg.com.tr\/index.php\/magaza\/\"},{\"@type\":\"ListItem\",\"position\":3,\"name\":\"TEK KULLANIMLIK TULUM\"}]},{\"@type\":\"WebSite\",\"@id\":\"https:\/\/lulaisg.com.tr\/#website\",\"url\":\"https:\/\/lulaisg.com.tr\/\",\"name\":\"LULA ISG\",\"description\":\"\",\"publisher\":{\"@id\":\"https:\/\/lulaisg.com.tr\/#organization\"},\"potentialAction\":[{\"@type\":\"SearchAction\",\"target\":{\"@type\":\"EntryPoint\",\"urlTemplate\":\"https:\/\/lulaisg.com.tr\/?s={search_term_string}\"},\"query-input\":\"required name=search_term_string\"}],\"inLanguage\":\"tr\"},{\"@type\":\"Organization\",\"@id\":\"https:\/\/lulaisg.com.tr\/#organization\",\"name\":\"LULA ISG\",\"url\":\"https:\/\/lulaisg.com.tr\/\",\"logo\":{\"@type\":\"ImageObject\",\"inLanguage\":\"tr\",\"@id\":\"https:\/\/lulaisg.com.tr\/#\/schema\/logo\/image\/\",\"url\":\"https:\/\/lulaisg.com.tr\/wp-content\/uploads\/2022\/12\/pera_logo_yatay_4@4x.png\",\"contentUrl\":\"https:\/\/lulaisg.com.tr\/wp-content\/uploads\/2022\/12\/pera_logo_yatay_4@4x.png\",\"width\":1035,\"height\":441,\"caption\":\"LULA ISG\"},\"image\":{\"@id\":\"https:\/\/lulaisg.com.tr\/#\/schema\/logo\/image\/\"}}]}<\/script>\n<!-- \/ Yoast SEO plugin. -->","yoast_head_json":{"title":"TEK KULLANIMLIK TULUM - LULA ISG","description":"EN 14126 standard\u0131na g\u00f6re test edilmi\u015f biyolojik koruma. Daha fazla konfor ve hareket \u00f6zg\u00fcrl\u00fc\u011f\u00fc i\u00e7in \u00f6rme man\u015fetler ve elastik bel ve ayak bilekleri","robots":{"index":"index","follow":"follow","max-snippet":"max-snippet:-1","max-image-preview":"max-image-preview:large","max-video-preview":"max-video-preview:-1"},"canonical":"https:\/\/lulaisg.com.tr\/index.php\/urun\/tek-kullanimlik-tulum\/","og_locale":"tr_TR","og_type":"article","og_title":"TEK KULLANIMLIK TULUM - LULA ISG","og_description":"EN 14126 standard\u0131na g\u00f6re test edilmi\u015f biyolojik koruma. Daha fazla konfor ve hareket \u00f6zg\u00fcrl\u00fc\u011f\u00fc i\u00e7in \u00f6rme man\u015fetler ve elastik bel ve ayak bilekleri","og_url":"https:\/\/lulaisg.com.tr\/index.php\/urun\/tek-kullanimlik-tulum\/","og_site_name":"LULA ISG","article_modified_time":"2023-01-16T13:57:31+00:00","og_image":[{"width":505,"height":505,"url":"https:\/\/lulaisg.com.tr\/wp-content\/uploads\/2023\/01\/TEK-KULLANIMLIK-TULUM.jpg","type":"image\/jpeg"}],"twitter_card":"summary_large_image","twitter_misc":{"Tahmini okuma s\u00fcresi":"1 dakika"},"schema":{"@context":"https:\/\/schema.org","@graph":[{"@type":"WebPage","@id":"https:\/\/lulaisg.com.tr\/index.php\/urun\/tek-kullanimlik-tulum\/","url":"https:\/\/lulaisg.com.tr\/index.php\/urun\/tek-kullanimlik-tulum\/","name":"TEK KULLANIMLIK TULUM - LULA ISG","isPartOf":{"@id":"https:\/\/lulaisg.com.tr\/#website"},"datePublished":"2023-01-16T13:57:29+00:00","dateModified":"2023-01-16T13:57:31+00:00","description":"EN 14126 standard\u0131na g\u00f6re test edilmi\u015f biyolojik koruma. Daha fazla konfor ve hareket \u00f6zg\u00fcrl\u00fc\u011f\u00fc i\u00e7in \u00f6rme man\u015fetler ve elastik bel ve ayak bilekleri","breadcrumb":{"@id":"https:\/\/lulaisg.com.tr\/index.php\/urun\/tek-kullanimlik-tulum\/#breadcrumb"},"inLanguage":"tr","potentialAction":[{"@type":"ReadAction","target":["https:\/\/lulaisg.com.tr\/index.php\/urun\/tek-kullanimlik-tulum\/"]}]},{"@type":"BreadcrumbList","@id":"https:\/\/lulaisg.com.tr\/index.php\/urun\/tek-kullanimlik-tulum\/#breadcrumb","itemListElement":[{"@type":"ListItem","position":1,"name":"Anasayfa","item":"https:\/\/lulaisg.com.tr\/"},{"@type":"ListItem","position":2,"name":"Ma\u011faza","item":"https:\/\/lulaisg.com.tr\/index.php\/magaza\/"},{"@type":"ListItem","position":3,"name":"TEK KULLANIMLIK TULUM"}]},{"@type":"WebSite","@id":"https:\/\/lulaisg.com.tr\/#website","url":"https:\/\/lulaisg.com.tr\/","name":"LULA ISG","description":"","publisher":{"@id":"https:\/\/lulaisg.com.tr\/#organization"},"potentialAction":[{"@type":"SearchAction","target":{"@type":"EntryPoint","urlTemplate":"https:\/\/lulaisg.com.tr\/?s={search_term_string}"},"query-input":"required name=search_term_string"}],"inLanguage":"tr"},{"@type":"Organization","@id":"https:\/\/lulaisg.com.tr\/#organization","name":"LULA ISG","url":"https:\/\/lulaisg.com.tr\/","logo":{"@type":"ImageObject","inLanguage":"tr","@id":"https:\/\/lulaisg.com.tr\/#\/schema\/logo\/image\/","url":"https:\/\/lulaisg.com.tr\/wp-content\/uploads\/2022\/12\/pera_logo_yatay_4@4x.png","contentUrl":"https:\/\/lulaisg.com.tr\/wp-content\/uploads\/2022\/12\/pera_logo_yatay_4@4x.png","width":1035,"height":441,"caption":"LULA ISG"},"image":{"@id":"https:\/\/lulaisg.com.tr\/#\/schema\/logo\/image\/"}}]}},"_links":{"self":[{"href":"https:\/\/lulaisg.com.tr\/index.php\/wp-json\/wp\/v2\/product\/2137","targetHints":{"allow":["GET"]}}],"collection":[{"href":"https:\/\/lulaisg.com.tr\/index.php\/wp-json\/wp\/v2\/product"}],"about":[{"href":"https:\/\/lulaisg.com.tr\/index.php\/wp-json\/wp\/v2\/types\/product"}],"replies":[{"embeddable":true,"href":"https:\/\/lulaisg.com.tr\/index.php\/wp-json\/wp\/v2\/comments?post=2137"}],"wp:featuredmedia":[{"embeddable":true,"href":"https:\/\/lulaisg.com.tr\/index.php\/wp-json\/wp\/v2\/media\/2139"}],"wp:attachment":[{"href":"https:\/\/lulaisg.com.tr\/index.php\/wp-json\/wp\/v2\/media?parent=2137"}],"wp:term":[{"taxonomy":"product_cat","embeddable":true,"href":"https:\/\/lulaisg.com.tr\/index.php\/wp-json\/wp\/v2\/product_cat?post=2137"},{"taxonomy":"product_tag","embeddable":true,"href":"https:\/\/lulaisg.com.tr\/index.php\/wp-json\/wp\/v2\/product_tag?post=2137"}],"curies":[{"name":"wp","href":"https:\/\/api.w.org\/{rel}","templated":true}]}}