{"id":2132,"date":"2023-01-03T10:08:03","date_gmt":"2023-01-03T10:08:03","guid":{"rendered":"https:\/\/peraisguvenligi.com\/?post_type=product&#038;p=2132"},"modified":"2023-01-03T10:08:06","modified_gmt":"2023-01-03T10:08:06","slug":"goggle-tip-gozluk","status":"publish","type":"product","link":"https:\/\/lulaisg.com.tr\/index.php\/urun\/goggle-tip-gozluk\/","title":{"rendered":"GOGGLE T\u0130P G\u00d6ZL\u00dcK"},"content":{"rendered":"<p>E\u011fimli g\u00f6z polikarbonat lens yandan gelebilecek par\u00e7ac\u0131klara, toza ve kire kar\u015f\u0131 daha fazla koruma sa\u011flar.<br \/>\nS\u0131zd\u0131rmaz \u00e7er\u00e7evesi, \u00f6zel hava kanallar\u0131 ve kavisli spor tasar\u0131m\u0131yla, performans ve stilin m\u00fckemmel birle\u015fimidir.<br \/>\n<span style=\"font-size: 1rem;\">Lastikli tokal\u0131 yap\u0131s\u0131yla her kafa yap\u0131s\u0131na uygun \u015fekilde kullan\u0131labilir.<br \/>\n<\/span>Y\u00fcze oturan kavisli s\u0131zd\u0131rmaz \u00e7er\u00e7evesi ek koruma sa\u011flar.<br \/>\nNumaral\u0131 g\u00f6zl\u00fcklerin \u00fczerine tak\u0131labilir.<br \/>\nY\u00fcksek koruma i\u00e7in yar\u0131m y\u00fcz maskeli solunum cihazlar\u0131yla uyumludur.<br \/>\nOtoklav cihazlar\u0131nda, bas\u0131n\u00e7l\u0131 su buhar\u0131 ile 121 santigrat derece s\u0131cakl\u0131kta 15-20 dakikal\u0131k sterilizasyon yap\u0131lmaya uygundur.<br \/>\nKimyasal, termal ve mekanik risk fakt\u00f6rlerine kar\u015f\u0131 y\u00fcksek koruma sa\u011flar.<\/p>\n<div id=\"comp-l8efueap\" class=\"KcpHeO tz5f0K comp-l8efueap\" data-scope=\"\" data-repeater-items-indexes=\"\" data-testid=\"richTextElement\"><\/div>\n","protected":false},"excerpt":{"rendered":"<p class=\"font_8\">UV radyasyonu: Tehlikeli Ultraviyole radyasyon \u0131\u015f\u0131nlar\u0131na kar\u015f\u0131 filtreler.<br \/>\nKimyasal riskler: Kimyasal s\u0131v\u0131 damlac\u0131klar\u0131na ve s\u0131\u00e7ramalar\u0131na, b\u00fcy\u00fck ve ince toz par\u00e7ac\u0131klar\u0131na kar\u015f\u0131 koruma sa\u011flar.<br \/>\nTermik riskler: Likit kimyasal s\u0131\u00e7ramalar\u0131na, bula\u015f\u0131c\u0131 risk ta\u015f\u0131yan hastal\u0131klara, erimi\u015f metallere kar\u015f\u0131 g\u00fcvenlik sa\u011flar.<\/p>\n","protected":false},"featured_media":2133,"comment_status":"open","ping_status":"closed","template":"","meta":[],"product_cat":[15,109],"product_tag":[405,110,407,406],"class_list":{"0":"post-2132","1":"product","2":"type-product","3":"status-publish","4":"has-post-thumbnail","6":"product_cat-genel","7":"product_cat-goz-koruyucular","8":"product_tag-goggle","9":"product_tag-gozluk","10":"product_tag-lastikli","11":"product_tag-tamkoruma","13":"first","14":"instock","15":"shipping-taxable","16":"product-type-simple"},"yoast_head":"<!-- This site is optimized with the Yoast SEO plugin v22.1 - https:\/\/yoast.com\/wordpress\/plugins\/seo\/ -->\n<title>GOGGLE T\u0130P G\u00d6ZL\u00dcK - LULA ISG<\/title>\n<meta name=\"description\" content=\"Y\u00fcze oturan kavisli s\u0131zd\u0131rmaz \u00e7er\u00e7evesi ek koruma sa\u011flar. Lastikli tokal\u0131 yap\u0131s\u0131yla her kafa yap\u0131s\u0131na uygun \u015fekilde kullan\u0131labilir.\" \/>\n<meta name=\"robots\" content=\"index, follow, max-snippet:-1, max-image-preview:large, max-video-preview:-1\" \/>\n<link rel=\"canonical\" href=\"https:\/\/lulaisg.com.tr\/index.php\/urun\/goggle-tip-gozluk\/\" \/>\n<meta property=\"og:locale\" content=\"tr_TR\" \/>\n<meta property=\"og:type\" content=\"article\" \/>\n<meta property=\"og:title\" content=\"GOGGLE T\u0130P G\u00d6ZL\u00dcK - LULA ISG\" \/>\n<meta property=\"og:description\" content=\"Y\u00fcze oturan kavisli s\u0131zd\u0131rmaz \u00e7er\u00e7evesi ek koruma sa\u011flar. Lastikli tokal\u0131 yap\u0131s\u0131yla her kafa yap\u0131s\u0131na uygun \u015fekilde kullan\u0131labilir.\" \/>\n<meta property=\"og:url\" content=\"https:\/\/lulaisg.com.tr\/index.php\/urun\/goggle-tip-gozluk\/\" \/>\n<meta property=\"og:site_name\" content=\"LULA ISG\" \/>\n<meta property=\"article:modified_time\" content=\"2023-01-03T10:08:06+00:00\" \/>\n<meta property=\"og:image\" content=\"https:\/\/lulaisg.com.tr\/wp-content\/uploads\/2023\/01\/GOGGLE-TIP-GOZLUK.jpg\" \/>\n\t<meta property=\"og:image:width\" content=\"582\" \/>\n\t<meta property=\"og:image:height\" content=\"640\" \/>\n\t<meta property=\"og:image:type\" content=\"image\/jpeg\" \/>\n<meta name=\"twitter:card\" content=\"summary_large_image\" \/>\n<meta name=\"twitter:label1\" content=\"Tahmini okuma s\u00fcresi\" \/>\n\t<meta name=\"twitter:data1\" content=\"1 dakika\" \/>\n<script type=\"application\/ld+json\" class=\"yoast-schema-graph\">{\"@context\":\"https:\/\/schema.org\",\"@graph\":[{\"@type\":\"WebPage\",\"@id\":\"https:\/\/lulaisg.com.tr\/index.php\/urun\/goggle-tip-gozluk\/\",\"url\":\"https:\/\/lulaisg.com.tr\/index.php\/urun\/goggle-tip-gozluk\/\",\"name\":\"GOGGLE T\u0130P G\u00d6ZL\u00dcK - LULA ISG\",\"isPartOf\":{\"@id\":\"https:\/\/lulaisg.com.tr\/#website\"},\"datePublished\":\"2023-01-03T10:08:03+00:00\",\"dateModified\":\"2023-01-03T10:08:06+00:00\",\"description\":\"Y\u00fcze oturan kavisli s\u0131zd\u0131rmaz \u00e7er\u00e7evesi ek koruma sa\u011flar. Lastikli tokal\u0131 yap\u0131s\u0131yla her kafa yap\u0131s\u0131na uygun \u015fekilde kullan\u0131labilir.\",\"breadcrumb\":{\"@id\":\"https:\/\/lulaisg.com.tr\/index.php\/urun\/goggle-tip-gozluk\/#breadcrumb\"},\"inLanguage\":\"tr\",\"potentialAction\":[{\"@type\":\"ReadAction\",\"target\":[\"https:\/\/lulaisg.com.tr\/index.php\/urun\/goggle-tip-gozluk\/\"]}]},{\"@type\":\"BreadcrumbList\",\"@id\":\"https:\/\/lulaisg.com.tr\/index.php\/urun\/goggle-tip-gozluk\/#breadcrumb\",\"itemListElement\":[{\"@type\":\"ListItem\",\"position\":1,\"name\":\"Anasayfa\",\"item\":\"https:\/\/lulaisg.com.tr\/\"},{\"@type\":\"ListItem\",\"position\":2,\"name\":\"Ma\u011faza\",\"item\":\"https:\/\/lulaisg.com.tr\/index.php\/magaza\/\"},{\"@type\":\"ListItem\",\"position\":3,\"name\":\"GOGGLE T\u0130P G\u00d6ZL\u00dcK\"}]},{\"@type\":\"WebSite\",\"@id\":\"https:\/\/lulaisg.com.tr\/#website\",\"url\":\"https:\/\/lulaisg.com.tr\/\",\"name\":\"LULA ISG\",\"description\":\"\",\"publisher\":{\"@id\":\"https:\/\/lulaisg.com.tr\/#organization\"},\"potentialAction\":[{\"@type\":\"SearchAction\",\"target\":{\"@type\":\"EntryPoint\",\"urlTemplate\":\"https:\/\/lulaisg.com.tr\/?s={search_term_string}\"},\"query-input\":\"required name=search_term_string\"}],\"inLanguage\":\"tr\"},{\"@type\":\"Organization\",\"@id\":\"https:\/\/lulaisg.com.tr\/#organization\",\"name\":\"LULA ISG\",\"url\":\"https:\/\/lulaisg.com.tr\/\",\"logo\":{\"@type\":\"ImageObject\",\"inLanguage\":\"tr\",\"@id\":\"https:\/\/lulaisg.com.tr\/#\/schema\/logo\/image\/\",\"url\":\"https:\/\/lulaisg.com.tr\/wp-content\/uploads\/2022\/12\/pera_logo_yatay_4@4x.png\",\"contentUrl\":\"https:\/\/lulaisg.com.tr\/wp-content\/uploads\/2022\/12\/pera_logo_yatay_4@4x.png\",\"width\":1035,\"height\":441,\"caption\":\"LULA ISG\"},\"image\":{\"@id\":\"https:\/\/lulaisg.com.tr\/#\/schema\/logo\/image\/\"}}]}<\/script>\n<!-- \/ Yoast SEO plugin. -->","yoast_head_json":{"title":"GOGGLE T\u0130P G\u00d6ZL\u00dcK - LULA ISG","description":"Y\u00fcze oturan kavisli s\u0131zd\u0131rmaz \u00e7er\u00e7evesi ek koruma sa\u011flar. Lastikli tokal\u0131 yap\u0131s\u0131yla her kafa yap\u0131s\u0131na uygun \u015fekilde kullan\u0131labilir.","robots":{"index":"index","follow":"follow","max-snippet":"max-snippet:-1","max-image-preview":"max-image-preview:large","max-video-preview":"max-video-preview:-1"},"canonical":"https:\/\/lulaisg.com.tr\/index.php\/urun\/goggle-tip-gozluk\/","og_locale":"tr_TR","og_type":"article","og_title":"GOGGLE T\u0130P G\u00d6ZL\u00dcK - LULA ISG","og_description":"Y\u00fcze oturan kavisli s\u0131zd\u0131rmaz \u00e7er\u00e7evesi ek koruma sa\u011flar. Lastikli tokal\u0131 yap\u0131s\u0131yla her kafa yap\u0131s\u0131na uygun \u015fekilde kullan\u0131labilir.","og_url":"https:\/\/lulaisg.com.tr\/index.php\/urun\/goggle-tip-gozluk\/","og_site_name":"LULA ISG","article_modified_time":"2023-01-03T10:08:06+00:00","og_image":[{"width":582,"height":640,"url":"https:\/\/lulaisg.com.tr\/wp-content\/uploads\/2023\/01\/GOGGLE-TIP-GOZLUK.jpg","type":"image\/jpeg"}],"twitter_card":"summary_large_image","twitter_misc":{"Tahmini okuma s\u00fcresi":"1 dakika"},"schema":{"@context":"https:\/\/schema.org","@graph":[{"@type":"WebPage","@id":"https:\/\/lulaisg.com.tr\/index.php\/urun\/goggle-tip-gozluk\/","url":"https:\/\/lulaisg.com.tr\/index.php\/urun\/goggle-tip-gozluk\/","name":"GOGGLE T\u0130P G\u00d6ZL\u00dcK - LULA ISG","isPartOf":{"@id":"https:\/\/lulaisg.com.tr\/#website"},"datePublished":"2023-01-03T10:08:03+00:00","dateModified":"2023-01-03T10:08:06+00:00","description":"Y\u00fcze oturan kavisli s\u0131zd\u0131rmaz \u00e7er\u00e7evesi ek koruma sa\u011flar. Lastikli tokal\u0131 yap\u0131s\u0131yla her kafa yap\u0131s\u0131na uygun \u015fekilde kullan\u0131labilir.","breadcrumb":{"@id":"https:\/\/lulaisg.com.tr\/index.php\/urun\/goggle-tip-gozluk\/#breadcrumb"},"inLanguage":"tr","potentialAction":[{"@type":"ReadAction","target":["https:\/\/lulaisg.com.tr\/index.php\/urun\/goggle-tip-gozluk\/"]}]},{"@type":"BreadcrumbList","@id":"https:\/\/lulaisg.com.tr\/index.php\/urun\/goggle-tip-gozluk\/#breadcrumb","itemListElement":[{"@type":"ListItem","position":1,"name":"Anasayfa","item":"https:\/\/lulaisg.com.tr\/"},{"@type":"ListItem","position":2,"name":"Ma\u011faza","item":"https:\/\/lulaisg.com.tr\/index.php\/magaza\/"},{"@type":"ListItem","position":3,"name":"GOGGLE T\u0130P G\u00d6ZL\u00dcK"}]},{"@type":"WebSite","@id":"https:\/\/lulaisg.com.tr\/#website","url":"https:\/\/lulaisg.com.tr\/","name":"LULA ISG","description":"","publisher":{"@id":"https:\/\/lulaisg.com.tr\/#organization"},"potentialAction":[{"@type":"SearchAction","target":{"@type":"EntryPoint","urlTemplate":"https:\/\/lulaisg.com.tr\/?s={search_term_string}"},"query-input":"required name=search_term_string"}],"inLanguage":"tr"},{"@type":"Organization","@id":"https:\/\/lulaisg.com.tr\/#organization","name":"LULA ISG","url":"https:\/\/lulaisg.com.tr\/","logo":{"@type":"ImageObject","inLanguage":"tr","@id":"https:\/\/lulaisg.com.tr\/#\/schema\/logo\/image\/","url":"https:\/\/lulaisg.com.tr\/wp-content\/uploads\/2022\/12\/pera_logo_yatay_4@4x.png","contentUrl":"https:\/\/lulaisg.com.tr\/wp-content\/uploads\/2022\/12\/pera_logo_yatay_4@4x.png","width":1035,"height":441,"caption":"LULA ISG"},"image":{"@id":"https:\/\/lulaisg.com.tr\/#\/schema\/logo\/image\/"}}]}},"_links":{"self":[{"href":"https:\/\/lulaisg.com.tr\/index.php\/wp-json\/wp\/v2\/product\/2132","targetHints":{"allow":["GET"]}}],"collection":[{"href":"https:\/\/lulaisg.com.tr\/index.php\/wp-json\/wp\/v2\/product"}],"about":[{"href":"https:\/\/lulaisg.com.tr\/index.php\/wp-json\/wp\/v2\/types\/product"}],"replies":[{"embeddable":true,"href":"https:\/\/lulaisg.com.tr\/index.php\/wp-json\/wp\/v2\/comments?post=2132"}],"wp:featuredmedia":[{"embeddable":true,"href":"https:\/\/lulaisg.com.tr\/index.php\/wp-json\/wp\/v2\/media\/2133"}],"wp:attachment":[{"href":"https:\/\/lulaisg.com.tr\/index.php\/wp-json\/wp\/v2\/media?parent=2132"}],"wp:term":[{"taxonomy":"product_cat","embeddable":true,"href":"https:\/\/lulaisg.com.tr\/index.php\/wp-json\/wp\/v2\/product_cat?post=2132"},{"taxonomy":"product_tag","embeddable":true,"href":"https:\/\/lulaisg.com.tr\/index.php\/wp-json\/wp\/v2\/product_tag?post=2132"}],"curies":[{"name":"wp","href":"https:\/\/api.w.org\/{rel}","templated":true}]}}