{"id":2124,"date":"2023-01-03T09:26:55","date_gmt":"2023-01-03T09:26:55","guid":{"rendered":"https:\/\/peraisguvenligi.com\/?post_type=product&#038;p=2124"},"modified":"2023-01-03T09:26:57","modified_gmt":"2023-01-03T09:26:57","slug":"seffaf_koruyucu_gozluk","status":"publish","type":"product","link":"https:\/\/lulaisg.com.tr\/index.php\/urun\/seffaf_koruyucu_gozluk\/","title":{"rendered":"\u015eEFFAF KORUYUCU G\u00d6ZL\u00dcK"},"content":{"rendered":"<p class=\"font_8\">Y\u00fcksek kaliteli Polikarbonat koruyucu g\u00f6zl\u00fck.<br \/>\nSportif \u015f\u0131k tasar\u0131m.<br \/>\nOtoklav cihazlar\u0131nda, bas\u0131n\u00e7l\u0131 su buhar\u0131 ile 121 santigrat derece s\u0131cakl\u0131kta 15-20 dakikal\u0131k sterilizasyon yap\u0131lmaya uygundur.<br \/>\nKimyasal, termal ve mekanik risk fakt\u00f6rlerine kar\u015f\u0131 y\u00fcksek koruma sa\u011flar.<br \/>\nLense, iste\u011finiz do\u011frultusunda \u00e7izilmez ve bu\u011fu \u00f6nleyici kaplama (Anti-Fog) uygulanabilir.<br \/>\nHafif ve \u015f\u0131k olan tasar\u0131m\u0131 ile\u00a0 sportif faaliyetlerinize hitap eden bir modeldir.<\/p>\n","protected":false},"excerpt":{"rendered":"<p>UV radyasyonu: Tehlikeli Ultraviyole radyasyon \u0131\u015f\u0131nlar\u0131na kar\u015f\u0131 filtreler.<br \/>\nKimyasal riskler: Kimyasal s\u0131v\u0131 damlac\u0131klar\u0131na ve s\u0131\u00e7ramalar\u0131na, b\u00fcy\u00fck ve ince toz par\u00e7ac\u0131klar\u0131na kar\u015f\u0131 koruma sa\u011flar.<br \/>\nTermik riskler: Likit kimyasal s\u0131\u00e7ramalar\u0131na, bula\u015f\u0131c\u0131 risk ta\u015f\u0131yan hastal\u0131klara, erimi\u015f metallere ve yo\u011fun radyasyon emisyonuna kar\u015f\u0131 g\u00fcvenlik sa\u011flar.<\/p>\n","protected":false},"featured_media":2125,"comment_status":"open","ping_status":"closed","template":"","meta":[],"product_cat":[15,109],"product_tag":[110,398,113,46],"class_list":{"0":"post-2124","1":"product","2":"type-product","3":"status-publish","4":"has-post-thumbnail","6":"product_cat-genel","7":"product_cat-goz-koruyucular","8":"product_tag-gozluk","9":"product_tag-seffaf","10":"product_tag-tasarim","11":"product_tag-uv","13":"first","14":"instock","15":"shipping-taxable","16":"product-type-simple"},"yoast_head":"<!-- This site is optimized with the Yoast SEO plugin v22.1 - https:\/\/yoast.com\/wordpress\/plugins\/seo\/ -->\n<title>\u015eEFFAF KORUYUCU G\u00d6ZL\u00dcK - LULA ISG<\/title>\n<meta name=\"description\" content=\"Sportif \u015f\u0131k tasar\u0131m. Otoklav cihazlar\u0131nda, bas\u0131n\u00e7l\u0131 su buhar\u0131 ile 121 santigrat derece s\u0131cakl\u0131kta 15-20 dakikal\u0131k sterilizasyon yap\u0131lmaya uygundur.\" \/>\n<meta name=\"robots\" content=\"index, follow, max-snippet:-1, max-image-preview:large, max-video-preview:-1\" \/>\n<link rel=\"canonical\" href=\"https:\/\/lulaisg.com.tr\/index.php\/urun\/seffaf_koruyucu_gozluk\/\" \/>\n<meta property=\"og:locale\" content=\"tr_TR\" \/>\n<meta property=\"og:type\" content=\"article\" \/>\n<meta property=\"og:title\" content=\"\u015eEFFAF KORUYUCU G\u00d6ZL\u00dcK - LULA ISG\" \/>\n<meta property=\"og:description\" content=\"Sportif \u015f\u0131k tasar\u0131m. Otoklav cihazlar\u0131nda, bas\u0131n\u00e7l\u0131 su buhar\u0131 ile 121 santigrat derece s\u0131cakl\u0131kta 15-20 dakikal\u0131k sterilizasyon yap\u0131lmaya uygundur.\" \/>\n<meta property=\"og:url\" content=\"https:\/\/lulaisg.com.tr\/index.php\/urun\/seffaf_koruyucu_gozluk\/\" \/>\n<meta property=\"og:site_name\" content=\"LULA ISG\" \/>\n<meta property=\"article:modified_time\" content=\"2023-01-03T09:26:57+00:00\" \/>\n<meta property=\"og:image\" content=\"https:\/\/lulaisg.com.tr\/wp-content\/uploads\/2023\/01\/SEFFAF-KORUYUCU-GOZLUK.jpg\" \/>\n\t<meta property=\"og:image:width\" content=\"300\" \/>\n\t<meta property=\"og:image:height\" content=\"443\" \/>\n\t<meta property=\"og:image:type\" content=\"image\/jpeg\" \/>\n<meta name=\"twitter:card\" content=\"summary_large_image\" \/>\n<meta name=\"twitter:label1\" content=\"Tahmini okuma s\u00fcresi\" \/>\n\t<meta name=\"twitter:data1\" content=\"1 dakika\" \/>\n<script type=\"application\/ld+json\" class=\"yoast-schema-graph\">{\"@context\":\"https:\/\/schema.org\",\"@graph\":[{\"@type\":\"WebPage\",\"@id\":\"https:\/\/lulaisg.com.tr\/index.php\/urun\/seffaf_koruyucu_gozluk\/\",\"url\":\"https:\/\/lulaisg.com.tr\/index.php\/urun\/seffaf_koruyucu_gozluk\/\",\"name\":\"\u015eEFFAF KORUYUCU G\u00d6ZL\u00dcK - LULA ISG\",\"isPartOf\":{\"@id\":\"https:\/\/lulaisg.com.tr\/#website\"},\"datePublished\":\"2023-01-03T09:26:55+00:00\",\"dateModified\":\"2023-01-03T09:26:57+00:00\",\"description\":\"Sportif \u015f\u0131k tasar\u0131m. Otoklav cihazlar\u0131nda, bas\u0131n\u00e7l\u0131 su buhar\u0131 ile 121 santigrat derece s\u0131cakl\u0131kta 15-20 dakikal\u0131k sterilizasyon yap\u0131lmaya uygundur.\",\"breadcrumb\":{\"@id\":\"https:\/\/lulaisg.com.tr\/index.php\/urun\/seffaf_koruyucu_gozluk\/#breadcrumb\"},\"inLanguage\":\"tr\",\"potentialAction\":[{\"@type\":\"ReadAction\",\"target\":[\"https:\/\/lulaisg.com.tr\/index.php\/urun\/seffaf_koruyucu_gozluk\/\"]}]},{\"@type\":\"BreadcrumbList\",\"@id\":\"https:\/\/lulaisg.com.tr\/index.php\/urun\/seffaf_koruyucu_gozluk\/#breadcrumb\",\"itemListElement\":[{\"@type\":\"ListItem\",\"position\":1,\"name\":\"Anasayfa\",\"item\":\"https:\/\/lulaisg.com.tr\/\"},{\"@type\":\"ListItem\",\"position\":2,\"name\":\"Ma\u011faza\",\"item\":\"https:\/\/lulaisg.com.tr\/index.php\/magaza\/\"},{\"@type\":\"ListItem\",\"position\":3,\"name\":\"\u015eEFFAF KORUYUCU G\u00d6ZL\u00dcK\"}]},{\"@type\":\"WebSite\",\"@id\":\"https:\/\/lulaisg.com.tr\/#website\",\"url\":\"https:\/\/lulaisg.com.tr\/\",\"name\":\"LULA ISG\",\"description\":\"\",\"publisher\":{\"@id\":\"https:\/\/lulaisg.com.tr\/#organization\"},\"potentialAction\":[{\"@type\":\"SearchAction\",\"target\":{\"@type\":\"EntryPoint\",\"urlTemplate\":\"https:\/\/lulaisg.com.tr\/?s={search_term_string}\"},\"query-input\":\"required name=search_term_string\"}],\"inLanguage\":\"tr\"},{\"@type\":\"Organization\",\"@id\":\"https:\/\/lulaisg.com.tr\/#organization\",\"name\":\"LULA ISG\",\"url\":\"https:\/\/lulaisg.com.tr\/\",\"logo\":{\"@type\":\"ImageObject\",\"inLanguage\":\"tr\",\"@id\":\"https:\/\/lulaisg.com.tr\/#\/schema\/logo\/image\/\",\"url\":\"https:\/\/lulaisg.com.tr\/wp-content\/uploads\/2022\/12\/pera_logo_yatay_4@4x.png\",\"contentUrl\":\"https:\/\/lulaisg.com.tr\/wp-content\/uploads\/2022\/12\/pera_logo_yatay_4@4x.png\",\"width\":1035,\"height\":441,\"caption\":\"LULA ISG\"},\"image\":{\"@id\":\"https:\/\/lulaisg.com.tr\/#\/schema\/logo\/image\/\"}}]}<\/script>\n<!-- \/ Yoast SEO plugin. -->","yoast_head_json":{"title":"\u015eEFFAF KORUYUCU G\u00d6ZL\u00dcK - LULA ISG","description":"Sportif \u015f\u0131k tasar\u0131m. Otoklav cihazlar\u0131nda, bas\u0131n\u00e7l\u0131 su buhar\u0131 ile 121 santigrat derece s\u0131cakl\u0131kta 15-20 dakikal\u0131k sterilizasyon yap\u0131lmaya uygundur.","robots":{"index":"index","follow":"follow","max-snippet":"max-snippet:-1","max-image-preview":"max-image-preview:large","max-video-preview":"max-video-preview:-1"},"canonical":"https:\/\/lulaisg.com.tr\/index.php\/urun\/seffaf_koruyucu_gozluk\/","og_locale":"tr_TR","og_type":"article","og_title":"\u015eEFFAF KORUYUCU G\u00d6ZL\u00dcK - LULA ISG","og_description":"Sportif \u015f\u0131k tasar\u0131m. Otoklav cihazlar\u0131nda, bas\u0131n\u00e7l\u0131 su buhar\u0131 ile 121 santigrat derece s\u0131cakl\u0131kta 15-20 dakikal\u0131k sterilizasyon yap\u0131lmaya uygundur.","og_url":"https:\/\/lulaisg.com.tr\/index.php\/urun\/seffaf_koruyucu_gozluk\/","og_site_name":"LULA ISG","article_modified_time":"2023-01-03T09:26:57+00:00","og_image":[{"width":300,"height":443,"url":"https:\/\/lulaisg.com.tr\/wp-content\/uploads\/2023\/01\/SEFFAF-KORUYUCU-GOZLUK.jpg","type":"image\/jpeg"}],"twitter_card":"summary_large_image","twitter_misc":{"Tahmini okuma s\u00fcresi":"1 dakika"},"schema":{"@context":"https:\/\/schema.org","@graph":[{"@type":"WebPage","@id":"https:\/\/lulaisg.com.tr\/index.php\/urun\/seffaf_koruyucu_gozluk\/","url":"https:\/\/lulaisg.com.tr\/index.php\/urun\/seffaf_koruyucu_gozluk\/","name":"\u015eEFFAF KORUYUCU G\u00d6ZL\u00dcK - LULA ISG","isPartOf":{"@id":"https:\/\/lulaisg.com.tr\/#website"},"datePublished":"2023-01-03T09:26:55+00:00","dateModified":"2023-01-03T09:26:57+00:00","description":"Sportif \u015f\u0131k tasar\u0131m. Otoklav cihazlar\u0131nda, bas\u0131n\u00e7l\u0131 su buhar\u0131 ile 121 santigrat derece s\u0131cakl\u0131kta 15-20 dakikal\u0131k sterilizasyon yap\u0131lmaya uygundur.","breadcrumb":{"@id":"https:\/\/lulaisg.com.tr\/index.php\/urun\/seffaf_koruyucu_gozluk\/#breadcrumb"},"inLanguage":"tr","potentialAction":[{"@type":"ReadAction","target":["https:\/\/lulaisg.com.tr\/index.php\/urun\/seffaf_koruyucu_gozluk\/"]}]},{"@type":"BreadcrumbList","@id":"https:\/\/lulaisg.com.tr\/index.php\/urun\/seffaf_koruyucu_gozluk\/#breadcrumb","itemListElement":[{"@type":"ListItem","position":1,"name":"Anasayfa","item":"https:\/\/lulaisg.com.tr\/"},{"@type":"ListItem","position":2,"name":"Ma\u011faza","item":"https:\/\/lulaisg.com.tr\/index.php\/magaza\/"},{"@type":"ListItem","position":3,"name":"\u015eEFFAF KORUYUCU G\u00d6ZL\u00dcK"}]},{"@type":"WebSite","@id":"https:\/\/lulaisg.com.tr\/#website","url":"https:\/\/lulaisg.com.tr\/","name":"LULA ISG","description":"","publisher":{"@id":"https:\/\/lulaisg.com.tr\/#organization"},"potentialAction":[{"@type":"SearchAction","target":{"@type":"EntryPoint","urlTemplate":"https:\/\/lulaisg.com.tr\/?s={search_term_string}"},"query-input":"required name=search_term_string"}],"inLanguage":"tr"},{"@type":"Organization","@id":"https:\/\/lulaisg.com.tr\/#organization","name":"LULA ISG","url":"https:\/\/lulaisg.com.tr\/","logo":{"@type":"ImageObject","inLanguage":"tr","@id":"https:\/\/lulaisg.com.tr\/#\/schema\/logo\/image\/","url":"https:\/\/lulaisg.com.tr\/wp-content\/uploads\/2022\/12\/pera_logo_yatay_4@4x.png","contentUrl":"https:\/\/lulaisg.com.tr\/wp-content\/uploads\/2022\/12\/pera_logo_yatay_4@4x.png","width":1035,"height":441,"caption":"LULA ISG"},"image":{"@id":"https:\/\/lulaisg.com.tr\/#\/schema\/logo\/image\/"}}]}},"_links":{"self":[{"href":"https:\/\/lulaisg.com.tr\/index.php\/wp-json\/wp\/v2\/product\/2124","targetHints":{"allow":["GET"]}}],"collection":[{"href":"https:\/\/lulaisg.com.tr\/index.php\/wp-json\/wp\/v2\/product"}],"about":[{"href":"https:\/\/lulaisg.com.tr\/index.php\/wp-json\/wp\/v2\/types\/product"}],"replies":[{"embeddable":true,"href":"https:\/\/lulaisg.com.tr\/index.php\/wp-json\/wp\/v2\/comments?post=2124"}],"wp:featuredmedia":[{"embeddable":true,"href":"https:\/\/lulaisg.com.tr\/index.php\/wp-json\/wp\/v2\/media\/2125"}],"wp:attachment":[{"href":"https:\/\/lulaisg.com.tr\/index.php\/wp-json\/wp\/v2\/media?parent=2124"}],"wp:term":[{"taxonomy":"product_cat","embeddable":true,"href":"https:\/\/lulaisg.com.tr\/index.php\/wp-json\/wp\/v2\/product_cat?post=2124"},{"taxonomy":"product_tag","embeddable":true,"href":"https:\/\/lulaisg.com.tr\/index.php\/wp-json\/wp\/v2\/product_tag?post=2124"}],"curies":[{"name":"wp","href":"https:\/\/api.w.org\/{rel}","templated":true}]}}