{"id":2119,"date":"2022-12-22T16:04:26","date_gmt":"2022-12-22T16:04:26","guid":{"rendered":"https:\/\/peraisguvenligi.com\/?post_type=product&#038;p=2119"},"modified":"2022-12-22T16:04:28","modified_gmt":"2022-12-22T16:04:28","slug":"vizwell-oxford-51-reflektorlu-parka","status":"publish","type":"product","link":"https:\/\/lulaisg.com.tr\/index.php\/urun\/vizwell-oxford-51-reflektorlu-parka\/","title":{"rendered":"V\u0130ZWELL 5+1 REFLEKT\u00d6RL\u00dc PARKA"},"content":{"rendered":"<p>100% Polyester, poli\u00fcretan kapl\u0131 y\u0131rt\u0131lmaz 300 D Oxford Kuma\u015f<br \/>\nD\u0131\u015f ceket i\u00e7in su ge\u00e7irmez bantl\u0131 diki\u015fler, \u00e7\u0131t\u00e7\u0131tl\u0131 \u00f6n kapak, gizli kapi\u015fon<br \/>\nBir adet cep telefonu cebi fermuarl\u0131 napolyon cep<br \/>\nElleri s\u0131cak tutmak i\u00e7in alt k\u0131s\u0131mda 2 adet yandan giri\u015fli yama cep<br \/>\nEN 471 s\u0131n\u0131f 2 seviye iki kollar\u0131 fermuarl\u0131 ve s\u00f6k\u00fclebilir \u00e7ift tarafl\u0131 giyilebilir v\u00fccut \u0131s\u0131t\u0131c\u0131<br \/>\nFermuarl\u0131 s\u00f6k\u00fclebilir v\u00fccut \u0131s\u0131t\u0131c\u0131 muflonlu \u00e7ift tarafl\u0131 olarak giyilebilir<br \/>\nLogo bask\u0131s\u0131 veya i\u015fleme i\u00e7in d\u0131\u015f ceket astar\u0131 \u00fczerinde fermuarl\u0131 eri\u015fim<\/p>\n","protected":false},"excerpt":{"rendered":"<p>Her t\u00fcrl\u00fc hava ko\u015fullar\u0131na uygun 5 adet esnek konfig\u00fcrasyon<\/p>\n","protected":false},"featured_media":2120,"comment_status":"open","ping_status":"closed","template":"","meta":[],"product_cat":[15,116],"product_tag":[117,118,119,386,121],"class_list":{"0":"post-2119","1":"product","2":"type-product","3":"status-publish","4":"has-post-thumbnail","6":"product_cat-genel","7":"product_cat-vucut-koruyucular","8":"product_tag-mont","9":"product_tag-oxford","10":"product_tag-parka","11":"product_tag-polyester","12":"product_tag-reflektorlu","14":"first","15":"instock","16":"shipping-taxable","17":"product-type-simple"},"yoast_head":"<!-- This site is optimized with the Yoast SEO plugin v22.1 - https:\/\/yoast.com\/wordpress\/plugins\/seo\/ -->\n<title>V\u0130ZWELL 5+1 REFLEKT\u00d6RL\u00dc PARKA - LULA ISG<\/title>\n<meta name=\"description\" content=\"100% Polyester, poli\u00fcretan kapl\u0131 y\u0131rt\u0131lmaz 300 D Oxford Kuma\u015fD\u0131\u015f ceket i\u00e7in su ge\u00e7irmez bantl\u0131 diki\u015fler, \u00e7\u0131t\u00e7\u0131tl\u0131 \u00f6n kapak, gizli kapi\u015fon\" \/>\n<meta name=\"robots\" content=\"index, follow, max-snippet:-1, max-image-preview:large, max-video-preview:-1\" \/>\n<link rel=\"canonical\" href=\"https:\/\/lulaisg.com.tr\/index.php\/urun\/vizwell-oxford-51-reflektorlu-parka\/\" \/>\n<meta property=\"og:locale\" content=\"tr_TR\" \/>\n<meta property=\"og:type\" content=\"article\" \/>\n<meta property=\"og:title\" content=\"V\u0130ZWELL 5+1 REFLEKT\u00d6RL\u00dc PARKA - LULA ISG\" \/>\n<meta property=\"og:description\" content=\"100% Polyester, poli\u00fcretan kapl\u0131 y\u0131rt\u0131lmaz 300 D Oxford Kuma\u015fD\u0131\u015f ceket i\u00e7in su ge\u00e7irmez bantl\u0131 diki\u015fler, \u00e7\u0131t\u00e7\u0131tl\u0131 \u00f6n kapak, gizli kapi\u015fon\" \/>\n<meta property=\"og:url\" content=\"https:\/\/lulaisg.com.tr\/index.php\/urun\/vizwell-oxford-51-reflektorlu-parka\/\" \/>\n<meta property=\"og:site_name\" content=\"LULA ISG\" \/>\n<meta property=\"article:modified_time\" content=\"2022-12-22T16:04:28+00:00\" \/>\n<meta property=\"og:image\" content=\"https:\/\/lulaisg.com.tr\/wp-content\/uploads\/2022\/12\/51-PARKA-.jpg\" \/>\n\t<meta property=\"og:image:width\" content=\"1000\" \/>\n\t<meta property=\"og:image:height\" content=\"1000\" \/>\n\t<meta property=\"og:image:type\" content=\"image\/jpeg\" \/>\n<meta name=\"twitter:card\" content=\"summary_large_image\" \/>\n<meta name=\"twitter:label1\" content=\"Tahmini okuma s\u00fcresi\" \/>\n\t<meta name=\"twitter:data1\" content=\"1 dakika\" \/>\n<script type=\"application\/ld+json\" class=\"yoast-schema-graph\">{\"@context\":\"https:\/\/schema.org\",\"@graph\":[{\"@type\":\"WebPage\",\"@id\":\"https:\/\/lulaisg.com.tr\/index.php\/urun\/vizwell-oxford-51-reflektorlu-parka\/\",\"url\":\"https:\/\/lulaisg.com.tr\/index.php\/urun\/vizwell-oxford-51-reflektorlu-parka\/\",\"name\":\"V\u0130ZWELL 5+1 REFLEKT\u00d6RL\u00dc PARKA - LULA ISG\",\"isPartOf\":{\"@id\":\"https:\/\/lulaisg.com.tr\/#website\"},\"datePublished\":\"2022-12-22T16:04:26+00:00\",\"dateModified\":\"2022-12-22T16:04:28+00:00\",\"description\":\"100% Polyester, poli\u00fcretan kapl\u0131 y\u0131rt\u0131lmaz 300 D Oxford Kuma\u015fD\u0131\u015f ceket i\u00e7in su ge\u00e7irmez bantl\u0131 diki\u015fler, \u00e7\u0131t\u00e7\u0131tl\u0131 \u00f6n kapak, gizli kapi\u015fon\",\"breadcrumb\":{\"@id\":\"https:\/\/lulaisg.com.tr\/index.php\/urun\/vizwell-oxford-51-reflektorlu-parka\/#breadcrumb\"},\"inLanguage\":\"tr\",\"potentialAction\":[{\"@type\":\"ReadAction\",\"target\":[\"https:\/\/lulaisg.com.tr\/index.php\/urun\/vizwell-oxford-51-reflektorlu-parka\/\"]}]},{\"@type\":\"BreadcrumbList\",\"@id\":\"https:\/\/lulaisg.com.tr\/index.php\/urun\/vizwell-oxford-51-reflektorlu-parka\/#breadcrumb\",\"itemListElement\":[{\"@type\":\"ListItem\",\"position\":1,\"name\":\"Anasayfa\",\"item\":\"https:\/\/lulaisg.com.tr\/\"},{\"@type\":\"ListItem\",\"position\":2,\"name\":\"Ma\u011faza\",\"item\":\"https:\/\/lulaisg.com.tr\/index.php\/magaza\/\"},{\"@type\":\"ListItem\",\"position\":3,\"name\":\"V\u0130ZWELL 5+1 REFLEKT\u00d6RL\u00dc PARKA\"}]},{\"@type\":\"WebSite\",\"@id\":\"https:\/\/lulaisg.com.tr\/#website\",\"url\":\"https:\/\/lulaisg.com.tr\/\",\"name\":\"LULA ISG\",\"description\":\"\",\"publisher\":{\"@id\":\"https:\/\/lulaisg.com.tr\/#organization\"},\"potentialAction\":[{\"@type\":\"SearchAction\",\"target\":{\"@type\":\"EntryPoint\",\"urlTemplate\":\"https:\/\/lulaisg.com.tr\/?s={search_term_string}\"},\"query-input\":\"required name=search_term_string\"}],\"inLanguage\":\"tr\"},{\"@type\":\"Organization\",\"@id\":\"https:\/\/lulaisg.com.tr\/#organization\",\"name\":\"LULA ISG\",\"url\":\"https:\/\/lulaisg.com.tr\/\",\"logo\":{\"@type\":\"ImageObject\",\"inLanguage\":\"tr\",\"@id\":\"https:\/\/lulaisg.com.tr\/#\/schema\/logo\/image\/\",\"url\":\"https:\/\/lulaisg.com.tr\/wp-content\/uploads\/2022\/12\/pera_logo_yatay_4@4x.png\",\"contentUrl\":\"https:\/\/lulaisg.com.tr\/wp-content\/uploads\/2022\/12\/pera_logo_yatay_4@4x.png\",\"width\":1035,\"height\":441,\"caption\":\"LULA ISG\"},\"image\":{\"@id\":\"https:\/\/lulaisg.com.tr\/#\/schema\/logo\/image\/\"}}]}<\/script>\n<!-- \/ Yoast SEO plugin. -->","yoast_head_json":{"title":"V\u0130ZWELL 5+1 REFLEKT\u00d6RL\u00dc PARKA - LULA ISG","description":"100% Polyester, poli\u00fcretan kapl\u0131 y\u0131rt\u0131lmaz 300 D Oxford Kuma\u015fD\u0131\u015f ceket i\u00e7in su ge\u00e7irmez bantl\u0131 diki\u015fler, \u00e7\u0131t\u00e7\u0131tl\u0131 \u00f6n kapak, gizli kapi\u015fon","robots":{"index":"index","follow":"follow","max-snippet":"max-snippet:-1","max-image-preview":"max-image-preview:large","max-video-preview":"max-video-preview:-1"},"canonical":"https:\/\/lulaisg.com.tr\/index.php\/urun\/vizwell-oxford-51-reflektorlu-parka\/","og_locale":"tr_TR","og_type":"article","og_title":"V\u0130ZWELL 5+1 REFLEKT\u00d6RL\u00dc PARKA - LULA ISG","og_description":"100% Polyester, poli\u00fcretan kapl\u0131 y\u0131rt\u0131lmaz 300 D Oxford Kuma\u015fD\u0131\u015f ceket i\u00e7in su ge\u00e7irmez bantl\u0131 diki\u015fler, \u00e7\u0131t\u00e7\u0131tl\u0131 \u00f6n kapak, gizli kapi\u015fon","og_url":"https:\/\/lulaisg.com.tr\/index.php\/urun\/vizwell-oxford-51-reflektorlu-parka\/","og_site_name":"LULA ISG","article_modified_time":"2022-12-22T16:04:28+00:00","og_image":[{"width":1000,"height":1000,"url":"https:\/\/lulaisg.com.tr\/wp-content\/uploads\/2022\/12\/51-PARKA-.jpg","type":"image\/jpeg"}],"twitter_card":"summary_large_image","twitter_misc":{"Tahmini okuma s\u00fcresi":"1 dakika"},"schema":{"@context":"https:\/\/schema.org","@graph":[{"@type":"WebPage","@id":"https:\/\/lulaisg.com.tr\/index.php\/urun\/vizwell-oxford-51-reflektorlu-parka\/","url":"https:\/\/lulaisg.com.tr\/index.php\/urun\/vizwell-oxford-51-reflektorlu-parka\/","name":"V\u0130ZWELL 5+1 REFLEKT\u00d6RL\u00dc PARKA - LULA ISG","isPartOf":{"@id":"https:\/\/lulaisg.com.tr\/#website"},"datePublished":"2022-12-22T16:04:26+00:00","dateModified":"2022-12-22T16:04:28+00:00","description":"100% Polyester, poli\u00fcretan kapl\u0131 y\u0131rt\u0131lmaz 300 D Oxford Kuma\u015fD\u0131\u015f ceket i\u00e7in su ge\u00e7irmez bantl\u0131 diki\u015fler, \u00e7\u0131t\u00e7\u0131tl\u0131 \u00f6n kapak, gizli kapi\u015fon","breadcrumb":{"@id":"https:\/\/lulaisg.com.tr\/index.php\/urun\/vizwell-oxford-51-reflektorlu-parka\/#breadcrumb"},"inLanguage":"tr","potentialAction":[{"@type":"ReadAction","target":["https:\/\/lulaisg.com.tr\/index.php\/urun\/vizwell-oxford-51-reflektorlu-parka\/"]}]},{"@type":"BreadcrumbList","@id":"https:\/\/lulaisg.com.tr\/index.php\/urun\/vizwell-oxford-51-reflektorlu-parka\/#breadcrumb","itemListElement":[{"@type":"ListItem","position":1,"name":"Anasayfa","item":"https:\/\/lulaisg.com.tr\/"},{"@type":"ListItem","position":2,"name":"Ma\u011faza","item":"https:\/\/lulaisg.com.tr\/index.php\/magaza\/"},{"@type":"ListItem","position":3,"name":"V\u0130ZWELL 5+1 REFLEKT\u00d6RL\u00dc PARKA"}]},{"@type":"WebSite","@id":"https:\/\/lulaisg.com.tr\/#website","url":"https:\/\/lulaisg.com.tr\/","name":"LULA ISG","description":"","publisher":{"@id":"https:\/\/lulaisg.com.tr\/#organization"},"potentialAction":[{"@type":"SearchAction","target":{"@type":"EntryPoint","urlTemplate":"https:\/\/lulaisg.com.tr\/?s={search_term_string}"},"query-input":"required name=search_term_string"}],"inLanguage":"tr"},{"@type":"Organization","@id":"https:\/\/lulaisg.com.tr\/#organization","name":"LULA ISG","url":"https:\/\/lulaisg.com.tr\/","logo":{"@type":"ImageObject","inLanguage":"tr","@id":"https:\/\/lulaisg.com.tr\/#\/schema\/logo\/image\/","url":"https:\/\/lulaisg.com.tr\/wp-content\/uploads\/2022\/12\/pera_logo_yatay_4@4x.png","contentUrl":"https:\/\/lulaisg.com.tr\/wp-content\/uploads\/2022\/12\/pera_logo_yatay_4@4x.png","width":1035,"height":441,"caption":"LULA ISG"},"image":{"@id":"https:\/\/lulaisg.com.tr\/#\/schema\/logo\/image\/"}}]}},"_links":{"self":[{"href":"https:\/\/lulaisg.com.tr\/index.php\/wp-json\/wp\/v2\/product\/2119","targetHints":{"allow":["GET"]}}],"collection":[{"href":"https:\/\/lulaisg.com.tr\/index.php\/wp-json\/wp\/v2\/product"}],"about":[{"href":"https:\/\/lulaisg.com.tr\/index.php\/wp-json\/wp\/v2\/types\/product"}],"replies":[{"embeddable":true,"href":"https:\/\/lulaisg.com.tr\/index.php\/wp-json\/wp\/v2\/comments?post=2119"}],"wp:featuredmedia":[{"embeddable":true,"href":"https:\/\/lulaisg.com.tr\/index.php\/wp-json\/wp\/v2\/media\/2120"}],"wp:attachment":[{"href":"https:\/\/lulaisg.com.tr\/index.php\/wp-json\/wp\/v2\/media?parent=2119"}],"wp:term":[{"taxonomy":"product_cat","embeddable":true,"href":"https:\/\/lulaisg.com.tr\/index.php\/wp-json\/wp\/v2\/product_cat?post=2119"},{"taxonomy":"product_tag","embeddable":true,"href":"https:\/\/lulaisg.com.tr\/index.php\/wp-json\/wp\/v2\/product_tag?post=2119"}],"curies":[{"name":"wp","href":"https:\/\/api.w.org\/{rel}","templated":true}]}}