{"id":2103,"date":"2022-12-16T09:24:50","date_gmt":"2022-12-16T09:24:50","guid":{"rendered":"https:\/\/peraisguvenligi.com\/?post_type=product&#038;p=2103"},"modified":"2022-12-16T09:24:52","modified_gmt":"2022-12-16T09:24:52","slug":"era-6110-ffp1-v-nr-d-maske","status":"publish","type":"product","link":"https:\/\/lulaisg.com.tr\/index.php\/urun\/era-6110-ffp1-v-nr-d-maske\/","title":{"rendered":"ERA 6110 FFP1 V NR D MASKE"},"content":{"rendered":"<p>Koruma D\u00fczeyi (NFP&#8217;ye g\u00f6re):<strong>4 X OEL<br \/>\n<\/strong>Vir\u00fcs korumas\u0131 yoktur<br \/>\nCE Belgeli<\/p>\n<ul>\n<li class=\"aliste-ic\"><span class=\"ktanim\"><i><strong>NR<\/strong>\u00a0Yeniden Kullan\u0131lamaz. Tek kullan\u0131ml\u0131k.<br \/>\n<\/i><\/span><\/li>\n<li>\n<div class=\"aliste-ic\"><span class=\"ktanim\"><i><strong>R<\/strong>\u00a0Yeniden Kullan\u0131labilir.<\/i><\/span><\/div>\n<\/li>\n<li>\n<div class=\"aliste-ic\"><span class=\"ktanim\"><i><\/i><i><strong>D<\/strong>\u00a0(Dolomite) T\u0131kanma direnci gereksinimlerini kar\u015f\u0131lar.<\/i><\/span><\/div>\n<\/li>\n<li>\n<div class=\"aliste-ic\"><span class=\"ktanim\"><i><\/i><i><strong>V<\/strong> Maske ventile sahiptir.<br \/>\nKat\u0131 maddeler ve s\u0131v\u0131 aerosellere kar\u015f\u0131 koruma i\u00e7indir.<br \/>\nU\u00e7ucu aerosellere kar\u015f\u0131 kullanmay\u0131n\u0131z.<br \/>\nPatlay\u0131c\u0131 alanlarda kullan\u0131lmaz.<br \/>\nTek kullan\u0131ml\u0131kt\u0131r.<br \/>\nKullan\u0131m sonras\u0131 at\u0131lmas\u0131 gerekir.<\/i><\/span><i><\/i><\/div>\n<\/li>\n<\/ul>\n","protected":false},"excerpt":{"rendered":"<ul class=\"tnot\">\n<li>FFP1 maskeler 0.30 mikron b\u00fcy\u00fckl\u00fc\u011f\u00fcndeki kat\u0131 partik\u00fcller, mikroorganizmalar ve vir\u00fcslere kar\u015f\u0131 minumum %80 koruma sa\u011flar.<\/li>\n<li>EN 149:2001+ A1:2009 standartlar\u0131na uygun.<\/li>\n<\/ul>\n","protected":false},"featured_media":2105,"comment_status":"open","ping_status":"closed","template":"","meta":[],"product_cat":[15,73],"product_tag":[378,76,370,375,388],"class_list":{"0":"post-2103","1":"product","2":"type-product","3":"status-publish","4":"has-post-thumbnail","6":"product_cat-genel","7":"product_cat-solunum-koruyucular","8":"product_tag-konik","9":"product_tag-maske","10":"product_tag-solunum","11":"product_tag-ventilli","12":"product_tag-yuzmaskesi","14":"first","15":"instock","16":"shipping-taxable","17":"product-type-simple"},"yoast_head":"<!-- This site is optimized with the Yoast SEO plugin v22.1 - https:\/\/yoast.com\/wordpress\/plugins\/seo\/ -->\n<title>ERA 6110 FFP1 V NR D MASKE - LULA ISG<\/title>\n<meta name=\"description\" content=\"Kat\u0131 maddeler ve s\u0131v\u0131 aerosellere kar\u015f\u0131 koruma i\u00e7indir.U\u00e7ucu aerosellere kar\u015f\u0131 kullanmay\u0131n\u0131z. Vir\u00fcs korumas\u0131 yoktur. CE Belgeli\" \/>\n<meta name=\"robots\" content=\"index, follow, max-snippet:-1, max-image-preview:large, max-video-preview:-1\" \/>\n<link rel=\"canonical\" href=\"https:\/\/lulaisg.com.tr\/index.php\/urun\/era-6110-ffp1-v-nr-d-maske\/\" \/>\n<meta property=\"og:locale\" content=\"tr_TR\" \/>\n<meta property=\"og:type\" content=\"article\" \/>\n<meta property=\"og:title\" content=\"ERA 6110 FFP1 V NR D MASKE - LULA ISG\" \/>\n<meta property=\"og:description\" content=\"Kat\u0131 maddeler ve s\u0131v\u0131 aerosellere kar\u015f\u0131 koruma i\u00e7indir.U\u00e7ucu aerosellere kar\u015f\u0131 kullanmay\u0131n\u0131z. Vir\u00fcs korumas\u0131 yoktur. CE Belgeli\" \/>\n<meta property=\"og:url\" content=\"https:\/\/lulaisg.com.tr\/index.php\/urun\/era-6110-ffp1-v-nr-d-maske\/\" \/>\n<meta property=\"og:site_name\" content=\"LULA ISG\" \/>\n<meta property=\"article:modified_time\" content=\"2022-12-16T09:24:52+00:00\" \/>\n<meta property=\"og:image\" content=\"https:\/\/lulaisg.com.tr\/wp-content\/uploads\/2022\/12\/6110-ERA-MASKE.jpg\" \/>\n\t<meta property=\"og:image:width\" content=\"1280\" \/>\n\t<meta property=\"og:image:height\" content=\"1280\" \/>\n\t<meta property=\"og:image:type\" content=\"image\/jpeg\" \/>\n<meta name=\"twitter:card\" content=\"summary_large_image\" \/>\n<meta name=\"twitter:label1\" content=\"Tahmini okuma s\u00fcresi\" \/>\n\t<meta name=\"twitter:data1\" content=\"1 dakika\" \/>\n<script type=\"application\/ld+json\" class=\"yoast-schema-graph\">{\"@context\":\"https:\/\/schema.org\",\"@graph\":[{\"@type\":\"WebPage\",\"@id\":\"https:\/\/lulaisg.com.tr\/index.php\/urun\/era-6110-ffp1-v-nr-d-maske\/\",\"url\":\"https:\/\/lulaisg.com.tr\/index.php\/urun\/era-6110-ffp1-v-nr-d-maske\/\",\"name\":\"ERA 6110 FFP1 V NR D MASKE - LULA ISG\",\"isPartOf\":{\"@id\":\"https:\/\/lulaisg.com.tr\/#website\"},\"datePublished\":\"2022-12-16T09:24:50+00:00\",\"dateModified\":\"2022-12-16T09:24:52+00:00\",\"description\":\"Kat\u0131 maddeler ve s\u0131v\u0131 aerosellere kar\u015f\u0131 koruma i\u00e7indir.U\u00e7ucu aerosellere kar\u015f\u0131 kullanmay\u0131n\u0131z. Vir\u00fcs korumas\u0131 yoktur. CE Belgeli\",\"breadcrumb\":{\"@id\":\"https:\/\/lulaisg.com.tr\/index.php\/urun\/era-6110-ffp1-v-nr-d-maske\/#breadcrumb\"},\"inLanguage\":\"tr\",\"potentialAction\":[{\"@type\":\"ReadAction\",\"target\":[\"https:\/\/lulaisg.com.tr\/index.php\/urun\/era-6110-ffp1-v-nr-d-maske\/\"]}]},{\"@type\":\"BreadcrumbList\",\"@id\":\"https:\/\/lulaisg.com.tr\/index.php\/urun\/era-6110-ffp1-v-nr-d-maske\/#breadcrumb\",\"itemListElement\":[{\"@type\":\"ListItem\",\"position\":1,\"name\":\"Anasayfa\",\"item\":\"https:\/\/lulaisg.com.tr\/\"},{\"@type\":\"ListItem\",\"position\":2,\"name\":\"Ma\u011faza\",\"item\":\"https:\/\/lulaisg.com.tr\/index.php\/magaza\/\"},{\"@type\":\"ListItem\",\"position\":3,\"name\":\"ERA 6110 FFP1 V NR D MASKE\"}]},{\"@type\":\"WebSite\",\"@id\":\"https:\/\/lulaisg.com.tr\/#website\",\"url\":\"https:\/\/lulaisg.com.tr\/\",\"name\":\"LULA ISG\",\"description\":\"\",\"publisher\":{\"@id\":\"https:\/\/lulaisg.com.tr\/#organization\"},\"potentialAction\":[{\"@type\":\"SearchAction\",\"target\":{\"@type\":\"EntryPoint\",\"urlTemplate\":\"https:\/\/lulaisg.com.tr\/?s={search_term_string}\"},\"query-input\":\"required name=search_term_string\"}],\"inLanguage\":\"tr\"},{\"@type\":\"Organization\",\"@id\":\"https:\/\/lulaisg.com.tr\/#organization\",\"name\":\"LULA ISG\",\"url\":\"https:\/\/lulaisg.com.tr\/\",\"logo\":{\"@type\":\"ImageObject\",\"inLanguage\":\"tr\",\"@id\":\"https:\/\/lulaisg.com.tr\/#\/schema\/logo\/image\/\",\"url\":\"https:\/\/lulaisg.com.tr\/wp-content\/uploads\/2022\/12\/pera_logo_yatay_4@4x.png\",\"contentUrl\":\"https:\/\/lulaisg.com.tr\/wp-content\/uploads\/2022\/12\/pera_logo_yatay_4@4x.png\",\"width\":1035,\"height\":441,\"caption\":\"LULA ISG\"},\"image\":{\"@id\":\"https:\/\/lulaisg.com.tr\/#\/schema\/logo\/image\/\"}}]}<\/script>\n<!-- \/ Yoast SEO plugin. -->","yoast_head_json":{"title":"ERA 6110 FFP1 V NR D MASKE - LULA ISG","description":"Kat\u0131 maddeler ve s\u0131v\u0131 aerosellere kar\u015f\u0131 koruma i\u00e7indir.U\u00e7ucu aerosellere kar\u015f\u0131 kullanmay\u0131n\u0131z. Vir\u00fcs korumas\u0131 yoktur. CE Belgeli","robots":{"index":"index","follow":"follow","max-snippet":"max-snippet:-1","max-image-preview":"max-image-preview:large","max-video-preview":"max-video-preview:-1"},"canonical":"https:\/\/lulaisg.com.tr\/index.php\/urun\/era-6110-ffp1-v-nr-d-maske\/","og_locale":"tr_TR","og_type":"article","og_title":"ERA 6110 FFP1 V NR D MASKE - LULA ISG","og_description":"Kat\u0131 maddeler ve s\u0131v\u0131 aerosellere kar\u015f\u0131 koruma i\u00e7indir.U\u00e7ucu aerosellere kar\u015f\u0131 kullanmay\u0131n\u0131z. Vir\u00fcs korumas\u0131 yoktur. CE Belgeli","og_url":"https:\/\/lulaisg.com.tr\/index.php\/urun\/era-6110-ffp1-v-nr-d-maske\/","og_site_name":"LULA ISG","article_modified_time":"2022-12-16T09:24:52+00:00","og_image":[{"width":1280,"height":1280,"url":"https:\/\/lulaisg.com.tr\/wp-content\/uploads\/2022\/12\/6110-ERA-MASKE.jpg","type":"image\/jpeg"}],"twitter_card":"summary_large_image","twitter_misc":{"Tahmini okuma s\u00fcresi":"1 dakika"},"schema":{"@context":"https:\/\/schema.org","@graph":[{"@type":"WebPage","@id":"https:\/\/lulaisg.com.tr\/index.php\/urun\/era-6110-ffp1-v-nr-d-maske\/","url":"https:\/\/lulaisg.com.tr\/index.php\/urun\/era-6110-ffp1-v-nr-d-maske\/","name":"ERA 6110 FFP1 V NR D MASKE - LULA ISG","isPartOf":{"@id":"https:\/\/lulaisg.com.tr\/#website"},"datePublished":"2022-12-16T09:24:50+00:00","dateModified":"2022-12-16T09:24:52+00:00","description":"Kat\u0131 maddeler ve s\u0131v\u0131 aerosellere kar\u015f\u0131 koruma i\u00e7indir.U\u00e7ucu aerosellere kar\u015f\u0131 kullanmay\u0131n\u0131z. Vir\u00fcs korumas\u0131 yoktur. CE Belgeli","breadcrumb":{"@id":"https:\/\/lulaisg.com.tr\/index.php\/urun\/era-6110-ffp1-v-nr-d-maske\/#breadcrumb"},"inLanguage":"tr","potentialAction":[{"@type":"ReadAction","target":["https:\/\/lulaisg.com.tr\/index.php\/urun\/era-6110-ffp1-v-nr-d-maske\/"]}]},{"@type":"BreadcrumbList","@id":"https:\/\/lulaisg.com.tr\/index.php\/urun\/era-6110-ffp1-v-nr-d-maske\/#breadcrumb","itemListElement":[{"@type":"ListItem","position":1,"name":"Anasayfa","item":"https:\/\/lulaisg.com.tr\/"},{"@type":"ListItem","position":2,"name":"Ma\u011faza","item":"https:\/\/lulaisg.com.tr\/index.php\/magaza\/"},{"@type":"ListItem","position":3,"name":"ERA 6110 FFP1 V NR D MASKE"}]},{"@type":"WebSite","@id":"https:\/\/lulaisg.com.tr\/#website","url":"https:\/\/lulaisg.com.tr\/","name":"LULA ISG","description":"","publisher":{"@id":"https:\/\/lulaisg.com.tr\/#organization"},"potentialAction":[{"@type":"SearchAction","target":{"@type":"EntryPoint","urlTemplate":"https:\/\/lulaisg.com.tr\/?s={search_term_string}"},"query-input":"required name=search_term_string"}],"inLanguage":"tr"},{"@type":"Organization","@id":"https:\/\/lulaisg.com.tr\/#organization","name":"LULA ISG","url":"https:\/\/lulaisg.com.tr\/","logo":{"@type":"ImageObject","inLanguage":"tr","@id":"https:\/\/lulaisg.com.tr\/#\/schema\/logo\/image\/","url":"https:\/\/lulaisg.com.tr\/wp-content\/uploads\/2022\/12\/pera_logo_yatay_4@4x.png","contentUrl":"https:\/\/lulaisg.com.tr\/wp-content\/uploads\/2022\/12\/pera_logo_yatay_4@4x.png","width":1035,"height":441,"caption":"LULA ISG"},"image":{"@id":"https:\/\/lulaisg.com.tr\/#\/schema\/logo\/image\/"}}]}},"_links":{"self":[{"href":"https:\/\/lulaisg.com.tr\/index.php\/wp-json\/wp\/v2\/product\/2103","targetHints":{"allow":["GET"]}}],"collection":[{"href":"https:\/\/lulaisg.com.tr\/index.php\/wp-json\/wp\/v2\/product"}],"about":[{"href":"https:\/\/lulaisg.com.tr\/index.php\/wp-json\/wp\/v2\/types\/product"}],"replies":[{"embeddable":true,"href":"https:\/\/lulaisg.com.tr\/index.php\/wp-json\/wp\/v2\/comments?post=2103"}],"wp:featuredmedia":[{"embeddable":true,"href":"https:\/\/lulaisg.com.tr\/index.php\/wp-json\/wp\/v2\/media\/2105"}],"wp:attachment":[{"href":"https:\/\/lulaisg.com.tr\/index.php\/wp-json\/wp\/v2\/media?parent=2103"}],"wp:term":[{"taxonomy":"product_cat","embeddable":true,"href":"https:\/\/lulaisg.com.tr\/index.php\/wp-json\/wp\/v2\/product_cat?post=2103"},{"taxonomy":"product_tag","embeddable":true,"href":"https:\/\/lulaisg.com.tr\/index.php\/wp-json\/wp\/v2\/product_tag?post=2103"}],"curies":[{"name":"wp","href":"https:\/\/api.w.org\/{rel}","templated":true}]}}