{"id":2101,"date":"2022-12-16T09:15:49","date_gmt":"2022-12-16T09:15:49","guid":{"rendered":"https:\/\/peraisguvenligi.com\/?post_type=product&#038;p=2101"},"modified":"2022-12-16T09:15:51","modified_gmt":"2022-12-16T09:15:51","slug":"3m-6800-tam-yuz-maskesi","status":"publish","type":"product","link":"https:\/\/lulaisg.com.tr\/index.php\/urun\/3m-6800-tam-yuz-maskesi\/","title":{"rendered":"3M 6800 TAM Y\u00dcZ MASKES\u0130"},"content":{"rendered":"<ul>\n<li>Yumu\u015fak, alerjik olmayan elastomerik ba\u015f par\u00e7as\u0131 ile son derece hafif (400 gr)<\/li>\n<li>Geni\u015f g\u00f6r\u00fc\u015f alan\u0131 ve \u00e7izilmeye kar\u015f\u0131 dayan\u0131kl\u0131 tam y\u00fcz lensi (EN166:2001 B)<\/li>\n<li>Geli\u015fmi\u015f konfor, dayan\u0131kl\u0131l\u0131k ve temizleme kolayl\u0131\u011f\u0131 i\u00e7in hafif, iyi dengeli tasar\u0131m ve silikon y\u00fcz par\u00e7as\u0131<\/li>\n<li>Hava temizleme ve beslemeli hava solunum cihaz\u0131 modlar\u0131nda kullan\u0131labilir<\/li>\n<li>Merkez adapt\u00f6r verilen solu\u011fu a\u015fa\u011f\u0131 y\u00f6nlendirir<\/li>\n<li>3M So\u011fuk Ak\u0131\u015f Ventili, serin, kuru bir konfor sunmak i\u00e7in solunumu kolayla\u015ft\u0131r\u0131r<\/li>\n<li>Giyme ve \u00e7\u0131karmas\u0131 kolay olan iyi dengelenmi\u015f d\u00f6rt kay\u0131\u015fl\u0131 ba\u015f s\u00fcspansiyonu<\/li>\n<\/ul>\n","protected":false},"excerpt":{"rendered":"<p>Yeniden kullan\u0131labilir tam y\u00fcz maske hafiflik ve konforu sayesinde kullan\u0131m kolayl\u0131\u011f\u0131 sa\u011flar. Partik\u00fcller ve\/veya \u00e7e\u015fitli gazlar ve buharlara kar\u015f\u0131 solunum korumas\u0131na destek i\u00e7in uygun 3M\u2122 Partik\u00fcl Filtreleri ya da Kartu\u015flar\u0131 ile kombine edin.<\/p>\n","protected":false},"featured_media":2102,"comment_status":"open","ping_status":"closed","template":"","meta":[],"product_cat":[15,73],"product_tag":[387,76,370,83],"class_list":{"0":"post-2101","1":"product","2":"type-product","3":"status-publish","4":"has-post-thumbnail","6":"product_cat-genel","7":"product_cat-solunum-koruyucular","8":"product_tag-387","9":"product_tag-maske","10":"product_tag-solunum","11":"product_tag-tamyuz","13":"first","14":"instock","15":"shipping-taxable","16":"product-type-simple"},"yoast_head":"<!-- This site is optimized with the Yoast SEO plugin v22.1 - https:\/\/yoast.com\/wordpress\/plugins\/seo\/ -->\n<title>3M 6800 TAM Y\u00dcZ MASKES\u0130 - LULA ISG<\/title>\n<meta name=\"description\" content=\"Giyme ve \u00e7\u0131karmas\u0131 kolay olan iyi dengelenmi\u015f d\u00f6rt kay\u0131\u015fl\u0131 ba\u015f s\u00fcspansiyonu Merkez adapt\u00f6r verilen solu\u011fu a\u015fa\u011f\u0131 y\u00f6nlendirir\" \/>\n<meta name=\"robots\" content=\"index, follow, max-snippet:-1, max-image-preview:large, max-video-preview:-1\" \/>\n<link rel=\"canonical\" href=\"https:\/\/lulaisg.com.tr\/index.php\/urun\/3m-6800-tam-yuz-maskesi\/\" \/>\n<meta property=\"og:locale\" content=\"tr_TR\" \/>\n<meta property=\"og:type\" content=\"article\" \/>\n<meta property=\"og:title\" content=\"3M 6800 TAM Y\u00dcZ MASKES\u0130 - LULA ISG\" \/>\n<meta property=\"og:description\" content=\"Giyme ve \u00e7\u0131karmas\u0131 kolay olan iyi dengelenmi\u015f d\u00f6rt kay\u0131\u015fl\u0131 ba\u015f s\u00fcspansiyonu Merkez adapt\u00f6r verilen solu\u011fu a\u015fa\u011f\u0131 y\u00f6nlendirir\" \/>\n<meta property=\"og:url\" content=\"https:\/\/lulaisg.com.tr\/index.php\/urun\/3m-6800-tam-yuz-maskesi\/\" \/>\n<meta property=\"og:site_name\" content=\"LULA ISG\" \/>\n<meta property=\"article:modified_time\" content=\"2022-12-16T09:15:51+00:00\" \/>\n<meta property=\"og:image\" content=\"https:\/\/lulaisg.com.tr\/wp-content\/uploads\/2022\/12\/3M-6800-TAM-YUZ-MASKESI.jpg\" \/>\n\t<meta property=\"og:image:width\" content=\"375\" \/>\n\t<meta property=\"og:image:height\" content=\"375\" \/>\n\t<meta property=\"og:image:type\" content=\"image\/jpeg\" \/>\n<meta name=\"twitter:card\" content=\"summary_large_image\" \/>\n<meta name=\"twitter:label1\" content=\"Tahmini okuma s\u00fcresi\" \/>\n\t<meta name=\"twitter:data1\" content=\"1 dakika\" \/>\n<script type=\"application\/ld+json\" class=\"yoast-schema-graph\">{\"@context\":\"https:\/\/schema.org\",\"@graph\":[{\"@type\":\"WebPage\",\"@id\":\"https:\/\/lulaisg.com.tr\/index.php\/urun\/3m-6800-tam-yuz-maskesi\/\",\"url\":\"https:\/\/lulaisg.com.tr\/index.php\/urun\/3m-6800-tam-yuz-maskesi\/\",\"name\":\"3M 6800 TAM Y\u00dcZ MASKES\u0130 - LULA ISG\",\"isPartOf\":{\"@id\":\"https:\/\/lulaisg.com.tr\/#website\"},\"datePublished\":\"2022-12-16T09:15:49+00:00\",\"dateModified\":\"2022-12-16T09:15:51+00:00\",\"description\":\"Giyme ve \u00e7\u0131karmas\u0131 kolay olan iyi dengelenmi\u015f d\u00f6rt kay\u0131\u015fl\u0131 ba\u015f s\u00fcspansiyonu Merkez adapt\u00f6r verilen solu\u011fu a\u015fa\u011f\u0131 y\u00f6nlendirir\",\"breadcrumb\":{\"@id\":\"https:\/\/lulaisg.com.tr\/index.php\/urun\/3m-6800-tam-yuz-maskesi\/#breadcrumb\"},\"inLanguage\":\"tr\",\"potentialAction\":[{\"@type\":\"ReadAction\",\"target\":[\"https:\/\/lulaisg.com.tr\/index.php\/urun\/3m-6800-tam-yuz-maskesi\/\"]}]},{\"@type\":\"BreadcrumbList\",\"@id\":\"https:\/\/lulaisg.com.tr\/index.php\/urun\/3m-6800-tam-yuz-maskesi\/#breadcrumb\",\"itemListElement\":[{\"@type\":\"ListItem\",\"position\":1,\"name\":\"Anasayfa\",\"item\":\"https:\/\/lulaisg.com.tr\/\"},{\"@type\":\"ListItem\",\"position\":2,\"name\":\"Ma\u011faza\",\"item\":\"https:\/\/lulaisg.com.tr\/index.php\/magaza\/\"},{\"@type\":\"ListItem\",\"position\":3,\"name\":\"3M 6800 TAM Y\u00dcZ MASKES\u0130\"}]},{\"@type\":\"WebSite\",\"@id\":\"https:\/\/lulaisg.com.tr\/#website\",\"url\":\"https:\/\/lulaisg.com.tr\/\",\"name\":\"LULA ISG\",\"description\":\"\",\"publisher\":{\"@id\":\"https:\/\/lulaisg.com.tr\/#organization\"},\"potentialAction\":[{\"@type\":\"SearchAction\",\"target\":{\"@type\":\"EntryPoint\",\"urlTemplate\":\"https:\/\/lulaisg.com.tr\/?s={search_term_string}\"},\"query-input\":\"required name=search_term_string\"}],\"inLanguage\":\"tr\"},{\"@type\":\"Organization\",\"@id\":\"https:\/\/lulaisg.com.tr\/#organization\",\"name\":\"LULA ISG\",\"url\":\"https:\/\/lulaisg.com.tr\/\",\"logo\":{\"@type\":\"ImageObject\",\"inLanguage\":\"tr\",\"@id\":\"https:\/\/lulaisg.com.tr\/#\/schema\/logo\/image\/\",\"url\":\"https:\/\/lulaisg.com.tr\/wp-content\/uploads\/2022\/12\/pera_logo_yatay_4@4x.png\",\"contentUrl\":\"https:\/\/lulaisg.com.tr\/wp-content\/uploads\/2022\/12\/pera_logo_yatay_4@4x.png\",\"width\":1035,\"height\":441,\"caption\":\"LULA ISG\"},\"image\":{\"@id\":\"https:\/\/lulaisg.com.tr\/#\/schema\/logo\/image\/\"}}]}<\/script>\n<!-- \/ Yoast SEO plugin. -->","yoast_head_json":{"title":"3M 6800 TAM Y\u00dcZ MASKES\u0130 - LULA ISG","description":"Giyme ve \u00e7\u0131karmas\u0131 kolay olan iyi dengelenmi\u015f d\u00f6rt kay\u0131\u015fl\u0131 ba\u015f s\u00fcspansiyonu Merkez adapt\u00f6r verilen solu\u011fu a\u015fa\u011f\u0131 y\u00f6nlendirir","robots":{"index":"index","follow":"follow","max-snippet":"max-snippet:-1","max-image-preview":"max-image-preview:large","max-video-preview":"max-video-preview:-1"},"canonical":"https:\/\/lulaisg.com.tr\/index.php\/urun\/3m-6800-tam-yuz-maskesi\/","og_locale":"tr_TR","og_type":"article","og_title":"3M 6800 TAM Y\u00dcZ MASKES\u0130 - LULA ISG","og_description":"Giyme ve \u00e7\u0131karmas\u0131 kolay olan iyi dengelenmi\u015f d\u00f6rt kay\u0131\u015fl\u0131 ba\u015f s\u00fcspansiyonu Merkez adapt\u00f6r verilen solu\u011fu a\u015fa\u011f\u0131 y\u00f6nlendirir","og_url":"https:\/\/lulaisg.com.tr\/index.php\/urun\/3m-6800-tam-yuz-maskesi\/","og_site_name":"LULA ISG","article_modified_time":"2022-12-16T09:15:51+00:00","og_image":[{"width":375,"height":375,"url":"https:\/\/lulaisg.com.tr\/wp-content\/uploads\/2022\/12\/3M-6800-TAM-YUZ-MASKESI.jpg","type":"image\/jpeg"}],"twitter_card":"summary_large_image","twitter_misc":{"Tahmini okuma s\u00fcresi":"1 dakika"},"schema":{"@context":"https:\/\/schema.org","@graph":[{"@type":"WebPage","@id":"https:\/\/lulaisg.com.tr\/index.php\/urun\/3m-6800-tam-yuz-maskesi\/","url":"https:\/\/lulaisg.com.tr\/index.php\/urun\/3m-6800-tam-yuz-maskesi\/","name":"3M 6800 TAM Y\u00dcZ MASKES\u0130 - LULA ISG","isPartOf":{"@id":"https:\/\/lulaisg.com.tr\/#website"},"datePublished":"2022-12-16T09:15:49+00:00","dateModified":"2022-12-16T09:15:51+00:00","description":"Giyme ve \u00e7\u0131karmas\u0131 kolay olan iyi dengelenmi\u015f d\u00f6rt kay\u0131\u015fl\u0131 ba\u015f s\u00fcspansiyonu Merkez adapt\u00f6r verilen solu\u011fu a\u015fa\u011f\u0131 y\u00f6nlendirir","breadcrumb":{"@id":"https:\/\/lulaisg.com.tr\/index.php\/urun\/3m-6800-tam-yuz-maskesi\/#breadcrumb"},"inLanguage":"tr","potentialAction":[{"@type":"ReadAction","target":["https:\/\/lulaisg.com.tr\/index.php\/urun\/3m-6800-tam-yuz-maskesi\/"]}]},{"@type":"BreadcrumbList","@id":"https:\/\/lulaisg.com.tr\/index.php\/urun\/3m-6800-tam-yuz-maskesi\/#breadcrumb","itemListElement":[{"@type":"ListItem","position":1,"name":"Anasayfa","item":"https:\/\/lulaisg.com.tr\/"},{"@type":"ListItem","position":2,"name":"Ma\u011faza","item":"https:\/\/lulaisg.com.tr\/index.php\/magaza\/"},{"@type":"ListItem","position":3,"name":"3M 6800 TAM Y\u00dcZ MASKES\u0130"}]},{"@type":"WebSite","@id":"https:\/\/lulaisg.com.tr\/#website","url":"https:\/\/lulaisg.com.tr\/","name":"LULA ISG","description":"","publisher":{"@id":"https:\/\/lulaisg.com.tr\/#organization"},"potentialAction":[{"@type":"SearchAction","target":{"@type":"EntryPoint","urlTemplate":"https:\/\/lulaisg.com.tr\/?s={search_term_string}"},"query-input":"required name=search_term_string"}],"inLanguage":"tr"},{"@type":"Organization","@id":"https:\/\/lulaisg.com.tr\/#organization","name":"LULA ISG","url":"https:\/\/lulaisg.com.tr\/","logo":{"@type":"ImageObject","inLanguage":"tr","@id":"https:\/\/lulaisg.com.tr\/#\/schema\/logo\/image\/","url":"https:\/\/lulaisg.com.tr\/wp-content\/uploads\/2022\/12\/pera_logo_yatay_4@4x.png","contentUrl":"https:\/\/lulaisg.com.tr\/wp-content\/uploads\/2022\/12\/pera_logo_yatay_4@4x.png","width":1035,"height":441,"caption":"LULA ISG"},"image":{"@id":"https:\/\/lulaisg.com.tr\/#\/schema\/logo\/image\/"}}]}},"_links":{"self":[{"href":"https:\/\/lulaisg.com.tr\/index.php\/wp-json\/wp\/v2\/product\/2101","targetHints":{"allow":["GET"]}}],"collection":[{"href":"https:\/\/lulaisg.com.tr\/index.php\/wp-json\/wp\/v2\/product"}],"about":[{"href":"https:\/\/lulaisg.com.tr\/index.php\/wp-json\/wp\/v2\/types\/product"}],"replies":[{"embeddable":true,"href":"https:\/\/lulaisg.com.tr\/index.php\/wp-json\/wp\/v2\/comments?post=2101"}],"wp:featuredmedia":[{"embeddable":true,"href":"https:\/\/lulaisg.com.tr\/index.php\/wp-json\/wp\/v2\/media\/2102"}],"wp:attachment":[{"href":"https:\/\/lulaisg.com.tr\/index.php\/wp-json\/wp\/v2\/media?parent=2101"}],"wp:term":[{"taxonomy":"product_cat","embeddable":true,"href":"https:\/\/lulaisg.com.tr\/index.php\/wp-json\/wp\/v2\/product_cat?post=2101"},{"taxonomy":"product_tag","embeddable":true,"href":"https:\/\/lulaisg.com.tr\/index.php\/wp-json\/wp\/v2\/product_tag?post=2101"}],"curies":[{"name":"wp","href":"https:\/\/api.w.org\/{rel}","templated":true}]}}