{"id":2094,"date":"2022-12-15T10:28:16","date_gmt":"2022-12-15T10:28:16","guid":{"rendered":"https:\/\/peraisguvenligi.com\/?post_type=product&#038;p=2094"},"modified":"2022-12-15T10:28:19","modified_gmt":"2022-12-15T10:28:19","slug":"balikci-takim-yagmurluk","status":"publish","type":"product","link":"https:\/\/lulaisg.com.tr\/index.php\/urun\/balikci-takim-yagmurluk\/","title":{"rendered":"BALIK\u00c7I TAKIM YA\u011eMURLUK"},"content":{"rendered":"<p>Bal\u0131k\u00e7\u0131 tak\u0131m ya\u011fmurluk, 100% su ge\u00e7irmez bir \u00fcr\u00fcnd\u00fcr. Y\u0131rt\u0131lmalara ve a\u015f\u0131nmalara kar\u015f\u0131 dayan\u0131kl\u0131 kuma\u015f kullan\u0131larak \u00fcretilmi\u015ftir. \u00dcretimde diki\u015f kullan\u0131lmadan, en son teknoloji Frequency Press\u2019ten yararlan\u0131lmaktad\u0131r.<\/p>\n","protected":false},"excerpt":{"rendered":"<p>Kal\u0131nl\u0131k: 0.45 micron<br \/>\nBa\u015ftan ge\u00e7meli, Kap\u00fc\u015fonlu, Lastikli Bel, Lastikli Bilek<br \/>\nKuma\u015f: PVC<\/p>\n","protected":false},"featured_media":2095,"comment_status":"open","ping_status":"closed","template":"","meta":[],"product_cat":[15,116],"product_tag":[379,382,380,381],"class_list":{"0":"post-2094","1":"product","2":"type-product","3":"status-publish","4":"has-post-thumbnail","6":"product_cat-genel","7":"product_cat-vucut-koruyucular","8":"product_tag-balikci","9":"product_tag-pvc","10":"product_tag-takim","11":"product_tag-yagmurluk","13":"first","14":"instock","15":"shipping-taxable","16":"product-type-simple"},"yoast_head":"<!-- This site is optimized with the Yoast SEO plugin v22.1 - https:\/\/yoast.com\/wordpress\/plugins\/seo\/ -->\n<title>BALIK\u00c7I TAKIM YA\u011eMURLUK - LULA ISG<\/title>\n<meta name=\"description\" content=\"Kal\u0131nl\u0131k: 0.45 micron , Ba\u015ftan ge\u00e7meli, Kap\u00fc\u015fonlu, Lastikli Bel, Lastikli Bilek Kuma\u015f: PVC Bal\u0131k\u00e7\u0131 tak\u0131m ya\u011fmurluk, 100% su ge\u00e7irmez bir \u00fcr\u00fcnd\u00fcr.\" \/>\n<meta name=\"robots\" content=\"index, follow, max-snippet:-1, max-image-preview:large, max-video-preview:-1\" \/>\n<link rel=\"canonical\" href=\"https:\/\/lulaisg.com.tr\/index.php\/urun\/balikci-takim-yagmurluk\/\" \/>\n<meta property=\"og:locale\" content=\"tr_TR\" \/>\n<meta property=\"og:type\" content=\"article\" \/>\n<meta property=\"og:title\" content=\"BALIK\u00c7I TAKIM YA\u011eMURLUK - LULA ISG\" \/>\n<meta property=\"og:description\" content=\"Kal\u0131nl\u0131k: 0.45 micron , Ba\u015ftan ge\u00e7meli, Kap\u00fc\u015fonlu, Lastikli Bel, Lastikli Bilek Kuma\u015f: PVC Bal\u0131k\u00e7\u0131 tak\u0131m ya\u011fmurluk, 100% su ge\u00e7irmez bir \u00fcr\u00fcnd\u00fcr.\" \/>\n<meta property=\"og:url\" content=\"https:\/\/lulaisg.com.tr\/index.php\/urun\/balikci-takim-yagmurluk\/\" \/>\n<meta property=\"og:site_name\" content=\"LULA ISG\" \/>\n<meta property=\"article:modified_time\" content=\"2022-12-15T10:28:19+00:00\" \/>\n<meta property=\"og:image\" content=\"https:\/\/lulaisg.com.tr\/wp-content\/uploads\/2022\/12\/BALIKCI-TAKIM-YAGMURLUK.jpg\" \/>\n\t<meta property=\"og:image:width\" content=\"1300\" \/>\n\t<meta property=\"og:image:height\" content=\"1430\" \/>\n\t<meta property=\"og:image:type\" content=\"image\/jpeg\" \/>\n<meta name=\"twitter:card\" content=\"summary_large_image\" \/>\n<meta name=\"twitter:label1\" content=\"Tahmini okuma s\u00fcresi\" \/>\n\t<meta name=\"twitter:data1\" content=\"1 dakika\" \/>\n<script type=\"application\/ld+json\" class=\"yoast-schema-graph\">{\"@context\":\"https:\/\/schema.org\",\"@graph\":[{\"@type\":\"WebPage\",\"@id\":\"https:\/\/lulaisg.com.tr\/index.php\/urun\/balikci-takim-yagmurluk\/\",\"url\":\"https:\/\/lulaisg.com.tr\/index.php\/urun\/balikci-takim-yagmurluk\/\",\"name\":\"BALIK\u00c7I TAKIM YA\u011eMURLUK - LULA ISG\",\"isPartOf\":{\"@id\":\"https:\/\/lulaisg.com.tr\/#website\"},\"datePublished\":\"2022-12-15T10:28:16+00:00\",\"dateModified\":\"2022-12-15T10:28:19+00:00\",\"description\":\"Kal\u0131nl\u0131k: 0.45 micron , Ba\u015ftan ge\u00e7meli, Kap\u00fc\u015fonlu, Lastikli Bel, Lastikli Bilek Kuma\u015f: PVC Bal\u0131k\u00e7\u0131 tak\u0131m ya\u011fmurluk, 100% su ge\u00e7irmez bir \u00fcr\u00fcnd\u00fcr.\",\"breadcrumb\":{\"@id\":\"https:\/\/lulaisg.com.tr\/index.php\/urun\/balikci-takim-yagmurluk\/#breadcrumb\"},\"inLanguage\":\"tr\",\"potentialAction\":[{\"@type\":\"ReadAction\",\"target\":[\"https:\/\/lulaisg.com.tr\/index.php\/urun\/balikci-takim-yagmurluk\/\"]}]},{\"@type\":\"BreadcrumbList\",\"@id\":\"https:\/\/lulaisg.com.tr\/index.php\/urun\/balikci-takim-yagmurluk\/#breadcrumb\",\"itemListElement\":[{\"@type\":\"ListItem\",\"position\":1,\"name\":\"Anasayfa\",\"item\":\"https:\/\/lulaisg.com.tr\/\"},{\"@type\":\"ListItem\",\"position\":2,\"name\":\"Ma\u011faza\",\"item\":\"https:\/\/lulaisg.com.tr\/index.php\/magaza\/\"},{\"@type\":\"ListItem\",\"position\":3,\"name\":\"BALIK\u00c7I TAKIM YA\u011eMURLUK\"}]},{\"@type\":\"WebSite\",\"@id\":\"https:\/\/lulaisg.com.tr\/#website\",\"url\":\"https:\/\/lulaisg.com.tr\/\",\"name\":\"LULA ISG\",\"description\":\"\",\"publisher\":{\"@id\":\"https:\/\/lulaisg.com.tr\/#organization\"},\"potentialAction\":[{\"@type\":\"SearchAction\",\"target\":{\"@type\":\"EntryPoint\",\"urlTemplate\":\"https:\/\/lulaisg.com.tr\/?s={search_term_string}\"},\"query-input\":\"required name=search_term_string\"}],\"inLanguage\":\"tr\"},{\"@type\":\"Organization\",\"@id\":\"https:\/\/lulaisg.com.tr\/#organization\",\"name\":\"LULA ISG\",\"url\":\"https:\/\/lulaisg.com.tr\/\",\"logo\":{\"@type\":\"ImageObject\",\"inLanguage\":\"tr\",\"@id\":\"https:\/\/lulaisg.com.tr\/#\/schema\/logo\/image\/\",\"url\":\"https:\/\/lulaisg.com.tr\/wp-content\/uploads\/2022\/12\/pera_logo_yatay_4@4x.png\",\"contentUrl\":\"https:\/\/lulaisg.com.tr\/wp-content\/uploads\/2022\/12\/pera_logo_yatay_4@4x.png\",\"width\":1035,\"height\":441,\"caption\":\"LULA ISG\"},\"image\":{\"@id\":\"https:\/\/lulaisg.com.tr\/#\/schema\/logo\/image\/\"}}]}<\/script>\n<!-- \/ Yoast SEO plugin. -->","yoast_head_json":{"title":"BALIK\u00c7I TAKIM YA\u011eMURLUK - LULA ISG","description":"Kal\u0131nl\u0131k: 0.45 micron , Ba\u015ftan ge\u00e7meli, Kap\u00fc\u015fonlu, Lastikli Bel, Lastikli Bilek Kuma\u015f: PVC Bal\u0131k\u00e7\u0131 tak\u0131m ya\u011fmurluk, 100% su ge\u00e7irmez bir \u00fcr\u00fcnd\u00fcr.","robots":{"index":"index","follow":"follow","max-snippet":"max-snippet:-1","max-image-preview":"max-image-preview:large","max-video-preview":"max-video-preview:-1"},"canonical":"https:\/\/lulaisg.com.tr\/index.php\/urun\/balikci-takim-yagmurluk\/","og_locale":"tr_TR","og_type":"article","og_title":"BALIK\u00c7I TAKIM YA\u011eMURLUK - LULA ISG","og_description":"Kal\u0131nl\u0131k: 0.45 micron , Ba\u015ftan ge\u00e7meli, Kap\u00fc\u015fonlu, Lastikli Bel, Lastikli Bilek Kuma\u015f: PVC Bal\u0131k\u00e7\u0131 tak\u0131m ya\u011fmurluk, 100% su ge\u00e7irmez bir \u00fcr\u00fcnd\u00fcr.","og_url":"https:\/\/lulaisg.com.tr\/index.php\/urun\/balikci-takim-yagmurluk\/","og_site_name":"LULA ISG","article_modified_time":"2022-12-15T10:28:19+00:00","og_image":[{"width":1300,"height":1430,"url":"https:\/\/lulaisg.com.tr\/wp-content\/uploads\/2022\/12\/BALIKCI-TAKIM-YAGMURLUK.jpg","type":"image\/jpeg"}],"twitter_card":"summary_large_image","twitter_misc":{"Tahmini okuma s\u00fcresi":"1 dakika"},"schema":{"@context":"https:\/\/schema.org","@graph":[{"@type":"WebPage","@id":"https:\/\/lulaisg.com.tr\/index.php\/urun\/balikci-takim-yagmurluk\/","url":"https:\/\/lulaisg.com.tr\/index.php\/urun\/balikci-takim-yagmurluk\/","name":"BALIK\u00c7I TAKIM YA\u011eMURLUK - LULA ISG","isPartOf":{"@id":"https:\/\/lulaisg.com.tr\/#website"},"datePublished":"2022-12-15T10:28:16+00:00","dateModified":"2022-12-15T10:28:19+00:00","description":"Kal\u0131nl\u0131k: 0.45 micron , Ba\u015ftan ge\u00e7meli, Kap\u00fc\u015fonlu, Lastikli Bel, Lastikli Bilek Kuma\u015f: PVC Bal\u0131k\u00e7\u0131 tak\u0131m ya\u011fmurluk, 100% su ge\u00e7irmez bir \u00fcr\u00fcnd\u00fcr.","breadcrumb":{"@id":"https:\/\/lulaisg.com.tr\/index.php\/urun\/balikci-takim-yagmurluk\/#breadcrumb"},"inLanguage":"tr","potentialAction":[{"@type":"ReadAction","target":["https:\/\/lulaisg.com.tr\/index.php\/urun\/balikci-takim-yagmurluk\/"]}]},{"@type":"BreadcrumbList","@id":"https:\/\/lulaisg.com.tr\/index.php\/urun\/balikci-takim-yagmurluk\/#breadcrumb","itemListElement":[{"@type":"ListItem","position":1,"name":"Anasayfa","item":"https:\/\/lulaisg.com.tr\/"},{"@type":"ListItem","position":2,"name":"Ma\u011faza","item":"https:\/\/lulaisg.com.tr\/index.php\/magaza\/"},{"@type":"ListItem","position":3,"name":"BALIK\u00c7I TAKIM YA\u011eMURLUK"}]},{"@type":"WebSite","@id":"https:\/\/lulaisg.com.tr\/#website","url":"https:\/\/lulaisg.com.tr\/","name":"LULA ISG","description":"","publisher":{"@id":"https:\/\/lulaisg.com.tr\/#organization"},"potentialAction":[{"@type":"SearchAction","target":{"@type":"EntryPoint","urlTemplate":"https:\/\/lulaisg.com.tr\/?s={search_term_string}"},"query-input":"required name=search_term_string"}],"inLanguage":"tr"},{"@type":"Organization","@id":"https:\/\/lulaisg.com.tr\/#organization","name":"LULA ISG","url":"https:\/\/lulaisg.com.tr\/","logo":{"@type":"ImageObject","inLanguage":"tr","@id":"https:\/\/lulaisg.com.tr\/#\/schema\/logo\/image\/","url":"https:\/\/lulaisg.com.tr\/wp-content\/uploads\/2022\/12\/pera_logo_yatay_4@4x.png","contentUrl":"https:\/\/lulaisg.com.tr\/wp-content\/uploads\/2022\/12\/pera_logo_yatay_4@4x.png","width":1035,"height":441,"caption":"LULA ISG"},"image":{"@id":"https:\/\/lulaisg.com.tr\/#\/schema\/logo\/image\/"}}]}},"_links":{"self":[{"href":"https:\/\/lulaisg.com.tr\/index.php\/wp-json\/wp\/v2\/product\/2094","targetHints":{"allow":["GET"]}}],"collection":[{"href":"https:\/\/lulaisg.com.tr\/index.php\/wp-json\/wp\/v2\/product"}],"about":[{"href":"https:\/\/lulaisg.com.tr\/index.php\/wp-json\/wp\/v2\/types\/product"}],"replies":[{"embeddable":true,"href":"https:\/\/lulaisg.com.tr\/index.php\/wp-json\/wp\/v2\/comments?post=2094"}],"wp:featuredmedia":[{"embeddable":true,"href":"https:\/\/lulaisg.com.tr\/index.php\/wp-json\/wp\/v2\/media\/2095"}],"wp:attachment":[{"href":"https:\/\/lulaisg.com.tr\/index.php\/wp-json\/wp\/v2\/media?parent=2094"}],"wp:term":[{"taxonomy":"product_cat","embeddable":true,"href":"https:\/\/lulaisg.com.tr\/index.php\/wp-json\/wp\/v2\/product_cat?post=2094"},{"taxonomy":"product_tag","embeddable":true,"href":"https:\/\/lulaisg.com.tr\/index.php\/wp-json\/wp\/v2\/product_tag?post=2094"}],"curies":[{"name":"wp","href":"https:\/\/api.w.org\/{rel}","templated":true}]}}