{"id":2092,"date":"2022-12-13T20:52:54","date_gmt":"2022-12-13T20:52:54","guid":{"rendered":"https:\/\/peraisguvenligi.com\/?post_type=product&#038;p=2092"},"modified":"2022-12-13T20:52:56","modified_gmt":"2022-12-13T20:52:56","slug":"ege-2433-v-ffp3-ventilli-maske","status":"publish","type":"product","link":"https:\/\/lulaisg.com.tr\/index.php\/urun\/ege-2433-v-ffp3-ventilli-maske\/","title":{"rendered":"EGE 2433 V FFP3 VENT\u0130LL\u0130 MASKE"},"content":{"rendered":"<p>EGE Profesyonel Konik Toz Maskeleri, her y\u00fcz tipine maksimum uyum sa\u011flar. Konik dizayn\u0131 sayesinde burun teli gerektirmez. Formu bozulmaz, uzun s\u00fcre kullan\u0131m olana\u011f\u0131 sa\u011flar.<br \/>\nBa\u015f band\u0131, alerji yapmayan tekstil \u00f6rg\u00fc geni\u015f lastik malzeme. Kopma ve a\u015f\u0131nmaya diren\u00e7li.<br \/>\nS\u00fcper ak\u0131\u015fkan ventil, \u00e7ok d\u00fc\u015f\u00fck hava ak\u0131m\u0131nda bile s\u0131cak havay\u0131 d\u0131\u015far\u0131 \u00e7ok h\u0131zl\u0131 tahliye eder. G\u00f6zl\u00fck kullan\u0131m\u0131nda bu\u011fulanmay\u0131 \u00f6nler. Koruma s\u0131n\u0131f\u0131n\u0131 belirtmek i\u00e7in renk kodu verilmi\u015ftir.<br \/>\nYumu\u015fak elastik alerji yapmaz polietilen malzeme. M\u00fckemmel s\u0131zd\u0131rmazl\u0131k \u00e7al\u0131\u015fan\u0131n performans\u0131n\u0131 art\u0131r\u0131r. Maksimum konfor, tam koruma sa\u011flar.<br \/>\nMaskenin y\u00fcze oturmas\u0131n\u0131 ayarlamak i\u00e7in \u00f6zel dizayn edilmi\u015ftir. 4 noktadan ayarlama ile y\u00fcze kolay oturmas\u0131n\u0131 sa\u011flar. Maskeye ultrasonik kaynak teknolojisi ile tutturulmu\u015ftur.<br \/>\nFiltre malzemesi ultra-ince lif yap\u0131l\u0131, y\u00fcksek filtrasyon verimlili\u011fi ve d\u00fc\u015f\u00fck nefes alma direnci sa\u011flar.<br \/>\nG\u0131da, hastane, seramik, asbest, mobilya ve ah\u015fap, ila\u00e7 end\u00fcstrisi, kimyasallar ve metal sanayide kullan\u0131lmaktad\u0131r.<\/p>\n<p>&nbsp;<\/p>\n","protected":false},"excerpt":{"rendered":"<ul>\n<li>Koruma S\u0131n\u0131f\u0131 : FFP3 NR<\/li>\n<li>Solunum Tipi : Ventilli<\/li>\n<li>Sitili : Konik<\/li>\n<li>Korudu\u011fu Maddeler : Su ve ya\u011f bazl\u0131 zarars\u0131z toz, nem, duman, baz\u0131 vir\u00fcs, mikro biyolojik ortamlar<\/li>\n<li>Uygunluk Normu : EN 149:2001 + A1:2009 \/ CE Onayl\u0131<\/li>\n<\/ul>\n","protected":false},"featured_media":2093,"comment_status":"open","ping_status":"closed","template":"","meta":[],"product_cat":[15,73],"product_tag":[374,377,378,76,372],"class_list":{"0":"post-2092","1":"product","2":"type-product","3":"status-publish","4":"has-post-thumbnail","6":"product_cat-genel","7":"product_cat-solunum-koruyucular","8":"product_tag-ege","9":"product_tag-ffp3","10":"product_tag-konik","11":"product_tag-maske","12":"product_tag-toz","14":"first","15":"instock","16":"shipping-taxable","17":"product-type-simple"},"yoast_head":"<!-- This site is optimized with the Yoast SEO plugin v22.1 - https:\/\/yoast.com\/wordpress\/plugins\/seo\/ -->\n<title>EGE 2433 V FFP3 VENT\u0130LL\u0130 MASKE - LULA ISG<\/title>\n<meta name=\"description\" content=\"Maskenin y\u00fcze oturmas\u0131n\u0131 ayarlamak i\u00e7in \u00f6zel dizayn edilmi\u015ftir. Maskeye ultrasonik kaynak teknolojisi ile tutturulmu\u015ftur.\" \/>\n<meta name=\"robots\" content=\"index, follow, max-snippet:-1, max-image-preview:large, max-video-preview:-1\" \/>\n<link rel=\"canonical\" href=\"https:\/\/lulaisg.com.tr\/index.php\/urun\/ege-2433-v-ffp3-ventilli-maske\/\" \/>\n<meta property=\"og:locale\" content=\"tr_TR\" \/>\n<meta property=\"og:type\" content=\"article\" \/>\n<meta property=\"og:title\" content=\"EGE 2433 V FFP3 VENT\u0130LL\u0130 MASKE - LULA ISG\" \/>\n<meta property=\"og:description\" content=\"Maskenin y\u00fcze oturmas\u0131n\u0131 ayarlamak i\u00e7in \u00f6zel dizayn edilmi\u015ftir. Maskeye ultrasonik kaynak teknolojisi ile tutturulmu\u015ftur.\" \/>\n<meta property=\"og:url\" content=\"https:\/\/lulaisg.com.tr\/index.php\/urun\/ege-2433-v-ffp3-ventilli-maske\/\" \/>\n<meta property=\"og:site_name\" content=\"LULA ISG\" \/>\n<meta property=\"article:modified_time\" content=\"2022-12-13T20:52:56+00:00\" \/>\n<meta property=\"og:image\" content=\"https:\/\/lulaisg.com.tr\/wp-content\/uploads\/2022\/12\/EGE-2433-FFP3-VENTILLI-MASKE.jpg\" \/>\n\t<meta property=\"og:image:width\" content=\"500\" \/>\n\t<meta property=\"og:image:height\" content=\"500\" \/>\n\t<meta property=\"og:image:type\" content=\"image\/jpeg\" \/>\n<meta name=\"twitter:card\" content=\"summary_large_image\" \/>\n<meta name=\"twitter:label1\" content=\"Tahmini okuma s\u00fcresi\" \/>\n\t<meta name=\"twitter:data1\" content=\"1 dakika\" \/>\n<script type=\"application\/ld+json\" class=\"yoast-schema-graph\">{\"@context\":\"https:\/\/schema.org\",\"@graph\":[{\"@type\":\"WebPage\",\"@id\":\"https:\/\/lulaisg.com.tr\/index.php\/urun\/ege-2433-v-ffp3-ventilli-maske\/\",\"url\":\"https:\/\/lulaisg.com.tr\/index.php\/urun\/ege-2433-v-ffp3-ventilli-maske\/\",\"name\":\"EGE 2433 V FFP3 VENT\u0130LL\u0130 MASKE - LULA ISG\",\"isPartOf\":{\"@id\":\"https:\/\/lulaisg.com.tr\/#website\"},\"datePublished\":\"2022-12-13T20:52:54+00:00\",\"dateModified\":\"2022-12-13T20:52:56+00:00\",\"description\":\"Maskenin y\u00fcze oturmas\u0131n\u0131 ayarlamak i\u00e7in \u00f6zel dizayn edilmi\u015ftir. Maskeye ultrasonik kaynak teknolojisi ile tutturulmu\u015ftur.\",\"breadcrumb\":{\"@id\":\"https:\/\/lulaisg.com.tr\/index.php\/urun\/ege-2433-v-ffp3-ventilli-maske\/#breadcrumb\"},\"inLanguage\":\"tr\",\"potentialAction\":[{\"@type\":\"ReadAction\",\"target\":[\"https:\/\/lulaisg.com.tr\/index.php\/urun\/ege-2433-v-ffp3-ventilli-maske\/\"]}]},{\"@type\":\"BreadcrumbList\",\"@id\":\"https:\/\/lulaisg.com.tr\/index.php\/urun\/ege-2433-v-ffp3-ventilli-maske\/#breadcrumb\",\"itemListElement\":[{\"@type\":\"ListItem\",\"position\":1,\"name\":\"Anasayfa\",\"item\":\"https:\/\/lulaisg.com.tr\/\"},{\"@type\":\"ListItem\",\"position\":2,\"name\":\"Ma\u011faza\",\"item\":\"https:\/\/lulaisg.com.tr\/index.php\/magaza\/\"},{\"@type\":\"ListItem\",\"position\":3,\"name\":\"EGE 2433 V FFP3 VENT\u0130LL\u0130 MASKE\"}]},{\"@type\":\"WebSite\",\"@id\":\"https:\/\/lulaisg.com.tr\/#website\",\"url\":\"https:\/\/lulaisg.com.tr\/\",\"name\":\"LULA ISG\",\"description\":\"\",\"publisher\":{\"@id\":\"https:\/\/lulaisg.com.tr\/#organization\"},\"potentialAction\":[{\"@type\":\"SearchAction\",\"target\":{\"@type\":\"EntryPoint\",\"urlTemplate\":\"https:\/\/lulaisg.com.tr\/?s={search_term_string}\"},\"query-input\":\"required name=search_term_string\"}],\"inLanguage\":\"tr\"},{\"@type\":\"Organization\",\"@id\":\"https:\/\/lulaisg.com.tr\/#organization\",\"name\":\"LULA ISG\",\"url\":\"https:\/\/lulaisg.com.tr\/\",\"logo\":{\"@type\":\"ImageObject\",\"inLanguage\":\"tr\",\"@id\":\"https:\/\/lulaisg.com.tr\/#\/schema\/logo\/image\/\",\"url\":\"https:\/\/lulaisg.com.tr\/wp-content\/uploads\/2022\/12\/pera_logo_yatay_4@4x.png\",\"contentUrl\":\"https:\/\/lulaisg.com.tr\/wp-content\/uploads\/2022\/12\/pera_logo_yatay_4@4x.png\",\"width\":1035,\"height\":441,\"caption\":\"LULA ISG\"},\"image\":{\"@id\":\"https:\/\/lulaisg.com.tr\/#\/schema\/logo\/image\/\"}}]}<\/script>\n<!-- \/ Yoast SEO plugin. -->","yoast_head_json":{"title":"EGE 2433 V FFP3 VENT\u0130LL\u0130 MASKE - LULA ISG","description":"Maskenin y\u00fcze oturmas\u0131n\u0131 ayarlamak i\u00e7in \u00f6zel dizayn edilmi\u015ftir. Maskeye ultrasonik kaynak teknolojisi ile tutturulmu\u015ftur.","robots":{"index":"index","follow":"follow","max-snippet":"max-snippet:-1","max-image-preview":"max-image-preview:large","max-video-preview":"max-video-preview:-1"},"canonical":"https:\/\/lulaisg.com.tr\/index.php\/urun\/ege-2433-v-ffp3-ventilli-maske\/","og_locale":"tr_TR","og_type":"article","og_title":"EGE 2433 V FFP3 VENT\u0130LL\u0130 MASKE - LULA ISG","og_description":"Maskenin y\u00fcze oturmas\u0131n\u0131 ayarlamak i\u00e7in \u00f6zel dizayn edilmi\u015ftir. Maskeye ultrasonik kaynak teknolojisi ile tutturulmu\u015ftur.","og_url":"https:\/\/lulaisg.com.tr\/index.php\/urun\/ege-2433-v-ffp3-ventilli-maske\/","og_site_name":"LULA ISG","article_modified_time":"2022-12-13T20:52:56+00:00","og_image":[{"width":500,"height":500,"url":"https:\/\/lulaisg.com.tr\/wp-content\/uploads\/2022\/12\/EGE-2433-FFP3-VENTILLI-MASKE.jpg","type":"image\/jpeg"}],"twitter_card":"summary_large_image","twitter_misc":{"Tahmini okuma s\u00fcresi":"1 dakika"},"schema":{"@context":"https:\/\/schema.org","@graph":[{"@type":"WebPage","@id":"https:\/\/lulaisg.com.tr\/index.php\/urun\/ege-2433-v-ffp3-ventilli-maske\/","url":"https:\/\/lulaisg.com.tr\/index.php\/urun\/ege-2433-v-ffp3-ventilli-maske\/","name":"EGE 2433 V FFP3 VENT\u0130LL\u0130 MASKE - LULA ISG","isPartOf":{"@id":"https:\/\/lulaisg.com.tr\/#website"},"datePublished":"2022-12-13T20:52:54+00:00","dateModified":"2022-12-13T20:52:56+00:00","description":"Maskenin y\u00fcze oturmas\u0131n\u0131 ayarlamak i\u00e7in \u00f6zel dizayn edilmi\u015ftir. Maskeye ultrasonik kaynak teknolojisi ile tutturulmu\u015ftur.","breadcrumb":{"@id":"https:\/\/lulaisg.com.tr\/index.php\/urun\/ege-2433-v-ffp3-ventilli-maske\/#breadcrumb"},"inLanguage":"tr","potentialAction":[{"@type":"ReadAction","target":["https:\/\/lulaisg.com.tr\/index.php\/urun\/ege-2433-v-ffp3-ventilli-maske\/"]}]},{"@type":"BreadcrumbList","@id":"https:\/\/lulaisg.com.tr\/index.php\/urun\/ege-2433-v-ffp3-ventilli-maske\/#breadcrumb","itemListElement":[{"@type":"ListItem","position":1,"name":"Anasayfa","item":"https:\/\/lulaisg.com.tr\/"},{"@type":"ListItem","position":2,"name":"Ma\u011faza","item":"https:\/\/lulaisg.com.tr\/index.php\/magaza\/"},{"@type":"ListItem","position":3,"name":"EGE 2433 V FFP3 VENT\u0130LL\u0130 MASKE"}]},{"@type":"WebSite","@id":"https:\/\/lulaisg.com.tr\/#website","url":"https:\/\/lulaisg.com.tr\/","name":"LULA ISG","description":"","publisher":{"@id":"https:\/\/lulaisg.com.tr\/#organization"},"potentialAction":[{"@type":"SearchAction","target":{"@type":"EntryPoint","urlTemplate":"https:\/\/lulaisg.com.tr\/?s={search_term_string}"},"query-input":"required name=search_term_string"}],"inLanguage":"tr"},{"@type":"Organization","@id":"https:\/\/lulaisg.com.tr\/#organization","name":"LULA ISG","url":"https:\/\/lulaisg.com.tr\/","logo":{"@type":"ImageObject","inLanguage":"tr","@id":"https:\/\/lulaisg.com.tr\/#\/schema\/logo\/image\/","url":"https:\/\/lulaisg.com.tr\/wp-content\/uploads\/2022\/12\/pera_logo_yatay_4@4x.png","contentUrl":"https:\/\/lulaisg.com.tr\/wp-content\/uploads\/2022\/12\/pera_logo_yatay_4@4x.png","width":1035,"height":441,"caption":"LULA ISG"},"image":{"@id":"https:\/\/lulaisg.com.tr\/#\/schema\/logo\/image\/"}}]}},"_links":{"self":[{"href":"https:\/\/lulaisg.com.tr\/index.php\/wp-json\/wp\/v2\/product\/2092","targetHints":{"allow":["GET"]}}],"collection":[{"href":"https:\/\/lulaisg.com.tr\/index.php\/wp-json\/wp\/v2\/product"}],"about":[{"href":"https:\/\/lulaisg.com.tr\/index.php\/wp-json\/wp\/v2\/types\/product"}],"replies":[{"embeddable":true,"href":"https:\/\/lulaisg.com.tr\/index.php\/wp-json\/wp\/v2\/comments?post=2092"}],"wp:featuredmedia":[{"embeddable":true,"href":"https:\/\/lulaisg.com.tr\/index.php\/wp-json\/wp\/v2\/media\/2093"}],"wp:attachment":[{"href":"https:\/\/lulaisg.com.tr\/index.php\/wp-json\/wp\/v2\/media?parent=2092"}],"wp:term":[{"taxonomy":"product_cat","embeddable":true,"href":"https:\/\/lulaisg.com.tr\/index.php\/wp-json\/wp\/v2\/product_cat?post=2092"},{"taxonomy":"product_tag","embeddable":true,"href":"https:\/\/lulaisg.com.tr\/index.php\/wp-json\/wp\/v2\/product_tag?post=2092"}],"curies":[{"name":"wp","href":"https:\/\/api.w.org\/{rel}","templated":true}]}}