{"id":2089,"date":"2022-12-13T20:45:35","date_gmt":"2022-12-13T20:45:35","guid":{"rendered":"https:\/\/peraisguvenligi.com\/?post_type=product&#038;p=2089"},"modified":"2022-12-13T20:45:38","modified_gmt":"2022-12-13T20:45:38","slug":"ege_2423_ffp2_tozmaskesi","status":"publish","type":"product","link":"https:\/\/lulaisg.com.tr\/index.php\/urun\/ege_2423_ffp2_tozmaskesi\/","title":{"rendered":"EGE 2423 V FFP2 VENT\u0130LL\u0130 MASKE"},"content":{"rendered":"<p>Her y\u00fcz \u015fekline uygun, anatomik yap\u0131l\u0131 toz maskesidir. Konik tasar\u0131ml\u0131d\u0131r. Kullan\u0131m s\u00fcresi boyunca yap\u0131s\u0131nda bir bozulma meydana gelmez ve uzun s\u00fcreli y\u00fcksek performans\u0131 destekleyici kullan\u0131m kolayl\u0131\u011f\u0131 sa\u011flar. Tekstil \u00f6rg\u00fc lastik malzemeden \u00fcretilen alerjenik \u00f6zellik g\u00f6stermeyen, kopmaya ve a\u015f\u0131nmalara kar\u015f\u0131 diren\u00e7li ba\u015f band\u0131 i\u00e7erir. \u0130\u00e7ermi\u015f oldu\u011fu ventili s\u0131cak havay\u0131 h\u0131zl\u0131 \u015fekilde d\u0131\u015far\u0131ya atar, bu\u011fulanmay\u0131 \u00f6nler. \u00dczerinde bulunan renk kodu koruma s\u0131n\u0131f\u0131 hakk\u0131nda kullan\u0131c\u0131s\u0131n\u0131 bilgilendirir. Alerji yapmaz, yumu\u015fak, poli\u00fcretan malzemesi, s\u0131zd\u0131rmazl\u0131k sa\u011flar, g\u00fcvenli\u011fi ve konforu destekler. Maske, 4 noktadan ayarlanabilir \u00f6zellikli ve ultrasonik kaynak teknolojisi ile y\u00fcz b\u00f6lgesine tam oturur. D\u00fc\u015f\u00fck solunum direnci ve \u00fcst d\u00fczey filtrelemeyi destekleyici filtre malzemesi i\u00e7erir. Tar\u0131m, otomotiv, metal sanayi, kimyasallar, mobilya ve ah\u015fap, madencilik, boya\/plastik, demir \u00e7elik ve \u00e7imento i\u015flerinde kullan\u0131m\u0131 uygundur.<\/p>\n","protected":false},"excerpt":{"rendered":"<ul>\n<li>FFP2 NR koruma s\u0131n\u0131f\u0131 toz maskesidir.<\/li>\n<li>Ventilli solunuma sahiptir.<\/li>\n<li>Konik tasar\u0131ml\u0131d\u0131r.<\/li>\n<li>Su ve ya\u011f bazl\u0131, zarars\u0131z toz, duman ve neme kar\u015f\u0131 koruma sa\u011flar.<\/li>\n<li>EN 149:2001 + A1:2009 standard\u0131na uygunlu\u011fu test edilmi\u015f ve onaylanm\u0131\u015ft\u0131r.<\/li>\n<li>CE belgesi onayl\u0131d\u0131r.<\/li>\n<\/ul>\n","protected":false},"featured_media":2091,"comment_status":"open","ping_status":"closed","template":"","meta":[],"product_cat":[15,73],"product_tag":[374,76,376,372],"class_list":{"0":"post-2089","1":"product","2":"type-product","3":"status-publish","4":"has-post-thumbnail","6":"product_cat-genel","7":"product_cat-solunum-koruyucular","8":"product_tag-ege","9":"product_tag-maske","10":"product_tag-profesyonel","11":"product_tag-toz","13":"first","14":"instock","15":"shipping-taxable","16":"product-type-simple"},"yoast_head":"<!-- This site is optimized with the Yoast SEO plugin v22.1 - https:\/\/yoast.com\/wordpress\/plugins\/seo\/ -->\n<title>EGE 2423 V FFP2 VENT\u0130LL\u0130 MASKE - LULA ISG<\/title>\n<meta name=\"description\" content=\"Konik tasar\u0131ml\u0131d\u0131r. Kullan\u0131m s\u00fcresi boyunca yap\u0131s\u0131nda bir bozulma meydana gelmez ve uzun s\u00fcreli y\u00fcksek performans\u0131 destekleyici kullan\u0131m kolayl\u0131\u011f\u0131 sa\u011flar.\" \/>\n<meta name=\"robots\" content=\"index, follow, max-snippet:-1, max-image-preview:large, max-video-preview:-1\" \/>\n<link rel=\"canonical\" href=\"https:\/\/lulaisg.com.tr\/index.php\/urun\/ege_2423_ffp2_tozmaskesi\/\" \/>\n<meta property=\"og:locale\" content=\"tr_TR\" \/>\n<meta property=\"og:type\" content=\"article\" \/>\n<meta property=\"og:title\" content=\"EGE 2423 V FFP2 VENT\u0130LL\u0130 MASKE - LULA ISG\" \/>\n<meta property=\"og:description\" content=\"Konik tasar\u0131ml\u0131d\u0131r. Kullan\u0131m s\u00fcresi boyunca yap\u0131s\u0131nda bir bozulma meydana gelmez ve uzun s\u00fcreli y\u00fcksek performans\u0131 destekleyici kullan\u0131m kolayl\u0131\u011f\u0131 sa\u011flar.\" \/>\n<meta property=\"og:url\" content=\"https:\/\/lulaisg.com.tr\/index.php\/urun\/ege_2423_ffp2_tozmaskesi\/\" \/>\n<meta property=\"og:site_name\" content=\"LULA ISG\" \/>\n<meta property=\"article:modified_time\" content=\"2022-12-13T20:45:38+00:00\" \/>\n<meta property=\"og:image\" content=\"https:\/\/lulaisg.com.tr\/wp-content\/uploads\/2022\/12\/EGE-2423-V-FFP2-VENTILLI-MASKE.jpg\" \/>\n\t<meta property=\"og:image:width\" content=\"1500\" \/>\n\t<meta property=\"og:image:height\" content=\"1500\" \/>\n\t<meta property=\"og:image:type\" content=\"image\/jpeg\" \/>\n<meta name=\"twitter:card\" content=\"summary_large_image\" \/>\n<meta name=\"twitter:label1\" content=\"Tahmini okuma s\u00fcresi\" \/>\n\t<meta name=\"twitter:data1\" content=\"1 dakika\" \/>\n<script type=\"application\/ld+json\" class=\"yoast-schema-graph\">{\"@context\":\"https:\/\/schema.org\",\"@graph\":[{\"@type\":\"WebPage\",\"@id\":\"https:\/\/lulaisg.com.tr\/index.php\/urun\/ege_2423_ffp2_tozmaskesi\/\",\"url\":\"https:\/\/lulaisg.com.tr\/index.php\/urun\/ege_2423_ffp2_tozmaskesi\/\",\"name\":\"EGE 2423 V FFP2 VENT\u0130LL\u0130 MASKE - LULA ISG\",\"isPartOf\":{\"@id\":\"https:\/\/lulaisg.com.tr\/#website\"},\"datePublished\":\"2022-12-13T20:45:35+00:00\",\"dateModified\":\"2022-12-13T20:45:38+00:00\",\"description\":\"Konik tasar\u0131ml\u0131d\u0131r. Kullan\u0131m s\u00fcresi boyunca yap\u0131s\u0131nda bir bozulma meydana gelmez ve uzun s\u00fcreli y\u00fcksek performans\u0131 destekleyici kullan\u0131m kolayl\u0131\u011f\u0131 sa\u011flar.\",\"breadcrumb\":{\"@id\":\"https:\/\/lulaisg.com.tr\/index.php\/urun\/ege_2423_ffp2_tozmaskesi\/#breadcrumb\"},\"inLanguage\":\"tr\",\"potentialAction\":[{\"@type\":\"ReadAction\",\"target\":[\"https:\/\/lulaisg.com.tr\/index.php\/urun\/ege_2423_ffp2_tozmaskesi\/\"]}]},{\"@type\":\"BreadcrumbList\",\"@id\":\"https:\/\/lulaisg.com.tr\/index.php\/urun\/ege_2423_ffp2_tozmaskesi\/#breadcrumb\",\"itemListElement\":[{\"@type\":\"ListItem\",\"position\":1,\"name\":\"Anasayfa\",\"item\":\"https:\/\/lulaisg.com.tr\/\"},{\"@type\":\"ListItem\",\"position\":2,\"name\":\"Ma\u011faza\",\"item\":\"https:\/\/lulaisg.com.tr\/index.php\/magaza\/\"},{\"@type\":\"ListItem\",\"position\":3,\"name\":\"EGE 2423 V FFP2 VENT\u0130LL\u0130 MASKE\"}]},{\"@type\":\"WebSite\",\"@id\":\"https:\/\/lulaisg.com.tr\/#website\",\"url\":\"https:\/\/lulaisg.com.tr\/\",\"name\":\"LULA ISG\",\"description\":\"\",\"publisher\":{\"@id\":\"https:\/\/lulaisg.com.tr\/#organization\"},\"potentialAction\":[{\"@type\":\"SearchAction\",\"target\":{\"@type\":\"EntryPoint\",\"urlTemplate\":\"https:\/\/lulaisg.com.tr\/?s={search_term_string}\"},\"query-input\":\"required name=search_term_string\"}],\"inLanguage\":\"tr\"},{\"@type\":\"Organization\",\"@id\":\"https:\/\/lulaisg.com.tr\/#organization\",\"name\":\"LULA ISG\",\"url\":\"https:\/\/lulaisg.com.tr\/\",\"logo\":{\"@type\":\"ImageObject\",\"inLanguage\":\"tr\",\"@id\":\"https:\/\/lulaisg.com.tr\/#\/schema\/logo\/image\/\",\"url\":\"https:\/\/lulaisg.com.tr\/wp-content\/uploads\/2022\/12\/pera_logo_yatay_4@4x.png\",\"contentUrl\":\"https:\/\/lulaisg.com.tr\/wp-content\/uploads\/2022\/12\/pera_logo_yatay_4@4x.png\",\"width\":1035,\"height\":441,\"caption\":\"LULA ISG\"},\"image\":{\"@id\":\"https:\/\/lulaisg.com.tr\/#\/schema\/logo\/image\/\"}}]}<\/script>\n<!-- \/ Yoast SEO plugin. -->","yoast_head_json":{"title":"EGE 2423 V FFP2 VENT\u0130LL\u0130 MASKE - LULA ISG","description":"Konik tasar\u0131ml\u0131d\u0131r. Kullan\u0131m s\u00fcresi boyunca yap\u0131s\u0131nda bir bozulma meydana gelmez ve uzun s\u00fcreli y\u00fcksek performans\u0131 destekleyici kullan\u0131m kolayl\u0131\u011f\u0131 sa\u011flar.","robots":{"index":"index","follow":"follow","max-snippet":"max-snippet:-1","max-image-preview":"max-image-preview:large","max-video-preview":"max-video-preview:-1"},"canonical":"https:\/\/lulaisg.com.tr\/index.php\/urun\/ege_2423_ffp2_tozmaskesi\/","og_locale":"tr_TR","og_type":"article","og_title":"EGE 2423 V FFP2 VENT\u0130LL\u0130 MASKE - LULA ISG","og_description":"Konik tasar\u0131ml\u0131d\u0131r. Kullan\u0131m s\u00fcresi boyunca yap\u0131s\u0131nda bir bozulma meydana gelmez ve uzun s\u00fcreli y\u00fcksek performans\u0131 destekleyici kullan\u0131m kolayl\u0131\u011f\u0131 sa\u011flar.","og_url":"https:\/\/lulaisg.com.tr\/index.php\/urun\/ege_2423_ffp2_tozmaskesi\/","og_site_name":"LULA ISG","article_modified_time":"2022-12-13T20:45:38+00:00","og_image":[{"width":1500,"height":1500,"url":"https:\/\/lulaisg.com.tr\/wp-content\/uploads\/2022\/12\/EGE-2423-V-FFP2-VENTILLI-MASKE.jpg","type":"image\/jpeg"}],"twitter_card":"summary_large_image","twitter_misc":{"Tahmini okuma s\u00fcresi":"1 dakika"},"schema":{"@context":"https:\/\/schema.org","@graph":[{"@type":"WebPage","@id":"https:\/\/lulaisg.com.tr\/index.php\/urun\/ege_2423_ffp2_tozmaskesi\/","url":"https:\/\/lulaisg.com.tr\/index.php\/urun\/ege_2423_ffp2_tozmaskesi\/","name":"EGE 2423 V FFP2 VENT\u0130LL\u0130 MASKE - LULA ISG","isPartOf":{"@id":"https:\/\/lulaisg.com.tr\/#website"},"datePublished":"2022-12-13T20:45:35+00:00","dateModified":"2022-12-13T20:45:38+00:00","description":"Konik tasar\u0131ml\u0131d\u0131r. Kullan\u0131m s\u00fcresi boyunca yap\u0131s\u0131nda bir bozulma meydana gelmez ve uzun s\u00fcreli y\u00fcksek performans\u0131 destekleyici kullan\u0131m kolayl\u0131\u011f\u0131 sa\u011flar.","breadcrumb":{"@id":"https:\/\/lulaisg.com.tr\/index.php\/urun\/ege_2423_ffp2_tozmaskesi\/#breadcrumb"},"inLanguage":"tr","potentialAction":[{"@type":"ReadAction","target":["https:\/\/lulaisg.com.tr\/index.php\/urun\/ege_2423_ffp2_tozmaskesi\/"]}]},{"@type":"BreadcrumbList","@id":"https:\/\/lulaisg.com.tr\/index.php\/urun\/ege_2423_ffp2_tozmaskesi\/#breadcrumb","itemListElement":[{"@type":"ListItem","position":1,"name":"Anasayfa","item":"https:\/\/lulaisg.com.tr\/"},{"@type":"ListItem","position":2,"name":"Ma\u011faza","item":"https:\/\/lulaisg.com.tr\/index.php\/magaza\/"},{"@type":"ListItem","position":3,"name":"EGE 2423 V FFP2 VENT\u0130LL\u0130 MASKE"}]},{"@type":"WebSite","@id":"https:\/\/lulaisg.com.tr\/#website","url":"https:\/\/lulaisg.com.tr\/","name":"LULA ISG","description":"","publisher":{"@id":"https:\/\/lulaisg.com.tr\/#organization"},"potentialAction":[{"@type":"SearchAction","target":{"@type":"EntryPoint","urlTemplate":"https:\/\/lulaisg.com.tr\/?s={search_term_string}"},"query-input":"required name=search_term_string"}],"inLanguage":"tr"},{"@type":"Organization","@id":"https:\/\/lulaisg.com.tr\/#organization","name":"LULA ISG","url":"https:\/\/lulaisg.com.tr\/","logo":{"@type":"ImageObject","inLanguage":"tr","@id":"https:\/\/lulaisg.com.tr\/#\/schema\/logo\/image\/","url":"https:\/\/lulaisg.com.tr\/wp-content\/uploads\/2022\/12\/pera_logo_yatay_4@4x.png","contentUrl":"https:\/\/lulaisg.com.tr\/wp-content\/uploads\/2022\/12\/pera_logo_yatay_4@4x.png","width":1035,"height":441,"caption":"LULA ISG"},"image":{"@id":"https:\/\/lulaisg.com.tr\/#\/schema\/logo\/image\/"}}]}},"_links":{"self":[{"href":"https:\/\/lulaisg.com.tr\/index.php\/wp-json\/wp\/v2\/product\/2089","targetHints":{"allow":["GET"]}}],"collection":[{"href":"https:\/\/lulaisg.com.tr\/index.php\/wp-json\/wp\/v2\/product"}],"about":[{"href":"https:\/\/lulaisg.com.tr\/index.php\/wp-json\/wp\/v2\/types\/product"}],"replies":[{"embeddable":true,"href":"https:\/\/lulaisg.com.tr\/index.php\/wp-json\/wp\/v2\/comments?post=2089"}],"wp:featuredmedia":[{"embeddable":true,"href":"https:\/\/lulaisg.com.tr\/index.php\/wp-json\/wp\/v2\/media\/2091"}],"wp:attachment":[{"href":"https:\/\/lulaisg.com.tr\/index.php\/wp-json\/wp\/v2\/media?parent=2089"}],"wp:term":[{"taxonomy":"product_cat","embeddable":true,"href":"https:\/\/lulaisg.com.tr\/index.php\/wp-json\/wp\/v2\/product_cat?post=2089"},{"taxonomy":"product_tag","embeddable":true,"href":"https:\/\/lulaisg.com.tr\/index.php\/wp-json\/wp\/v2\/product_tag?post=2089"}],"curies":[{"name":"wp","href":"https:\/\/api.w.org\/{rel}","templated":true}]}}