{"id":2087,"date":"2022-12-13T20:35:26","date_gmt":"2022-12-13T20:35:26","guid":{"rendered":"https:\/\/peraisguvenligi.com\/?post_type=product&#038;p=2087"},"modified":"2022-12-13T20:35:28","modified_gmt":"2022-12-13T20:35:28","slug":"ege-2403-v-ffp1-ventilli-maske","status":"publish","type":"product","link":"https:\/\/lulaisg.com.tr\/index.php\/urun\/ege-2403-v-ffp1-ventilli-maske\/","title":{"rendered":"EGE 2403 V FFP1 VENT\u0130LL\u0130 MASKE"},"content":{"rendered":"<p>Anatomik yap\u0131l\u0131 EGE 2403, her y\u00fcz \u015fekline uyum sa\u011flayacak \u015fekilde tasarlanm\u0131\u015f toz maskesidir. Konik tasar\u0131ma sahiptir. Ultrasonik kaynak teknolojisinin bir \u00fcr\u00fcn\u00fcd\u00fcr. \u00c7\u00f6kmeye kar\u015f\u0131 diren\u00e7li yap\u0131s\u0131 geni\u015f g\u00f6r\u00fc\u015f a\u00e7\u0131s\u0131n\u0131 destekleyicidir. Do\u011fal kau\u00e7uktan \u00fcretilmi\u015f alerjik \u00f6zellik g\u00f6stermeyen, kopma ve a\u015f\u0131nmalara kar\u015f\u0131 diren\u00e7li ba\u015f band\u0131 bulunur. S\u0131cak havan\u0131n d\u0131\u015far\u0131ya at\u0131lmas\u0131n\u0131 sa\u011flayan ventili, bu\u011fuyu \u00f6nler ve y\u00fcksek performansl\u0131 \u00e7al\u0131\u015fma imkan\u0131n\u0131 verir. \u00dczerinde bulunan renk kodu, koruma s\u0131n\u0131f\u0131n\u0131 belirler. \u00dcst d\u00fczey konfor ve s\u0131zd\u0131rmazl\u0131k sa\u011flayan burun s\u00fcngeri i\u00e7erir. Ultra ince filtre malzemesi sayesinde d\u00fc\u015f\u00fck solunum direnci ve filtreleme verimlili\u011fi sa\u011flan\u0131r. Temizlik, in\u015faat, \u00e7imento, g\u0131da, mobilya ve ah\u015fap i\u015fleri i\u00e7in kullan\u0131m\u0131 uygundur.<\/p>\n","protected":false},"excerpt":{"rendered":"<ul>\n<li>FFP1 NR koruma s\u0131n\u0131f\u0131 toz maskesidir.<\/li>\n<li>Ventilli solunuma sahiptir.<\/li>\n<li>Konik tasar\u0131m \u00f6zelli\u011fi g\u00f6sterir.<\/li>\n<li>Su ve ya\u011f bazl\u0131, zarars\u0131z toz ve neme kar\u015f\u0131 koruma sa\u011flar.<\/li>\n<li>EN 149:2001 + A1:2009 standard\u0131na uygunlu\u011fu test edilmi\u015f ve onaylanm\u0131\u015ft\u0131r.<\/li>\n<li>CE belgesi onayl\u0131d\u0131r.<\/li>\n<\/ul>\n","protected":false},"featured_media":2088,"comment_status":"open","ping_status":"closed","template":"","meta":[],"product_cat":[15,73],"product_tag":[374,76,370,372,375],"class_list":{"0":"post-2087","1":"product","2":"type-product","3":"status-publish","4":"has-post-thumbnail","6":"product_cat-genel","7":"product_cat-solunum-koruyucular","8":"product_tag-ege","9":"product_tag-maske","10":"product_tag-solunum","11":"product_tag-toz","12":"product_tag-ventilli","14":"first","15":"instock","16":"shipping-taxable","17":"product-type-simple"},"yoast_head":"<!-- This site is optimized with the Yoast SEO plugin v22.1 - https:\/\/yoast.com\/wordpress\/plugins\/seo\/ -->\n<title>EGE 2403 V FFP1 VENT\u0130LL\u0130 MASKE - LULA ISG<\/title>\n<meta name=\"description\" content=\"Konik tasar\u0131ma sahiptir. Ultrasonik kaynak teknolojisinin bir \u00fcr\u00fcn\u00fcd\u00fcr. \u00c7\u00f6kmeye kar\u015f\u0131 diren\u00e7li yap\u0131s\u0131 geni\u015f g\u00f6r\u00fc\u015f a\u00e7\u0131s\u0131n\u0131 destekleyicidir.\" \/>\n<meta name=\"robots\" content=\"index, follow, max-snippet:-1, max-image-preview:large, max-video-preview:-1\" \/>\n<link rel=\"canonical\" href=\"https:\/\/lulaisg.com.tr\/index.php\/urun\/ege-2403-v-ffp1-ventilli-maske\/\" \/>\n<meta property=\"og:locale\" content=\"tr_TR\" \/>\n<meta property=\"og:type\" content=\"article\" \/>\n<meta property=\"og:title\" content=\"EGE 2403 V FFP1 VENT\u0130LL\u0130 MASKE - LULA ISG\" \/>\n<meta property=\"og:description\" content=\"Konik tasar\u0131ma sahiptir. Ultrasonik kaynak teknolojisinin bir \u00fcr\u00fcn\u00fcd\u00fcr. \u00c7\u00f6kmeye kar\u015f\u0131 diren\u00e7li yap\u0131s\u0131 geni\u015f g\u00f6r\u00fc\u015f a\u00e7\u0131s\u0131n\u0131 destekleyicidir.\" \/>\n<meta property=\"og:url\" content=\"https:\/\/lulaisg.com.tr\/index.php\/urun\/ege-2403-v-ffp1-ventilli-maske\/\" \/>\n<meta property=\"og:site_name\" content=\"LULA ISG\" \/>\n<meta property=\"article:modified_time\" content=\"2022-12-13T20:35:28+00:00\" \/>\n<meta property=\"og:image\" content=\"https:\/\/lulaisg.com.tr\/wp-content\/uploads\/2022\/12\/EGE-2403-FFP1-VENTILLI-MASKE.jpg\" \/>\n\t<meta property=\"og:image:width\" content=\"1500\" \/>\n\t<meta property=\"og:image:height\" content=\"1500\" \/>\n\t<meta property=\"og:image:type\" content=\"image\/jpeg\" \/>\n<meta name=\"twitter:card\" content=\"summary_large_image\" \/>\n<meta name=\"twitter:label1\" content=\"Tahmini okuma s\u00fcresi\" \/>\n\t<meta name=\"twitter:data1\" content=\"1 dakika\" \/>\n<script type=\"application\/ld+json\" class=\"yoast-schema-graph\">{\"@context\":\"https:\/\/schema.org\",\"@graph\":[{\"@type\":\"WebPage\",\"@id\":\"https:\/\/lulaisg.com.tr\/index.php\/urun\/ege-2403-v-ffp1-ventilli-maske\/\",\"url\":\"https:\/\/lulaisg.com.tr\/index.php\/urun\/ege-2403-v-ffp1-ventilli-maske\/\",\"name\":\"EGE 2403 V FFP1 VENT\u0130LL\u0130 MASKE - LULA ISG\",\"isPartOf\":{\"@id\":\"https:\/\/lulaisg.com.tr\/#website\"},\"datePublished\":\"2022-12-13T20:35:26+00:00\",\"dateModified\":\"2022-12-13T20:35:28+00:00\",\"description\":\"Konik tasar\u0131ma sahiptir. Ultrasonik kaynak teknolojisinin bir \u00fcr\u00fcn\u00fcd\u00fcr. \u00c7\u00f6kmeye kar\u015f\u0131 diren\u00e7li yap\u0131s\u0131 geni\u015f g\u00f6r\u00fc\u015f a\u00e7\u0131s\u0131n\u0131 destekleyicidir.\",\"breadcrumb\":{\"@id\":\"https:\/\/lulaisg.com.tr\/index.php\/urun\/ege-2403-v-ffp1-ventilli-maske\/#breadcrumb\"},\"inLanguage\":\"tr\",\"potentialAction\":[{\"@type\":\"ReadAction\",\"target\":[\"https:\/\/lulaisg.com.tr\/index.php\/urun\/ege-2403-v-ffp1-ventilli-maske\/\"]}]},{\"@type\":\"BreadcrumbList\",\"@id\":\"https:\/\/lulaisg.com.tr\/index.php\/urun\/ege-2403-v-ffp1-ventilli-maske\/#breadcrumb\",\"itemListElement\":[{\"@type\":\"ListItem\",\"position\":1,\"name\":\"Anasayfa\",\"item\":\"https:\/\/lulaisg.com.tr\/\"},{\"@type\":\"ListItem\",\"position\":2,\"name\":\"Ma\u011faza\",\"item\":\"https:\/\/lulaisg.com.tr\/index.php\/magaza\/\"},{\"@type\":\"ListItem\",\"position\":3,\"name\":\"EGE 2403 V FFP1 VENT\u0130LL\u0130 MASKE\"}]},{\"@type\":\"WebSite\",\"@id\":\"https:\/\/lulaisg.com.tr\/#website\",\"url\":\"https:\/\/lulaisg.com.tr\/\",\"name\":\"LULA ISG\",\"description\":\"\",\"publisher\":{\"@id\":\"https:\/\/lulaisg.com.tr\/#organization\"},\"potentialAction\":[{\"@type\":\"SearchAction\",\"target\":{\"@type\":\"EntryPoint\",\"urlTemplate\":\"https:\/\/lulaisg.com.tr\/?s={search_term_string}\"},\"query-input\":\"required name=search_term_string\"}],\"inLanguage\":\"tr\"},{\"@type\":\"Organization\",\"@id\":\"https:\/\/lulaisg.com.tr\/#organization\",\"name\":\"LULA ISG\",\"url\":\"https:\/\/lulaisg.com.tr\/\",\"logo\":{\"@type\":\"ImageObject\",\"inLanguage\":\"tr\",\"@id\":\"https:\/\/lulaisg.com.tr\/#\/schema\/logo\/image\/\",\"url\":\"https:\/\/lulaisg.com.tr\/wp-content\/uploads\/2022\/12\/pera_logo_yatay_4@4x.png\",\"contentUrl\":\"https:\/\/lulaisg.com.tr\/wp-content\/uploads\/2022\/12\/pera_logo_yatay_4@4x.png\",\"width\":1035,\"height\":441,\"caption\":\"LULA ISG\"},\"image\":{\"@id\":\"https:\/\/lulaisg.com.tr\/#\/schema\/logo\/image\/\"}}]}<\/script>\n<!-- \/ Yoast SEO plugin. -->","yoast_head_json":{"title":"EGE 2403 V FFP1 VENT\u0130LL\u0130 MASKE - LULA ISG","description":"Konik tasar\u0131ma sahiptir. Ultrasonik kaynak teknolojisinin bir \u00fcr\u00fcn\u00fcd\u00fcr. \u00c7\u00f6kmeye kar\u015f\u0131 diren\u00e7li yap\u0131s\u0131 geni\u015f g\u00f6r\u00fc\u015f a\u00e7\u0131s\u0131n\u0131 destekleyicidir.","robots":{"index":"index","follow":"follow","max-snippet":"max-snippet:-1","max-image-preview":"max-image-preview:large","max-video-preview":"max-video-preview:-1"},"canonical":"https:\/\/lulaisg.com.tr\/index.php\/urun\/ege-2403-v-ffp1-ventilli-maske\/","og_locale":"tr_TR","og_type":"article","og_title":"EGE 2403 V FFP1 VENT\u0130LL\u0130 MASKE - LULA ISG","og_description":"Konik tasar\u0131ma sahiptir. Ultrasonik kaynak teknolojisinin bir \u00fcr\u00fcn\u00fcd\u00fcr. \u00c7\u00f6kmeye kar\u015f\u0131 diren\u00e7li yap\u0131s\u0131 geni\u015f g\u00f6r\u00fc\u015f a\u00e7\u0131s\u0131n\u0131 destekleyicidir.","og_url":"https:\/\/lulaisg.com.tr\/index.php\/urun\/ege-2403-v-ffp1-ventilli-maske\/","og_site_name":"LULA ISG","article_modified_time":"2022-12-13T20:35:28+00:00","og_image":[{"width":1500,"height":1500,"url":"https:\/\/lulaisg.com.tr\/wp-content\/uploads\/2022\/12\/EGE-2403-FFP1-VENTILLI-MASKE.jpg","type":"image\/jpeg"}],"twitter_card":"summary_large_image","twitter_misc":{"Tahmini okuma s\u00fcresi":"1 dakika"},"schema":{"@context":"https:\/\/schema.org","@graph":[{"@type":"WebPage","@id":"https:\/\/lulaisg.com.tr\/index.php\/urun\/ege-2403-v-ffp1-ventilli-maske\/","url":"https:\/\/lulaisg.com.tr\/index.php\/urun\/ege-2403-v-ffp1-ventilli-maske\/","name":"EGE 2403 V FFP1 VENT\u0130LL\u0130 MASKE - LULA ISG","isPartOf":{"@id":"https:\/\/lulaisg.com.tr\/#website"},"datePublished":"2022-12-13T20:35:26+00:00","dateModified":"2022-12-13T20:35:28+00:00","description":"Konik tasar\u0131ma sahiptir. Ultrasonik kaynak teknolojisinin bir \u00fcr\u00fcn\u00fcd\u00fcr. \u00c7\u00f6kmeye kar\u015f\u0131 diren\u00e7li yap\u0131s\u0131 geni\u015f g\u00f6r\u00fc\u015f a\u00e7\u0131s\u0131n\u0131 destekleyicidir.","breadcrumb":{"@id":"https:\/\/lulaisg.com.tr\/index.php\/urun\/ege-2403-v-ffp1-ventilli-maske\/#breadcrumb"},"inLanguage":"tr","potentialAction":[{"@type":"ReadAction","target":["https:\/\/lulaisg.com.tr\/index.php\/urun\/ege-2403-v-ffp1-ventilli-maske\/"]}]},{"@type":"BreadcrumbList","@id":"https:\/\/lulaisg.com.tr\/index.php\/urun\/ege-2403-v-ffp1-ventilli-maske\/#breadcrumb","itemListElement":[{"@type":"ListItem","position":1,"name":"Anasayfa","item":"https:\/\/lulaisg.com.tr\/"},{"@type":"ListItem","position":2,"name":"Ma\u011faza","item":"https:\/\/lulaisg.com.tr\/index.php\/magaza\/"},{"@type":"ListItem","position":3,"name":"EGE 2403 V FFP1 VENT\u0130LL\u0130 MASKE"}]},{"@type":"WebSite","@id":"https:\/\/lulaisg.com.tr\/#website","url":"https:\/\/lulaisg.com.tr\/","name":"LULA ISG","description":"","publisher":{"@id":"https:\/\/lulaisg.com.tr\/#organization"},"potentialAction":[{"@type":"SearchAction","target":{"@type":"EntryPoint","urlTemplate":"https:\/\/lulaisg.com.tr\/?s={search_term_string}"},"query-input":"required name=search_term_string"}],"inLanguage":"tr"},{"@type":"Organization","@id":"https:\/\/lulaisg.com.tr\/#organization","name":"LULA ISG","url":"https:\/\/lulaisg.com.tr\/","logo":{"@type":"ImageObject","inLanguage":"tr","@id":"https:\/\/lulaisg.com.tr\/#\/schema\/logo\/image\/","url":"https:\/\/lulaisg.com.tr\/wp-content\/uploads\/2022\/12\/pera_logo_yatay_4@4x.png","contentUrl":"https:\/\/lulaisg.com.tr\/wp-content\/uploads\/2022\/12\/pera_logo_yatay_4@4x.png","width":1035,"height":441,"caption":"LULA ISG"},"image":{"@id":"https:\/\/lulaisg.com.tr\/#\/schema\/logo\/image\/"}}]}},"_links":{"self":[{"href":"https:\/\/lulaisg.com.tr\/index.php\/wp-json\/wp\/v2\/product\/2087","targetHints":{"allow":["GET"]}}],"collection":[{"href":"https:\/\/lulaisg.com.tr\/index.php\/wp-json\/wp\/v2\/product"}],"about":[{"href":"https:\/\/lulaisg.com.tr\/index.php\/wp-json\/wp\/v2\/types\/product"}],"replies":[{"embeddable":true,"href":"https:\/\/lulaisg.com.tr\/index.php\/wp-json\/wp\/v2\/comments?post=2087"}],"wp:featuredmedia":[{"embeddable":true,"href":"https:\/\/lulaisg.com.tr\/index.php\/wp-json\/wp\/v2\/media\/2088"}],"wp:attachment":[{"href":"https:\/\/lulaisg.com.tr\/index.php\/wp-json\/wp\/v2\/media?parent=2087"}],"wp:term":[{"taxonomy":"product_cat","embeddable":true,"href":"https:\/\/lulaisg.com.tr\/index.php\/wp-json\/wp\/v2\/product_cat?post=2087"},{"taxonomy":"product_tag","embeddable":true,"href":"https:\/\/lulaisg.com.tr\/index.php\/wp-json\/wp\/v2\/product_tag?post=2087"}],"curies":[{"name":"wp","href":"https:\/\/api.w.org\/{rel}","templated":true}]}}