{"id":2081,"date":"2022-12-13T20:06:00","date_gmt":"2022-12-13T20:06:00","guid":{"rendered":"https:\/\/peraisguvenligi.com\/?post_type=product&#038;p=2081"},"modified":"2023-04-05T04:17:14","modified_gmt":"2023-04-05T04:17:14","slug":"3m_6200_yarim_yuz_maskesi","status":"publish","type":"product","link":"https:\/\/lulaisg.com.tr\/index.php\/urun\/3m_6200_yarim_yuz_maskesi\/","title":{"rendered":""},"content":{"rendered":"<p>3M\u2122 yeniden kullan\u0131labilir yar\u0131m y\u00fcz maske ekonomik, az bak\u0131m gerektiren, kolay kullan\u0131lan ve son derece hafif bir \u00fcr\u00fcnd\u00fcr.<br \/>\nCE Onayl\u0131 EN 140 Sistemi iki filtre bayonet sistemi bas\u0131n\u00e7l\u0131 hava sistemleriyle uyumlu kompakt ve hafif \u00e7ok \u00e7e\u015fitli filtreler Bina\/\u0130n\u015faat kimyasallar\u0131 kar\u0131\u015ft\u0131rma ve haz\u0131rlama petrokimya end\u00fcstrisi k\u00fc\u00e7\u00fck sprey boya ortalama mevcut solunum koruma gaz filtreleri i\u00e7in harikad\u0131r.<\/p>\n<ul>\n<li>Maske ba\u011flar\u0131 be\u015fik s\u00fcspansiyonu konforlu bir oturma i\u00e7in tasarlanm\u0131\u015ft\u0131r<\/li>\n<li>Uzun s\u00fcreli \u00e7al\u0131\u015fmalar s\u0131ras\u0131nda konfor sa\u011flar<\/li>\n<li>D\u00fc\u015f\u00fck profil tasar\u0131m\u0131 sayesinde geni\u015f g\u00f6r\u00fc\u015f alan\u0131 sa\u011flar.<\/li>\n<li>\u00c7ift filtre tasar\u0131m\u0131 daha d\u00fc\u015f\u00fck solunum direnci sa\u011flar.<\/li>\n<li>Gazlar, buharlar ve partik\u00fcllere kar\u015f\u0131 koruma i\u00e7in \u00e7ok \u00e7e\u015fitli filtrelere tak\u0131lan bayonet ba\u011flant\u0131 sistemi .<\/li>\n<\/ul>\n<p>\u00d6nerilen Sekt\u00f6rler \/ Kullan\u0131m;<br \/>\nYap\u0131, Tasar\u0131m ve \u0130n\u015faat, Tesis Sanitasyonu, G\u0131da \u0130\u015fleme, G\u0131da G\u00fcvenli\u011fi, A\u011f\u0131r Altyap\u0131, End\u00fcstriyel Bak\u0131m, \u0130malat, Denizcilik, Metal \u00dcretimi ve \u0130malat\u0131, Askeri Bak\u0131m, Onar\u0131m ve Operasyon (MRO), Madencilik, Petrol ve Gaz, Farmas\u00f6tik, Ta\u015f\u0131mac\u0131l\u0131k<\/p>\n","protected":false},"excerpt":{"rendered":"<p>Standartlar ve Sertifikalar<br \/>\nCE \u0130\u015faretli<br \/>\nEN 140:1998<\/p>\n","protected":false},"featured_media":2082,"comment_status":"open","ping_status":"closed","template":"","meta":[],"product_cat":[15,73],"product_tag":[369,76,370,79],"class_list":{"0":"post-2081","1":"product","2":"type-product","3":"status-publish","4":"has-post-thumbnail","6":"product_cat-genel","7":"product_cat-solunum-koruyucular","8":"product_tag-3m","9":"product_tag-maske","10":"product_tag-solunum","11":"product_tag-yarimyuz","13":"first","14":"instock","15":"shipping-taxable","16":"product-type-simple"},"yoast_head":"<!-- This site is optimized with the Yoast SEO plugin v22.1 - https:\/\/yoast.com\/wordpress\/plugins\/seo\/ -->\n<title>- LULA ISG<\/title>\n<meta name=\"description\" content=\"CE Onayl\u0131 EN 140 Sistemi iki filtre bayonet sistemi bas\u0131n\u00e7l\u0131 hava sistemleriyle uyumlu kompakt ve hafif \u00e7ok \u00e7e\u015fitli filtreler Bina\/\u0130n\u015faat kimyasallar\u0131 kar\u0131\u015ft\u0131rma ve haz\u0131rlama petrokimya end\u00fcstrisi k\u00fc\u00e7\u00fck sprey boya ortalama mevcut solunum koruma gaz filtreleri i\u00e7in harikad\u0131r.\" \/>\n<meta name=\"robots\" content=\"index, follow, max-snippet:-1, max-image-preview:large, max-video-preview:-1\" \/>\n<link rel=\"canonical\" href=\"https:\/\/lulaisg.com.tr\/index.php\/urun\/3m_6200_yarim_yuz_maskesi\/\" \/>\n<meta property=\"og:locale\" content=\"tr_TR\" \/>\n<meta property=\"og:type\" content=\"article\" \/>\n<meta property=\"og:title\" content=\"- LULA ISG\" \/>\n<meta property=\"og:description\" content=\"CE Onayl\u0131 EN 140 Sistemi iki filtre bayonet sistemi bas\u0131n\u00e7l\u0131 hava sistemleriyle uyumlu kompakt ve hafif \u00e7ok \u00e7e\u015fitli filtreler Bina\/\u0130n\u015faat kimyasallar\u0131 kar\u0131\u015ft\u0131rma ve haz\u0131rlama petrokimya end\u00fcstrisi k\u00fc\u00e7\u00fck sprey boya ortalama mevcut solunum koruma gaz filtreleri i\u00e7in harikad\u0131r.\" \/>\n<meta property=\"og:url\" content=\"https:\/\/lulaisg.com.tr\/index.php\/urun\/3m_6200_yarim_yuz_maskesi\/\" \/>\n<meta property=\"og:site_name\" content=\"LULA ISG\" \/>\n<meta property=\"article:modified_time\" content=\"2023-04-05T04:17:14+00:00\" \/>\n<meta property=\"og:image\" content=\"https:\/\/lulaisg.com.tr\/wp-content\/uploads\/2022\/12\/3M-6200-MASKE.jpg\" \/>\n\t<meta property=\"og:image:width\" content=\"375\" \/>\n\t<meta property=\"og:image:height\" content=\"375\" \/>\n\t<meta property=\"og:image:type\" content=\"image\/jpeg\" \/>\n<meta name=\"twitter:card\" content=\"summary_large_image\" \/>\n<meta name=\"twitter:label1\" content=\"Tahmini okuma s\u00fcresi\" \/>\n\t<meta name=\"twitter:data1\" content=\"1 dakika\" \/>\n<script type=\"application\/ld+json\" class=\"yoast-schema-graph\">{\"@context\":\"https:\/\/schema.org\",\"@graph\":[{\"@type\":\"WebPage\",\"@id\":\"https:\/\/lulaisg.com.tr\/index.php\/urun\/3m_6200_yarim_yuz_maskesi\/\",\"url\":\"https:\/\/lulaisg.com.tr\/index.php\/urun\/3m_6200_yarim_yuz_maskesi\/\",\"name\":\"- LULA ISG\",\"isPartOf\":{\"@id\":\"https:\/\/lulaisg.com.tr\/#website\"},\"datePublished\":\"2022-12-13T20:06:00+00:00\",\"dateModified\":\"2023-04-05T04:17:14+00:00\",\"description\":\"CE Onayl\u0131 EN 140 Sistemi iki filtre bayonet sistemi bas\u0131n\u00e7l\u0131 hava sistemleriyle uyumlu kompakt ve hafif \u00e7ok \u00e7e\u015fitli filtreler Bina\/\u0130n\u015faat kimyasallar\u0131 kar\u0131\u015ft\u0131rma ve haz\u0131rlama petrokimya end\u00fcstrisi k\u00fc\u00e7\u00fck sprey boya ortalama mevcut solunum koruma gaz filtreleri i\u00e7in harikad\u0131r.\",\"breadcrumb\":{\"@id\":\"https:\/\/lulaisg.com.tr\/index.php\/urun\/3m_6200_yarim_yuz_maskesi\/#breadcrumb\"},\"inLanguage\":\"tr\",\"potentialAction\":[{\"@type\":\"ReadAction\",\"target\":[\"https:\/\/lulaisg.com.tr\/index.php\/urun\/3m_6200_yarim_yuz_maskesi\/\"]}]},{\"@type\":\"BreadcrumbList\",\"@id\":\"https:\/\/lulaisg.com.tr\/index.php\/urun\/3m_6200_yarim_yuz_maskesi\/#breadcrumb\",\"itemListElement\":[{\"@type\":\"ListItem\",\"position\":1,\"name\":\"Anasayfa\",\"item\":\"https:\/\/lulaisg.com.tr\/\"},{\"@type\":\"ListItem\",\"position\":2,\"name\":\"Ma\u011faza\",\"item\":\"https:\/\/lulaisg.com.tr\/index.php\/magaza\/\"}]},{\"@type\":\"WebSite\",\"@id\":\"https:\/\/lulaisg.com.tr\/#website\",\"url\":\"https:\/\/lulaisg.com.tr\/\",\"name\":\"LULA ISG\",\"description\":\"\",\"publisher\":{\"@id\":\"https:\/\/lulaisg.com.tr\/#organization\"},\"potentialAction\":[{\"@type\":\"SearchAction\",\"target\":{\"@type\":\"EntryPoint\",\"urlTemplate\":\"https:\/\/lulaisg.com.tr\/?s={search_term_string}\"},\"query-input\":\"required name=search_term_string\"}],\"inLanguage\":\"tr\"},{\"@type\":\"Organization\",\"@id\":\"https:\/\/lulaisg.com.tr\/#organization\",\"name\":\"LULA ISG\",\"url\":\"https:\/\/lulaisg.com.tr\/\",\"logo\":{\"@type\":\"ImageObject\",\"inLanguage\":\"tr\",\"@id\":\"https:\/\/lulaisg.com.tr\/#\/schema\/logo\/image\/\",\"url\":\"https:\/\/lulaisg.com.tr\/wp-content\/uploads\/2022\/12\/pera_logo_yatay_4@4x.png\",\"contentUrl\":\"https:\/\/lulaisg.com.tr\/wp-content\/uploads\/2022\/12\/pera_logo_yatay_4@4x.png\",\"width\":1035,\"height\":441,\"caption\":\"LULA ISG\"},\"image\":{\"@id\":\"https:\/\/lulaisg.com.tr\/#\/schema\/logo\/image\/\"}}]}<\/script>\n<!-- \/ Yoast SEO plugin. -->","yoast_head_json":{"title":"- LULA ISG","description":"CE Onayl\u0131 EN 140 Sistemi iki filtre bayonet sistemi bas\u0131n\u00e7l\u0131 hava sistemleriyle uyumlu kompakt ve hafif \u00e7ok \u00e7e\u015fitli filtreler Bina\/\u0130n\u015faat kimyasallar\u0131 kar\u0131\u015ft\u0131rma ve haz\u0131rlama petrokimya end\u00fcstrisi k\u00fc\u00e7\u00fck sprey boya ortalama mevcut solunum koruma gaz filtreleri i\u00e7in harikad\u0131r.","robots":{"index":"index","follow":"follow","max-snippet":"max-snippet:-1","max-image-preview":"max-image-preview:large","max-video-preview":"max-video-preview:-1"},"canonical":"https:\/\/lulaisg.com.tr\/index.php\/urun\/3m_6200_yarim_yuz_maskesi\/","og_locale":"tr_TR","og_type":"article","og_title":"- LULA ISG","og_description":"CE Onayl\u0131 EN 140 Sistemi iki filtre bayonet sistemi bas\u0131n\u00e7l\u0131 hava sistemleriyle uyumlu kompakt ve hafif \u00e7ok \u00e7e\u015fitli filtreler Bina\/\u0130n\u015faat kimyasallar\u0131 kar\u0131\u015ft\u0131rma ve haz\u0131rlama petrokimya end\u00fcstrisi k\u00fc\u00e7\u00fck sprey boya ortalama mevcut solunum koruma gaz filtreleri i\u00e7in harikad\u0131r.","og_url":"https:\/\/lulaisg.com.tr\/index.php\/urun\/3m_6200_yarim_yuz_maskesi\/","og_site_name":"LULA ISG","article_modified_time":"2023-04-05T04:17:14+00:00","og_image":[{"width":375,"height":375,"url":"https:\/\/lulaisg.com.tr\/wp-content\/uploads\/2022\/12\/3M-6200-MASKE.jpg","type":"image\/jpeg"}],"twitter_card":"summary_large_image","twitter_misc":{"Tahmini okuma s\u00fcresi":"1 dakika"},"schema":{"@context":"https:\/\/schema.org","@graph":[{"@type":"WebPage","@id":"https:\/\/lulaisg.com.tr\/index.php\/urun\/3m_6200_yarim_yuz_maskesi\/","url":"https:\/\/lulaisg.com.tr\/index.php\/urun\/3m_6200_yarim_yuz_maskesi\/","name":"- LULA ISG","isPartOf":{"@id":"https:\/\/lulaisg.com.tr\/#website"},"datePublished":"2022-12-13T20:06:00+00:00","dateModified":"2023-04-05T04:17:14+00:00","description":"CE Onayl\u0131 EN 140 Sistemi iki filtre bayonet sistemi bas\u0131n\u00e7l\u0131 hava sistemleriyle uyumlu kompakt ve hafif \u00e7ok \u00e7e\u015fitli filtreler Bina\/\u0130n\u015faat kimyasallar\u0131 kar\u0131\u015ft\u0131rma ve haz\u0131rlama petrokimya end\u00fcstrisi k\u00fc\u00e7\u00fck sprey boya ortalama mevcut solunum koruma gaz filtreleri i\u00e7in harikad\u0131r.","breadcrumb":{"@id":"https:\/\/lulaisg.com.tr\/index.php\/urun\/3m_6200_yarim_yuz_maskesi\/#breadcrumb"},"inLanguage":"tr","potentialAction":[{"@type":"ReadAction","target":["https:\/\/lulaisg.com.tr\/index.php\/urun\/3m_6200_yarim_yuz_maskesi\/"]}]},{"@type":"BreadcrumbList","@id":"https:\/\/lulaisg.com.tr\/index.php\/urun\/3m_6200_yarim_yuz_maskesi\/#breadcrumb","itemListElement":[{"@type":"ListItem","position":1,"name":"Anasayfa","item":"https:\/\/lulaisg.com.tr\/"},{"@type":"ListItem","position":2,"name":"Ma\u011faza","item":"https:\/\/lulaisg.com.tr\/index.php\/magaza\/"}]},{"@type":"WebSite","@id":"https:\/\/lulaisg.com.tr\/#website","url":"https:\/\/lulaisg.com.tr\/","name":"LULA ISG","description":"","publisher":{"@id":"https:\/\/lulaisg.com.tr\/#organization"},"potentialAction":[{"@type":"SearchAction","target":{"@type":"EntryPoint","urlTemplate":"https:\/\/lulaisg.com.tr\/?s={search_term_string}"},"query-input":"required name=search_term_string"}],"inLanguage":"tr"},{"@type":"Organization","@id":"https:\/\/lulaisg.com.tr\/#organization","name":"LULA ISG","url":"https:\/\/lulaisg.com.tr\/","logo":{"@type":"ImageObject","inLanguage":"tr","@id":"https:\/\/lulaisg.com.tr\/#\/schema\/logo\/image\/","url":"https:\/\/lulaisg.com.tr\/wp-content\/uploads\/2022\/12\/pera_logo_yatay_4@4x.png","contentUrl":"https:\/\/lulaisg.com.tr\/wp-content\/uploads\/2022\/12\/pera_logo_yatay_4@4x.png","width":1035,"height":441,"caption":"LULA ISG"},"image":{"@id":"https:\/\/lulaisg.com.tr\/#\/schema\/logo\/image\/"}}]}},"_links":{"self":[{"href":"https:\/\/lulaisg.com.tr\/index.php\/wp-json\/wp\/v2\/product\/2081","targetHints":{"allow":["GET"]}}],"collection":[{"href":"https:\/\/lulaisg.com.tr\/index.php\/wp-json\/wp\/v2\/product"}],"about":[{"href":"https:\/\/lulaisg.com.tr\/index.php\/wp-json\/wp\/v2\/types\/product"}],"replies":[{"embeddable":true,"href":"https:\/\/lulaisg.com.tr\/index.php\/wp-json\/wp\/v2\/comments?post=2081"}],"wp:featuredmedia":[{"embeddable":true,"href":"https:\/\/lulaisg.com.tr\/index.php\/wp-json\/wp\/v2\/media\/2082"}],"wp:attachment":[{"href":"https:\/\/lulaisg.com.tr\/index.php\/wp-json\/wp\/v2\/media?parent=2081"}],"wp:term":[{"taxonomy":"product_cat","embeddable":true,"href":"https:\/\/lulaisg.com.tr\/index.php\/wp-json\/wp\/v2\/product_cat?post=2081"},{"taxonomy":"product_tag","embeddable":true,"href":"https:\/\/lulaisg.com.tr\/index.php\/wp-json\/wp\/v2\/product_tag?post=2081"}],"curies":[{"name":"wp","href":"https:\/\/api.w.org\/{rel}","templated":true}]}}