{"id":2061,"date":"2022-12-12T15:21:06","date_gmt":"2022-12-12T15:21:06","guid":{"rendered":"https:\/\/peraisguvenligi.com\/pera\/?post_type=product&#038;p=2061"},"modified":"2022-12-12T15:21:08","modified_gmt":"2022-12-12T15:21:08","slug":"panda_sprint_is_ayakkabisi","status":"publish","type":"product","link":"https:\/\/lulaisg.com.tr\/index.php\/urun\/panda_sprint_is_ayakkabisi\/","title":{"rendered":"PANDA SPRINT S1 \u0130\u015e AYAKKABISI"},"content":{"rendered":"<p>Emniyet ayakkab\u0131lar\u0131, \u00e7elik burunlu, antistatik, kayd\u0131rmaz, asit ve ya\u011fa dayan\u0131kl\u0131 PU\/PU taban, \u015fok emici topuk b\u00f6lgesi ve nefes alan tekstil \u00fcst.<\/p>\n","protected":false},"excerpt":{"rendered":"<div>Enerji emici topuk<\/div>\n<div>Kaymaz taban<\/div>\n<div>Nefes al\u0131r \u00fcst y\u00fczey<\/div>\n<div>Burun koruyucu<\/div>\n<div>Ya\u011fa kar\u015f\u0131 direnli taban<\/div>\n<ul>\n<li style=\"list-style-type: none\">\n<ul>Anti statik ayakkab\u0131lar<\/ul>\n<\/li>\n<\/ul>\n<p>&nbsp;<\/p>\n<ul>EN ISO 20345<\/ul>\n","protected":false},"featured_media":2062,"comment_status":"open","ping_status":"closed","template":"","meta":[],"product_cat":[15,31],"product_tag":[368,32,366,160,367,34],"class_list":{"0":"post-2061","1":"product","2":"type-product","3":"status-publish","4":"has-post-thumbnail","6":"product_cat-genel","7":"product_cat-ayak-koruyucular","8":"product_tag-antistatik","9":"product_tag-ayakkabi","10":"product_tag-celikburun","11":"product_tag-emniyet","12":"product_tag-kaymazi","13":"product_tag-s1","15":"first","16":"instock","17":"shipping-taxable","18":"product-type-simple"},"yoast_head":"<!-- This site is optimized with the Yoast SEO plugin v22.1 - https:\/\/yoast.com\/wordpress\/plugins\/seo\/ -->\n<title>PANDA SPRINT S1 \u0130\u015e AYAKKABISI - LULA ISG<\/title>\n<meta name=\"description\" content=\"Enerji emici topukKaymaz tabanNefes al\u0131r \u00fcst y\u00fczeyBurun koruyucuYa\u011fa kar\u015f\u0131 direnli tabanAnti statik ayakkab\u0131larSTANDARTLAREN ISO 20345\" \/>\n<meta name=\"robots\" content=\"index, follow, max-snippet:-1, max-image-preview:large, max-video-preview:-1\" \/>\n<link rel=\"canonical\" href=\"https:\/\/lulaisg.com.tr\/index.php\/urun\/panda_sprint_is_ayakkabisi\/\" \/>\n<meta property=\"og:locale\" content=\"tr_TR\" \/>\n<meta property=\"og:type\" content=\"article\" \/>\n<meta property=\"og:title\" content=\"PANDA SPRINT S1 \u0130\u015e AYAKKABISI - LULA ISG\" \/>\n<meta property=\"og:description\" content=\"Enerji emici topukKaymaz tabanNefes al\u0131r \u00fcst y\u00fczeyBurun koruyucuYa\u011fa kar\u015f\u0131 direnli tabanAnti statik ayakkab\u0131larSTANDARTLAREN ISO 20345\" \/>\n<meta property=\"og:url\" content=\"https:\/\/lulaisg.com.tr\/index.php\/urun\/panda_sprint_is_ayakkabisi\/\" \/>\n<meta property=\"og:site_name\" content=\"LULA ISG\" \/>\n<meta property=\"article:modified_time\" content=\"2022-12-12T15:21:08+00:00\" \/>\n<meta property=\"og:image\" content=\"https:\/\/lulaisg.com.tr\/wp-content\/uploads\/2022\/12\/poltopanky-panda-strong-prof-sprint-grey-s1-siva-c36-3605.jpg\" \/>\n\t<meta property=\"og:image:width\" content=\"800\" \/>\n\t<meta property=\"og:image:height\" content=\"800\" \/>\n\t<meta property=\"og:image:type\" content=\"image\/jpeg\" \/>\n<meta name=\"twitter:card\" content=\"summary_large_image\" \/>\n<meta name=\"twitter:label1\" content=\"Tahmini okuma s\u00fcresi\" \/>\n\t<meta name=\"twitter:data1\" content=\"1 dakika\" \/>\n<script type=\"application\/ld+json\" class=\"yoast-schema-graph\">{\"@context\":\"https:\/\/schema.org\",\"@graph\":[{\"@type\":\"WebPage\",\"@id\":\"https:\/\/lulaisg.com.tr\/index.php\/urun\/panda_sprint_is_ayakkabisi\/\",\"url\":\"https:\/\/lulaisg.com.tr\/index.php\/urun\/panda_sprint_is_ayakkabisi\/\",\"name\":\"PANDA SPRINT S1 \u0130\u015e AYAKKABISI - LULA ISG\",\"isPartOf\":{\"@id\":\"https:\/\/lulaisg.com.tr\/#website\"},\"datePublished\":\"2022-12-12T15:21:06+00:00\",\"dateModified\":\"2022-12-12T15:21:08+00:00\",\"description\":\"Enerji emici topukKaymaz tabanNefes al\u0131r \u00fcst y\u00fczeyBurun koruyucuYa\u011fa kar\u015f\u0131 direnli tabanAnti statik ayakkab\u0131larSTANDARTLAREN ISO 20345\",\"breadcrumb\":{\"@id\":\"https:\/\/lulaisg.com.tr\/index.php\/urun\/panda_sprint_is_ayakkabisi\/#breadcrumb\"},\"inLanguage\":\"tr\",\"potentialAction\":[{\"@type\":\"ReadAction\",\"target\":[\"https:\/\/lulaisg.com.tr\/index.php\/urun\/panda_sprint_is_ayakkabisi\/\"]}]},{\"@type\":\"BreadcrumbList\",\"@id\":\"https:\/\/lulaisg.com.tr\/index.php\/urun\/panda_sprint_is_ayakkabisi\/#breadcrumb\",\"itemListElement\":[{\"@type\":\"ListItem\",\"position\":1,\"name\":\"Anasayfa\",\"item\":\"https:\/\/lulaisg.com.tr\/\"},{\"@type\":\"ListItem\",\"position\":2,\"name\":\"Ma\u011faza\",\"item\":\"https:\/\/lulaisg.com.tr\/index.php\/magaza\/\"},{\"@type\":\"ListItem\",\"position\":3,\"name\":\"PANDA SPRINT S1 \u0130\u015e AYAKKABISI\"}]},{\"@type\":\"WebSite\",\"@id\":\"https:\/\/lulaisg.com.tr\/#website\",\"url\":\"https:\/\/lulaisg.com.tr\/\",\"name\":\"LULA ISG\",\"description\":\"\",\"publisher\":{\"@id\":\"https:\/\/lulaisg.com.tr\/#organization\"},\"potentialAction\":[{\"@type\":\"SearchAction\",\"target\":{\"@type\":\"EntryPoint\",\"urlTemplate\":\"https:\/\/lulaisg.com.tr\/?s={search_term_string}\"},\"query-input\":\"required name=search_term_string\"}],\"inLanguage\":\"tr\"},{\"@type\":\"Organization\",\"@id\":\"https:\/\/lulaisg.com.tr\/#organization\",\"name\":\"LULA ISG\",\"url\":\"https:\/\/lulaisg.com.tr\/\",\"logo\":{\"@type\":\"ImageObject\",\"inLanguage\":\"tr\",\"@id\":\"https:\/\/lulaisg.com.tr\/#\/schema\/logo\/image\/\",\"url\":\"https:\/\/lulaisg.com.tr\/wp-content\/uploads\/2022\/12\/pera_logo_yatay_4@4x.png\",\"contentUrl\":\"https:\/\/lulaisg.com.tr\/wp-content\/uploads\/2022\/12\/pera_logo_yatay_4@4x.png\",\"width\":1035,\"height\":441,\"caption\":\"LULA ISG\"},\"image\":{\"@id\":\"https:\/\/lulaisg.com.tr\/#\/schema\/logo\/image\/\"}}]}<\/script>\n<!-- \/ Yoast SEO plugin. -->","yoast_head_json":{"title":"PANDA SPRINT S1 \u0130\u015e AYAKKABISI - LULA ISG","description":"Enerji emici topukKaymaz tabanNefes al\u0131r \u00fcst y\u00fczeyBurun koruyucuYa\u011fa kar\u015f\u0131 direnli tabanAnti statik ayakkab\u0131larSTANDARTLAREN ISO 20345","robots":{"index":"index","follow":"follow","max-snippet":"max-snippet:-1","max-image-preview":"max-image-preview:large","max-video-preview":"max-video-preview:-1"},"canonical":"https:\/\/lulaisg.com.tr\/index.php\/urun\/panda_sprint_is_ayakkabisi\/","og_locale":"tr_TR","og_type":"article","og_title":"PANDA SPRINT S1 \u0130\u015e AYAKKABISI - LULA ISG","og_description":"Enerji emici topukKaymaz tabanNefes al\u0131r \u00fcst y\u00fczeyBurun koruyucuYa\u011fa kar\u015f\u0131 direnli tabanAnti statik ayakkab\u0131larSTANDARTLAREN ISO 20345","og_url":"https:\/\/lulaisg.com.tr\/index.php\/urun\/panda_sprint_is_ayakkabisi\/","og_site_name":"LULA ISG","article_modified_time":"2022-12-12T15:21:08+00:00","og_image":[{"width":800,"height":800,"url":"https:\/\/lulaisg.com.tr\/wp-content\/uploads\/2022\/12\/poltopanky-panda-strong-prof-sprint-grey-s1-siva-c36-3605.jpg","type":"image\/jpeg"}],"twitter_card":"summary_large_image","twitter_misc":{"Tahmini okuma s\u00fcresi":"1 dakika"},"schema":{"@context":"https:\/\/schema.org","@graph":[{"@type":"WebPage","@id":"https:\/\/lulaisg.com.tr\/index.php\/urun\/panda_sprint_is_ayakkabisi\/","url":"https:\/\/lulaisg.com.tr\/index.php\/urun\/panda_sprint_is_ayakkabisi\/","name":"PANDA SPRINT S1 \u0130\u015e AYAKKABISI - LULA ISG","isPartOf":{"@id":"https:\/\/lulaisg.com.tr\/#website"},"datePublished":"2022-12-12T15:21:06+00:00","dateModified":"2022-12-12T15:21:08+00:00","description":"Enerji emici topukKaymaz tabanNefes al\u0131r \u00fcst y\u00fczeyBurun koruyucuYa\u011fa kar\u015f\u0131 direnli tabanAnti statik ayakkab\u0131larSTANDARTLAREN ISO 20345","breadcrumb":{"@id":"https:\/\/lulaisg.com.tr\/index.php\/urun\/panda_sprint_is_ayakkabisi\/#breadcrumb"},"inLanguage":"tr","potentialAction":[{"@type":"ReadAction","target":["https:\/\/lulaisg.com.tr\/index.php\/urun\/panda_sprint_is_ayakkabisi\/"]}]},{"@type":"BreadcrumbList","@id":"https:\/\/lulaisg.com.tr\/index.php\/urun\/panda_sprint_is_ayakkabisi\/#breadcrumb","itemListElement":[{"@type":"ListItem","position":1,"name":"Anasayfa","item":"https:\/\/lulaisg.com.tr\/"},{"@type":"ListItem","position":2,"name":"Ma\u011faza","item":"https:\/\/lulaisg.com.tr\/index.php\/magaza\/"},{"@type":"ListItem","position":3,"name":"PANDA SPRINT S1 \u0130\u015e AYAKKABISI"}]},{"@type":"WebSite","@id":"https:\/\/lulaisg.com.tr\/#website","url":"https:\/\/lulaisg.com.tr\/","name":"LULA ISG","description":"","publisher":{"@id":"https:\/\/lulaisg.com.tr\/#organization"},"potentialAction":[{"@type":"SearchAction","target":{"@type":"EntryPoint","urlTemplate":"https:\/\/lulaisg.com.tr\/?s={search_term_string}"},"query-input":"required name=search_term_string"}],"inLanguage":"tr"},{"@type":"Organization","@id":"https:\/\/lulaisg.com.tr\/#organization","name":"LULA ISG","url":"https:\/\/lulaisg.com.tr\/","logo":{"@type":"ImageObject","inLanguage":"tr","@id":"https:\/\/lulaisg.com.tr\/#\/schema\/logo\/image\/","url":"https:\/\/lulaisg.com.tr\/wp-content\/uploads\/2022\/12\/pera_logo_yatay_4@4x.png","contentUrl":"https:\/\/lulaisg.com.tr\/wp-content\/uploads\/2022\/12\/pera_logo_yatay_4@4x.png","width":1035,"height":441,"caption":"LULA ISG"},"image":{"@id":"https:\/\/lulaisg.com.tr\/#\/schema\/logo\/image\/"}}]}},"_links":{"self":[{"href":"https:\/\/lulaisg.com.tr\/index.php\/wp-json\/wp\/v2\/product\/2061","targetHints":{"allow":["GET"]}}],"collection":[{"href":"https:\/\/lulaisg.com.tr\/index.php\/wp-json\/wp\/v2\/product"}],"about":[{"href":"https:\/\/lulaisg.com.tr\/index.php\/wp-json\/wp\/v2\/types\/product"}],"replies":[{"embeddable":true,"href":"https:\/\/lulaisg.com.tr\/index.php\/wp-json\/wp\/v2\/comments?post=2061"}],"wp:featuredmedia":[{"embeddable":true,"href":"https:\/\/lulaisg.com.tr\/index.php\/wp-json\/wp\/v2\/media\/2062"}],"wp:attachment":[{"href":"https:\/\/lulaisg.com.tr\/index.php\/wp-json\/wp\/v2\/media?parent=2061"}],"wp:term":[{"taxonomy":"product_cat","embeddable":true,"href":"https:\/\/lulaisg.com.tr\/index.php\/wp-json\/wp\/v2\/product_cat?post=2061"},{"taxonomy":"product_tag","embeddable":true,"href":"https:\/\/lulaisg.com.tr\/index.php\/wp-json\/wp\/v2\/product_tag?post=2061"}],"curies":[{"name":"wp","href":"https:\/\/api.w.org\/{rel}","templated":true}]}}