{"id":181,"date":"2022-12-06T11:33:13","date_gmt":"2022-12-06T11:33:13","guid":{"rendered":"https:\/\/peraisguvenligi.com\/pera\/?post_type=product&#038;p=181"},"modified":"2022-12-08T10:04:51","modified_gmt":"2022-12-08T10:04:51","slug":"tegera-803-esd-eldiven","status":"publish","type":"product","link":"https:\/\/lulaisg.com.tr\/index.php\/urun\/tegera-803-esd-eldiven\/","title":{"rendered":"TEGERA 803 ESD ELD\u0130VEN"},"content":{"rendered":"<p>Maksimum el becerisi ve kesilme korumas\u0131na ihtiya\u00e7 duyulan ESD korumal\u0131 alanlarda elektronik i\u015fleri i\u00e7in TEGERA<sup>\u00ae<\/sup>\u00a0CRF<sup>\u00ae<\/sup>\u00a0Teknolojisi fiber kullan\u0131lan, B kesilme direnci seviyesinde, \u00e7ok ince ESD eldiven.<br \/>\nIEC 61340-5-1:2016<br \/>\nR &lt; 1.0 x 10\u2079 \u03a9<br \/>\nEN 388:2016+A1:2018<br \/>\n4X42B<\/p>\n<p>&nbsp;<\/p>\n<p><a href=\"https:\/\/www.ejendals.com\/tr\/\">TEGERA NED\u0130R?<\/a><\/p>\n<p>TEGERA\u00ae G\u00fcvenlik Eldivenleri &#8211; Piyasadaki en g\u00fcvenli eldivenleri giydi\u011finizi bilmek size rahatl\u0131k getirir.<\/p>\n","protected":false},"excerpt":{"rendered":"<p>\u0130nce 18 gg fiber astar ve g\u00fcn boyu rahat kullan\u0131m i\u00e7in y\u00fcksek nefes alabilirlik. PU, avu\u00e7 i\u00e7i dald\u0131rmal\u0131.<\/p>\n","protected":false},"featured_media":217,"comment_status":"closed","ping_status":"closed","template":"","meta":[],"product_cat":[16],"product_tag":[17,193,18,19],"class_list":{"0":"post-181","1":"product","2":"type-product","3":"status-publish","4":"has-post-thumbnail","6":"product_cat-el-koruyucular","7":"product_tag-eldiven","8":"product_tag-esd","9":"product_tag-kopuk","10":"product_tag-tegera","12":"first","13":"instock","14":"sale","15":"shipping-taxable","16":"purchasable","17":"product-type-simple"},"yoast_head":"<!-- This site is optimized with the Yoast SEO plugin v22.1 - https:\/\/yoast.com\/wordpress\/plugins\/seo\/ -->\n<title>TEGERA 803 ESD ELD\u0130VEN - LULA ISG<\/title>\n<meta name=\"description\" content=\"TEGERA 803 ESD ELD\u0130VEN - LULA ISG \u0130nce 18 gg fiber astar ve g\u00fcn boyu rahat kullan\u0131m i\u00e7in y\u00fcksek nefes alabilirlik. PU, avu\u00e7 i\u00e7i dald\u0131rmal\u0131.\" \/>\n<meta name=\"robots\" content=\"index, follow, max-snippet:-1, max-image-preview:large, max-video-preview:-1\" \/>\n<link rel=\"canonical\" href=\"https:\/\/lulaisg.com.tr\/index.php\/urun\/tegera-803-esd-eldiven\/\" \/>\n<meta property=\"og:locale\" content=\"tr_TR\" \/>\n<meta property=\"og:type\" content=\"article\" \/>\n<meta property=\"og:title\" content=\"TEGERA 803 ESD ELD\u0130VEN - LULA ISG\" \/>\n<meta property=\"og:description\" content=\"TEGERA 803 ESD ELD\u0130VEN - LULA ISG \u0130nce 18 gg fiber astar ve g\u00fcn boyu rahat kullan\u0131m i\u00e7in y\u00fcksek nefes alabilirlik. PU, avu\u00e7 i\u00e7i dald\u0131rmal\u0131.\" \/>\n<meta property=\"og:url\" content=\"https:\/\/lulaisg.com.tr\/index.php\/urun\/tegera-803-esd-eldiven\/\" \/>\n<meta property=\"og:site_name\" content=\"LULA ISG\" \/>\n<meta property=\"article:modified_time\" content=\"2022-12-08T10:04:51+00:00\" \/>\n<meta property=\"og:image\" content=\"https:\/\/lulaisg.com.tr\/wp-content\/uploads\/2022\/12\/PI_803-1.jpg\" \/>\n\t<meta property=\"og:image:width\" content=\"1358\" \/>\n\t<meta property=\"og:image:height\" content=\"1772\" \/>\n\t<meta property=\"og:image:type\" content=\"image\/jpeg\" \/>\n<meta name=\"twitter:card\" content=\"summary_large_image\" \/>\n<meta name=\"twitter:label1\" content=\"Tahmini okuma s\u00fcresi\" \/>\n\t<meta name=\"twitter:data1\" content=\"1 dakika\" \/>\n<script type=\"application\/ld+json\" class=\"yoast-schema-graph\">{\"@context\":\"https:\/\/schema.org\",\"@graph\":[{\"@type\":\"WebPage\",\"@id\":\"https:\/\/lulaisg.com.tr\/index.php\/urun\/tegera-803-esd-eldiven\/\",\"url\":\"https:\/\/lulaisg.com.tr\/index.php\/urun\/tegera-803-esd-eldiven\/\",\"name\":\"TEGERA 803 ESD ELD\u0130VEN - LULA ISG\",\"isPartOf\":{\"@id\":\"https:\/\/lulaisg.com.tr\/#website\"},\"datePublished\":\"2022-12-06T11:33:13+00:00\",\"dateModified\":\"2022-12-08T10:04:51+00:00\",\"description\":\"TEGERA 803 ESD ELD\u0130VEN - LULA ISG \u0130nce 18 gg fiber astar ve g\u00fcn boyu rahat kullan\u0131m i\u00e7in y\u00fcksek nefes alabilirlik. PU, avu\u00e7 i\u00e7i dald\u0131rmal\u0131.\",\"breadcrumb\":{\"@id\":\"https:\/\/lulaisg.com.tr\/index.php\/urun\/tegera-803-esd-eldiven\/#breadcrumb\"},\"inLanguage\":\"tr\",\"potentialAction\":[{\"@type\":\"ReadAction\",\"target\":[\"https:\/\/lulaisg.com.tr\/index.php\/urun\/tegera-803-esd-eldiven\/\"]}]},{\"@type\":\"BreadcrumbList\",\"@id\":\"https:\/\/lulaisg.com.tr\/index.php\/urun\/tegera-803-esd-eldiven\/#breadcrumb\",\"itemListElement\":[{\"@type\":\"ListItem\",\"position\":1,\"name\":\"Anasayfa\",\"item\":\"https:\/\/lulaisg.com.tr\/\"},{\"@type\":\"ListItem\",\"position\":2,\"name\":\"Ma\u011faza\",\"item\":\"https:\/\/lulaisg.com.tr\/index.php\/magaza\/\"},{\"@type\":\"ListItem\",\"position\":3,\"name\":\"TEGERA 803 ESD ELD\u0130VEN\"}]},{\"@type\":\"WebSite\",\"@id\":\"https:\/\/lulaisg.com.tr\/#website\",\"url\":\"https:\/\/lulaisg.com.tr\/\",\"name\":\"LULA ISG\",\"description\":\"\",\"publisher\":{\"@id\":\"https:\/\/lulaisg.com.tr\/#organization\"},\"potentialAction\":[{\"@type\":\"SearchAction\",\"target\":{\"@type\":\"EntryPoint\",\"urlTemplate\":\"https:\/\/lulaisg.com.tr\/?s={search_term_string}\"},\"query-input\":\"required name=search_term_string\"}],\"inLanguage\":\"tr\"},{\"@type\":\"Organization\",\"@id\":\"https:\/\/lulaisg.com.tr\/#organization\",\"name\":\"LULA ISG\",\"url\":\"https:\/\/lulaisg.com.tr\/\",\"logo\":{\"@type\":\"ImageObject\",\"inLanguage\":\"tr\",\"@id\":\"https:\/\/lulaisg.com.tr\/#\/schema\/logo\/image\/\",\"url\":\"https:\/\/lulaisg.com.tr\/wp-content\/uploads\/2022\/12\/pera_logo_yatay_4@4x.png\",\"contentUrl\":\"https:\/\/lulaisg.com.tr\/wp-content\/uploads\/2022\/12\/pera_logo_yatay_4@4x.png\",\"width\":1035,\"height\":441,\"caption\":\"LULA ISG\"},\"image\":{\"@id\":\"https:\/\/lulaisg.com.tr\/#\/schema\/logo\/image\/\"}}]}<\/script>\n<!-- \/ Yoast SEO plugin. -->","yoast_head_json":{"title":"TEGERA 803 ESD ELD\u0130VEN - LULA ISG","description":"TEGERA 803 ESD ELD\u0130VEN - LULA ISG \u0130nce 18 gg fiber astar ve g\u00fcn boyu rahat kullan\u0131m i\u00e7in y\u00fcksek nefes alabilirlik. PU, avu\u00e7 i\u00e7i dald\u0131rmal\u0131.","robots":{"index":"index","follow":"follow","max-snippet":"max-snippet:-1","max-image-preview":"max-image-preview:large","max-video-preview":"max-video-preview:-1"},"canonical":"https:\/\/lulaisg.com.tr\/index.php\/urun\/tegera-803-esd-eldiven\/","og_locale":"tr_TR","og_type":"article","og_title":"TEGERA 803 ESD ELD\u0130VEN - LULA ISG","og_description":"TEGERA 803 ESD ELD\u0130VEN - LULA ISG \u0130nce 18 gg fiber astar ve g\u00fcn boyu rahat kullan\u0131m i\u00e7in y\u00fcksek nefes alabilirlik. PU, avu\u00e7 i\u00e7i dald\u0131rmal\u0131.","og_url":"https:\/\/lulaisg.com.tr\/index.php\/urun\/tegera-803-esd-eldiven\/","og_site_name":"LULA ISG","article_modified_time":"2022-12-08T10:04:51+00:00","og_image":[{"width":1358,"height":1772,"url":"https:\/\/lulaisg.com.tr\/wp-content\/uploads\/2022\/12\/PI_803-1.jpg","type":"image\/jpeg"}],"twitter_card":"summary_large_image","twitter_misc":{"Tahmini okuma s\u00fcresi":"1 dakika"},"schema":{"@context":"https:\/\/schema.org","@graph":[{"@type":"WebPage","@id":"https:\/\/lulaisg.com.tr\/index.php\/urun\/tegera-803-esd-eldiven\/","url":"https:\/\/lulaisg.com.tr\/index.php\/urun\/tegera-803-esd-eldiven\/","name":"TEGERA 803 ESD ELD\u0130VEN - LULA ISG","isPartOf":{"@id":"https:\/\/lulaisg.com.tr\/#website"},"datePublished":"2022-12-06T11:33:13+00:00","dateModified":"2022-12-08T10:04:51+00:00","description":"TEGERA 803 ESD ELD\u0130VEN - LULA ISG \u0130nce 18 gg fiber astar ve g\u00fcn boyu rahat kullan\u0131m i\u00e7in y\u00fcksek nefes alabilirlik. PU, avu\u00e7 i\u00e7i dald\u0131rmal\u0131.","breadcrumb":{"@id":"https:\/\/lulaisg.com.tr\/index.php\/urun\/tegera-803-esd-eldiven\/#breadcrumb"},"inLanguage":"tr","potentialAction":[{"@type":"ReadAction","target":["https:\/\/lulaisg.com.tr\/index.php\/urun\/tegera-803-esd-eldiven\/"]}]},{"@type":"BreadcrumbList","@id":"https:\/\/lulaisg.com.tr\/index.php\/urun\/tegera-803-esd-eldiven\/#breadcrumb","itemListElement":[{"@type":"ListItem","position":1,"name":"Anasayfa","item":"https:\/\/lulaisg.com.tr\/"},{"@type":"ListItem","position":2,"name":"Ma\u011faza","item":"https:\/\/lulaisg.com.tr\/index.php\/magaza\/"},{"@type":"ListItem","position":3,"name":"TEGERA 803 ESD ELD\u0130VEN"}]},{"@type":"WebSite","@id":"https:\/\/lulaisg.com.tr\/#website","url":"https:\/\/lulaisg.com.tr\/","name":"LULA ISG","description":"","publisher":{"@id":"https:\/\/lulaisg.com.tr\/#organization"},"potentialAction":[{"@type":"SearchAction","target":{"@type":"EntryPoint","urlTemplate":"https:\/\/lulaisg.com.tr\/?s={search_term_string}"},"query-input":"required name=search_term_string"}],"inLanguage":"tr"},{"@type":"Organization","@id":"https:\/\/lulaisg.com.tr\/#organization","name":"LULA ISG","url":"https:\/\/lulaisg.com.tr\/","logo":{"@type":"ImageObject","inLanguage":"tr","@id":"https:\/\/lulaisg.com.tr\/#\/schema\/logo\/image\/","url":"https:\/\/lulaisg.com.tr\/wp-content\/uploads\/2022\/12\/pera_logo_yatay_4@4x.png","contentUrl":"https:\/\/lulaisg.com.tr\/wp-content\/uploads\/2022\/12\/pera_logo_yatay_4@4x.png","width":1035,"height":441,"caption":"LULA ISG"},"image":{"@id":"https:\/\/lulaisg.com.tr\/#\/schema\/logo\/image\/"}}]}},"_links":{"self":[{"href":"https:\/\/lulaisg.com.tr\/index.php\/wp-json\/wp\/v2\/product\/181","targetHints":{"allow":["GET"]}}],"collection":[{"href":"https:\/\/lulaisg.com.tr\/index.php\/wp-json\/wp\/v2\/product"}],"about":[{"href":"https:\/\/lulaisg.com.tr\/index.php\/wp-json\/wp\/v2\/types\/product"}],"replies":[{"embeddable":true,"href":"https:\/\/lulaisg.com.tr\/index.php\/wp-json\/wp\/v2\/comments?post=181"}],"wp:featuredmedia":[{"embeddable":true,"href":"https:\/\/lulaisg.com.tr\/index.php\/wp-json\/wp\/v2\/media\/217"}],"wp:attachment":[{"href":"https:\/\/lulaisg.com.tr\/index.php\/wp-json\/wp\/v2\/media?parent=181"}],"wp:term":[{"taxonomy":"product_cat","embeddable":true,"href":"https:\/\/lulaisg.com.tr\/index.php\/wp-json\/wp\/v2\/product_cat?post=181"},{"taxonomy":"product_tag","embeddable":true,"href":"https:\/\/lulaisg.com.tr\/index.php\/wp-json\/wp\/v2\/product_tag?post=181"}],"curies":[{"name":"wp","href":"https:\/\/api.w.org\/{rel}","templated":true}]}}