{"id":167,"date":"2022-12-06T11:33:07","date_gmt":"2022-12-06T11:33:07","guid":{"rendered":"https:\/\/peraisguvenligi.com\/pera\/?post_type=product&#038;p=167"},"modified":"2022-12-06T11:33:28","modified_gmt":"2022-12-06T11:33:28","slug":"soguk-hava-montu","status":"publish","type":"product","link":"https:\/\/lulaisg.com.tr\/index.php\/urun\/soguk-hava-montu\/","title":{"rendered":"SO\u011eUK HAVA MONTU"},"content":{"rendered":"<p>CE-EN342 Standartlar\u0131na sahip<br \/>\n-35 Dereceye kadar etkili v\u00fccut koruma<\/p>\n","protected":false},"excerpt":{"rendered":"<p>D\u0131\u015f kuma\u015f su iticili acrilik kaplama oxford kuma\u015f, i\u00e7 k\u0131s\u0131m 300 gr elyaf ve polyester astardan olu\u015fmu\u015ftur<\/p>\n","protected":false},"featured_media":195,"comment_status":"closed","ping_status":"closed","template":"","meta":[],"product_cat":[15,116],"product_tag":[117,118,175],"class_list":{"0":"post-167","1":"product","2":"type-product","3":"status-publish","4":"has-post-thumbnail","6":"product_cat-genel","7":"product_cat-vucut-koruyucular","8":"product_tag-mont","9":"product_tag-oxford","10":"product_tag-soguk","12":"first","13":"instock","14":"shipping-taxable","15":"product-type-simple"},"yoast_head":"<!-- This site is optimized with the Yoast SEO plugin v22.1 - https:\/\/yoast.com\/wordpress\/plugins\/seo\/ -->\n<title>SO\u011eUK HAVA MONTU - LULA ISG<\/title>\n<meta name=\"robots\" content=\"index, follow, max-snippet:-1, max-image-preview:large, max-video-preview:-1\" \/>\n<link rel=\"canonical\" href=\"https:\/\/lulaisg.com.tr\/index.php\/urun\/soguk-hava-montu\/\" \/>\n<meta property=\"og:locale\" content=\"tr_TR\" \/>\n<meta property=\"og:type\" content=\"article\" \/>\n<meta property=\"og:title\" content=\"SO\u011eUK HAVA MONTU - LULA ISG\" \/>\n<meta property=\"og:description\" content=\"D\u0131\u015f kuma\u015f su iticili acrilik kaplama oxford kuma\u015f, i\u00e7 k\u0131s\u0131m 300 gr elyaf ve polyester astardan olu\u015fmu\u015ftur\" \/>\n<meta property=\"og:url\" content=\"https:\/\/lulaisg.com.tr\/index.php\/urun\/soguk-hava-montu\/\" \/>\n<meta property=\"og:site_name\" content=\"LULA ISG\" \/>\n<meta property=\"article:modified_time\" content=\"2022-12-06T11:33:28+00:00\" \/>\n<meta property=\"og:image\" content=\"https:\/\/lulaisg.com.tr\/wp-content\/uploads\/2022\/12\/tmt01-termoteks-shd-ceket-lacivert_3-400x600-1.jpg\" \/>\n\t<meta property=\"og:image:width\" content=\"400\" \/>\n\t<meta property=\"og:image:height\" content=\"600\" \/>\n\t<meta property=\"og:image:type\" content=\"image\/jpeg\" \/>\n<meta name=\"twitter:card\" content=\"summary_large_image\" \/>\n<meta name=\"twitter:label1\" content=\"Tahmini okuma s\u00fcresi\" \/>\n\t<meta name=\"twitter:data1\" content=\"1 dakika\" \/>\n<script type=\"application\/ld+json\" class=\"yoast-schema-graph\">{\"@context\":\"https:\/\/schema.org\",\"@graph\":[{\"@type\":\"WebPage\",\"@id\":\"https:\/\/lulaisg.com.tr\/index.php\/urun\/soguk-hava-montu\/\",\"url\":\"https:\/\/lulaisg.com.tr\/index.php\/urun\/soguk-hava-montu\/\",\"name\":\"SO\u011eUK HAVA MONTU - LULA ISG\",\"isPartOf\":{\"@id\":\"https:\/\/lulaisg.com.tr\/#website\"},\"datePublished\":\"2022-12-06T11:33:07+00:00\",\"dateModified\":\"2022-12-06T11:33:28+00:00\",\"breadcrumb\":{\"@id\":\"https:\/\/lulaisg.com.tr\/index.php\/urun\/soguk-hava-montu\/#breadcrumb\"},\"inLanguage\":\"tr\",\"potentialAction\":[{\"@type\":\"ReadAction\",\"target\":[\"https:\/\/lulaisg.com.tr\/index.php\/urun\/soguk-hava-montu\/\"]}]},{\"@type\":\"BreadcrumbList\",\"@id\":\"https:\/\/lulaisg.com.tr\/index.php\/urun\/soguk-hava-montu\/#breadcrumb\",\"itemListElement\":[{\"@type\":\"ListItem\",\"position\":1,\"name\":\"Anasayfa\",\"item\":\"https:\/\/lulaisg.com.tr\/\"},{\"@type\":\"ListItem\",\"position\":2,\"name\":\"Ma\u011faza\",\"item\":\"https:\/\/lulaisg.com.tr\/index.php\/magaza\/\"},{\"@type\":\"ListItem\",\"position\":3,\"name\":\"SO\u011eUK HAVA MONTU\"}]},{\"@type\":\"WebSite\",\"@id\":\"https:\/\/lulaisg.com.tr\/#website\",\"url\":\"https:\/\/lulaisg.com.tr\/\",\"name\":\"LULA ISG\",\"description\":\"\",\"publisher\":{\"@id\":\"https:\/\/lulaisg.com.tr\/#organization\"},\"potentialAction\":[{\"@type\":\"SearchAction\",\"target\":{\"@type\":\"EntryPoint\",\"urlTemplate\":\"https:\/\/lulaisg.com.tr\/?s={search_term_string}\"},\"query-input\":\"required name=search_term_string\"}],\"inLanguage\":\"tr\"},{\"@type\":\"Organization\",\"@id\":\"https:\/\/lulaisg.com.tr\/#organization\",\"name\":\"LULA ISG\",\"url\":\"https:\/\/lulaisg.com.tr\/\",\"logo\":{\"@type\":\"ImageObject\",\"inLanguage\":\"tr\",\"@id\":\"https:\/\/lulaisg.com.tr\/#\/schema\/logo\/image\/\",\"url\":\"https:\/\/lulaisg.com.tr\/wp-content\/uploads\/2022\/12\/pera_logo_yatay_4@4x.png\",\"contentUrl\":\"https:\/\/lulaisg.com.tr\/wp-content\/uploads\/2022\/12\/pera_logo_yatay_4@4x.png\",\"width\":1035,\"height\":441,\"caption\":\"LULA ISG\"},\"image\":{\"@id\":\"https:\/\/lulaisg.com.tr\/#\/schema\/logo\/image\/\"}}]}<\/script>\n<!-- \/ Yoast SEO plugin. -->","yoast_head_json":{"title":"SO\u011eUK HAVA MONTU - LULA ISG","robots":{"index":"index","follow":"follow","max-snippet":"max-snippet:-1","max-image-preview":"max-image-preview:large","max-video-preview":"max-video-preview:-1"},"canonical":"https:\/\/lulaisg.com.tr\/index.php\/urun\/soguk-hava-montu\/","og_locale":"tr_TR","og_type":"article","og_title":"SO\u011eUK HAVA MONTU - LULA ISG","og_description":"D\u0131\u015f kuma\u015f su iticili acrilik kaplama oxford kuma\u015f, i\u00e7 k\u0131s\u0131m 300 gr elyaf ve polyester astardan olu\u015fmu\u015ftur","og_url":"https:\/\/lulaisg.com.tr\/index.php\/urun\/soguk-hava-montu\/","og_site_name":"LULA ISG","article_modified_time":"2022-12-06T11:33:28+00:00","og_image":[{"width":400,"height":600,"url":"https:\/\/lulaisg.com.tr\/wp-content\/uploads\/2022\/12\/tmt01-termoteks-shd-ceket-lacivert_3-400x600-1.jpg","type":"image\/jpeg"}],"twitter_card":"summary_large_image","twitter_misc":{"Tahmini okuma s\u00fcresi":"1 dakika"},"schema":{"@context":"https:\/\/schema.org","@graph":[{"@type":"WebPage","@id":"https:\/\/lulaisg.com.tr\/index.php\/urun\/soguk-hava-montu\/","url":"https:\/\/lulaisg.com.tr\/index.php\/urun\/soguk-hava-montu\/","name":"SO\u011eUK HAVA MONTU - LULA ISG","isPartOf":{"@id":"https:\/\/lulaisg.com.tr\/#website"},"datePublished":"2022-12-06T11:33:07+00:00","dateModified":"2022-12-06T11:33:28+00:00","breadcrumb":{"@id":"https:\/\/lulaisg.com.tr\/index.php\/urun\/soguk-hava-montu\/#breadcrumb"},"inLanguage":"tr","potentialAction":[{"@type":"ReadAction","target":["https:\/\/lulaisg.com.tr\/index.php\/urun\/soguk-hava-montu\/"]}]},{"@type":"BreadcrumbList","@id":"https:\/\/lulaisg.com.tr\/index.php\/urun\/soguk-hava-montu\/#breadcrumb","itemListElement":[{"@type":"ListItem","position":1,"name":"Anasayfa","item":"https:\/\/lulaisg.com.tr\/"},{"@type":"ListItem","position":2,"name":"Ma\u011faza","item":"https:\/\/lulaisg.com.tr\/index.php\/magaza\/"},{"@type":"ListItem","position":3,"name":"SO\u011eUK HAVA MONTU"}]},{"@type":"WebSite","@id":"https:\/\/lulaisg.com.tr\/#website","url":"https:\/\/lulaisg.com.tr\/","name":"LULA ISG","description":"","publisher":{"@id":"https:\/\/lulaisg.com.tr\/#organization"},"potentialAction":[{"@type":"SearchAction","target":{"@type":"EntryPoint","urlTemplate":"https:\/\/lulaisg.com.tr\/?s={search_term_string}"},"query-input":"required name=search_term_string"}],"inLanguage":"tr"},{"@type":"Organization","@id":"https:\/\/lulaisg.com.tr\/#organization","name":"LULA ISG","url":"https:\/\/lulaisg.com.tr\/","logo":{"@type":"ImageObject","inLanguage":"tr","@id":"https:\/\/lulaisg.com.tr\/#\/schema\/logo\/image\/","url":"https:\/\/lulaisg.com.tr\/wp-content\/uploads\/2022\/12\/pera_logo_yatay_4@4x.png","contentUrl":"https:\/\/lulaisg.com.tr\/wp-content\/uploads\/2022\/12\/pera_logo_yatay_4@4x.png","width":1035,"height":441,"caption":"LULA ISG"},"image":{"@id":"https:\/\/lulaisg.com.tr\/#\/schema\/logo\/image\/"}}]}},"_links":{"self":[{"href":"https:\/\/lulaisg.com.tr\/index.php\/wp-json\/wp\/v2\/product\/167","targetHints":{"allow":["GET"]}}],"collection":[{"href":"https:\/\/lulaisg.com.tr\/index.php\/wp-json\/wp\/v2\/product"}],"about":[{"href":"https:\/\/lulaisg.com.tr\/index.php\/wp-json\/wp\/v2\/types\/product"}],"replies":[{"embeddable":true,"href":"https:\/\/lulaisg.com.tr\/index.php\/wp-json\/wp\/v2\/comments?post=167"}],"wp:featuredmedia":[{"embeddable":true,"href":"https:\/\/lulaisg.com.tr\/index.php\/wp-json\/wp\/v2\/media\/195"}],"wp:attachment":[{"href":"https:\/\/lulaisg.com.tr\/index.php\/wp-json\/wp\/v2\/media?parent=167"}],"wp:term":[{"taxonomy":"product_cat","embeddable":true,"href":"https:\/\/lulaisg.com.tr\/index.php\/wp-json\/wp\/v2\/product_cat?post=167"},{"taxonomy":"product_tag","embeddable":true,"href":"https:\/\/lulaisg.com.tr\/index.php\/wp-json\/wp\/v2\/product_tag?post=167"}],"curies":[{"name":"wp","href":"https:\/\/api.w.org\/{rel}","templated":true}]}}