{"id":16,"date":"2022-12-06T11:30:44","date_gmt":"2022-12-06T11:30:44","guid":{"rendered":"https:\/\/peraisguvenligi.com\/pera\/?post_type=product&#038;p=16"},"modified":"2022-12-12T10:55:14","modified_gmt":"2022-12-12T10:55:14","slug":"tegera-901-parmaksiz-deri-eldiven","status":"publish","type":"product","link":"https:\/\/lulaisg.com.tr\/index.php\/urun\/tegera-901-parmaksiz-deri-eldiven\/","title":{"rendered":"TEGERA 901 PARMAKSIZ DER\u0130 ELD\u0130VEN"},"content":{"rendered":"<p>Yast\u0131kl\u0131 avu\u00e7 i\u00e7i sayesinde kusursuz \u015fok emici \u00f6zellik<br \/>\nBilek k\u0131sm\u0131 c\u0131rtl\u0131<br \/>\n\u00dcst d\u00fczey deri kalitesi<br \/>\nAmbalaj: 6 \u00c7ift\/Paket, 10 Paket\/Koli<br \/>\n89\/686\/EEC Direktiflerine uygun, EN 388 sertifikal\u0131<br \/>\n\u0130ngiliz laboratuvarlarda test edilmi\u015f ve sertifikaland\u0131r\u0131lm\u0131\u015ft\u0131r.<\/p>\n","protected":false},"excerpt":{"rendered":"<p><img decoding=\"async\" src=\"http:\/\/www.iskoruma.com\/upload\/ckfinder\/images\/Kategoriler\/ElKoruyucular\/CE-Logo.jpg\" \/> \u00a0 <img loading=\"lazy\" decoding=\"async\" class=\"\" src=\"http:\/\/www.iskoruma.com\/upload\/ckfinder\/images\/Kategoriler\/ElKoruyucular\/EN-420-SHORT.jpg\" width=\"38\" height=\"38\" \/><\/p>\n<p><img loading=\"lazy\" decoding=\"async\" class=\"\" src=\"http:\/\/www.iskoruma.com\/upload\/ckfinder\/images\/Kategoriler\/ElKoruyucular\/MekanikRiskEldivenleri\/ARANProtection\/EN-388.jpg\" width=\"43\" height=\"43\" \/><\/p>\n<p>4 1 2 1<\/p>\n","protected":false},"featured_media":48,"comment_status":"closed","ping_status":"closed","template":"","meta":[],"product_cat":[15,16],"product_tag":[28,17,29,30],"class_list":{"0":"post-16","1":"product","2":"type-product","3":"status-publish","4":"has-post-thumbnail","6":"product_cat-genel","7":"product_cat-el-koruyucular","8":"product_tag-deri","9":"product_tag-eldiven","10":"product_tag-kopukkapli","11":"product_tag-parmaksiz","13":"first","14":"instock","15":"shipping-taxable","16":"product-type-simple"},"yoast_head":"<!-- This site is optimized with the Yoast SEO plugin v22.1 - https:\/\/yoast.com\/wordpress\/plugins\/seo\/ -->\n<title>TEGERA 901 PARMAKSIZ DER\u0130 ELD\u0130VEN - LULA ISG<\/title>\n<meta name=\"robots\" content=\"index, follow, max-snippet:-1, max-image-preview:large, max-video-preview:-1\" \/>\n<link rel=\"canonical\" href=\"https:\/\/lulaisg.com.tr\/index.php\/urun\/tegera-901-parmaksiz-deri-eldiven\/\" \/>\n<meta property=\"og:locale\" content=\"tr_TR\" \/>\n<meta property=\"og:type\" content=\"article\" \/>\n<meta property=\"og:title\" content=\"TEGERA 901 PARMAKSIZ DER\u0130 ELD\u0130VEN - LULA ISG\" \/>\n<meta property=\"og:description\" content=\"\u00a0     4 1 2 1\" \/>\n<meta property=\"og:url\" content=\"https:\/\/lulaisg.com.tr\/index.php\/urun\/tegera-901-parmaksiz-deri-eldiven\/\" \/>\n<meta property=\"og:site_name\" content=\"LULA ISG\" \/>\n<meta property=\"article:modified_time\" content=\"2022-12-12T10:55:14+00:00\" \/>\n<meta property=\"og:image\" content=\"https:\/\/lulaisg.com.tr\/wp-content\/uploads\/2022\/12\/sage_5b48bbcc77c01_901.jpg\" \/>\n\t<meta property=\"og:image:width\" content=\"1000\" \/>\n\t<meta property=\"og:image:height\" content=\"1000\" \/>\n\t<meta property=\"og:image:type\" content=\"image\/jpeg\" \/>\n<meta name=\"twitter:card\" content=\"summary_large_image\" \/>\n<meta name=\"twitter:label1\" content=\"Tahmini okuma s\u00fcresi\" \/>\n\t<meta name=\"twitter:data1\" content=\"1 dakika\" \/>\n<script type=\"application\/ld+json\" class=\"yoast-schema-graph\">{\"@context\":\"https:\/\/schema.org\",\"@graph\":[{\"@type\":\"WebPage\",\"@id\":\"https:\/\/lulaisg.com.tr\/index.php\/urun\/tegera-901-parmaksiz-deri-eldiven\/\",\"url\":\"https:\/\/lulaisg.com.tr\/index.php\/urun\/tegera-901-parmaksiz-deri-eldiven\/\",\"name\":\"TEGERA 901 PARMAKSIZ DER\u0130 ELD\u0130VEN - LULA ISG\",\"isPartOf\":{\"@id\":\"https:\/\/lulaisg.com.tr\/#website\"},\"datePublished\":\"2022-12-06T11:30:44+00:00\",\"dateModified\":\"2022-12-12T10:55:14+00:00\",\"breadcrumb\":{\"@id\":\"https:\/\/lulaisg.com.tr\/index.php\/urun\/tegera-901-parmaksiz-deri-eldiven\/#breadcrumb\"},\"inLanguage\":\"tr\",\"potentialAction\":[{\"@type\":\"ReadAction\",\"target\":[\"https:\/\/lulaisg.com.tr\/index.php\/urun\/tegera-901-parmaksiz-deri-eldiven\/\"]}]},{\"@type\":\"BreadcrumbList\",\"@id\":\"https:\/\/lulaisg.com.tr\/index.php\/urun\/tegera-901-parmaksiz-deri-eldiven\/#breadcrumb\",\"itemListElement\":[{\"@type\":\"ListItem\",\"position\":1,\"name\":\"Anasayfa\",\"item\":\"https:\/\/lulaisg.com.tr\/\"},{\"@type\":\"ListItem\",\"position\":2,\"name\":\"Ma\u011faza\",\"item\":\"https:\/\/lulaisg.com.tr\/index.php\/magaza\/\"},{\"@type\":\"ListItem\",\"position\":3,\"name\":\"TEGERA 901 PARMAKSIZ DER\u0130 ELD\u0130VEN\"}]},{\"@type\":\"WebSite\",\"@id\":\"https:\/\/lulaisg.com.tr\/#website\",\"url\":\"https:\/\/lulaisg.com.tr\/\",\"name\":\"LULA ISG\",\"description\":\"\",\"publisher\":{\"@id\":\"https:\/\/lulaisg.com.tr\/#organization\"},\"potentialAction\":[{\"@type\":\"SearchAction\",\"target\":{\"@type\":\"EntryPoint\",\"urlTemplate\":\"https:\/\/lulaisg.com.tr\/?s={search_term_string}\"},\"query-input\":\"required name=search_term_string\"}],\"inLanguage\":\"tr\"},{\"@type\":\"Organization\",\"@id\":\"https:\/\/lulaisg.com.tr\/#organization\",\"name\":\"LULA ISG\",\"url\":\"https:\/\/lulaisg.com.tr\/\",\"logo\":{\"@type\":\"ImageObject\",\"inLanguage\":\"tr\",\"@id\":\"https:\/\/lulaisg.com.tr\/#\/schema\/logo\/image\/\",\"url\":\"https:\/\/lulaisg.com.tr\/wp-content\/uploads\/2022\/12\/pera_logo_yatay_4@4x.png\",\"contentUrl\":\"https:\/\/lulaisg.com.tr\/wp-content\/uploads\/2022\/12\/pera_logo_yatay_4@4x.png\",\"width\":1035,\"height\":441,\"caption\":\"LULA ISG\"},\"image\":{\"@id\":\"https:\/\/lulaisg.com.tr\/#\/schema\/logo\/image\/\"}}]}<\/script>\n<!-- \/ Yoast SEO plugin. -->","yoast_head_json":{"title":"TEGERA 901 PARMAKSIZ DER\u0130 ELD\u0130VEN - LULA ISG","robots":{"index":"index","follow":"follow","max-snippet":"max-snippet:-1","max-image-preview":"max-image-preview:large","max-video-preview":"max-video-preview:-1"},"canonical":"https:\/\/lulaisg.com.tr\/index.php\/urun\/tegera-901-parmaksiz-deri-eldiven\/","og_locale":"tr_TR","og_type":"article","og_title":"TEGERA 901 PARMAKSIZ DER\u0130 ELD\u0130VEN - LULA ISG","og_description":"\u00a0     4 1 2 1","og_url":"https:\/\/lulaisg.com.tr\/index.php\/urun\/tegera-901-parmaksiz-deri-eldiven\/","og_site_name":"LULA ISG","article_modified_time":"2022-12-12T10:55:14+00:00","og_image":[{"width":1000,"height":1000,"url":"https:\/\/lulaisg.com.tr\/wp-content\/uploads\/2022\/12\/sage_5b48bbcc77c01_901.jpg","type":"image\/jpeg"}],"twitter_card":"summary_large_image","twitter_misc":{"Tahmini okuma s\u00fcresi":"1 dakika"},"schema":{"@context":"https:\/\/schema.org","@graph":[{"@type":"WebPage","@id":"https:\/\/lulaisg.com.tr\/index.php\/urun\/tegera-901-parmaksiz-deri-eldiven\/","url":"https:\/\/lulaisg.com.tr\/index.php\/urun\/tegera-901-parmaksiz-deri-eldiven\/","name":"TEGERA 901 PARMAKSIZ DER\u0130 ELD\u0130VEN - LULA ISG","isPartOf":{"@id":"https:\/\/lulaisg.com.tr\/#website"},"datePublished":"2022-12-06T11:30:44+00:00","dateModified":"2022-12-12T10:55:14+00:00","breadcrumb":{"@id":"https:\/\/lulaisg.com.tr\/index.php\/urun\/tegera-901-parmaksiz-deri-eldiven\/#breadcrumb"},"inLanguage":"tr","potentialAction":[{"@type":"ReadAction","target":["https:\/\/lulaisg.com.tr\/index.php\/urun\/tegera-901-parmaksiz-deri-eldiven\/"]}]},{"@type":"BreadcrumbList","@id":"https:\/\/lulaisg.com.tr\/index.php\/urun\/tegera-901-parmaksiz-deri-eldiven\/#breadcrumb","itemListElement":[{"@type":"ListItem","position":1,"name":"Anasayfa","item":"https:\/\/lulaisg.com.tr\/"},{"@type":"ListItem","position":2,"name":"Ma\u011faza","item":"https:\/\/lulaisg.com.tr\/index.php\/magaza\/"},{"@type":"ListItem","position":3,"name":"TEGERA 901 PARMAKSIZ DER\u0130 ELD\u0130VEN"}]},{"@type":"WebSite","@id":"https:\/\/lulaisg.com.tr\/#website","url":"https:\/\/lulaisg.com.tr\/","name":"LULA ISG","description":"","publisher":{"@id":"https:\/\/lulaisg.com.tr\/#organization"},"potentialAction":[{"@type":"SearchAction","target":{"@type":"EntryPoint","urlTemplate":"https:\/\/lulaisg.com.tr\/?s={search_term_string}"},"query-input":"required name=search_term_string"}],"inLanguage":"tr"},{"@type":"Organization","@id":"https:\/\/lulaisg.com.tr\/#organization","name":"LULA ISG","url":"https:\/\/lulaisg.com.tr\/","logo":{"@type":"ImageObject","inLanguage":"tr","@id":"https:\/\/lulaisg.com.tr\/#\/schema\/logo\/image\/","url":"https:\/\/lulaisg.com.tr\/wp-content\/uploads\/2022\/12\/pera_logo_yatay_4@4x.png","contentUrl":"https:\/\/lulaisg.com.tr\/wp-content\/uploads\/2022\/12\/pera_logo_yatay_4@4x.png","width":1035,"height":441,"caption":"LULA ISG"},"image":{"@id":"https:\/\/lulaisg.com.tr\/#\/schema\/logo\/image\/"}}]}},"_links":{"self":[{"href":"https:\/\/lulaisg.com.tr\/index.php\/wp-json\/wp\/v2\/product\/16","targetHints":{"allow":["GET"]}}],"collection":[{"href":"https:\/\/lulaisg.com.tr\/index.php\/wp-json\/wp\/v2\/product"}],"about":[{"href":"https:\/\/lulaisg.com.tr\/index.php\/wp-json\/wp\/v2\/types\/product"}],"replies":[{"embeddable":true,"href":"https:\/\/lulaisg.com.tr\/index.php\/wp-json\/wp\/v2\/comments?post=16"}],"wp:featuredmedia":[{"embeddable":true,"href":"https:\/\/lulaisg.com.tr\/index.php\/wp-json\/wp\/v2\/media\/48"}],"wp:attachment":[{"href":"https:\/\/lulaisg.com.tr\/index.php\/wp-json\/wp\/v2\/media?parent=16"}],"wp:term":[{"taxonomy":"product_cat","embeddable":true,"href":"https:\/\/lulaisg.com.tr\/index.php\/wp-json\/wp\/v2\/product_cat?post=16"},{"taxonomy":"product_tag","embeddable":true,"href":"https:\/\/lulaisg.com.tr\/index.php\/wp-json\/wp\/v2\/product_tag?post=16"}],"curies":[{"name":"wp","href":"https:\/\/api.w.org\/{rel}","templated":true}]}}