{"id":111,"date":"2022-12-06T11:31:51","date_gmt":"2022-12-06T11:31:51","guid":{"rendered":"https:\/\/peraisguvenligi.com\/pera\/?post_type=product&#038;p=111"},"modified":"2022-12-06T11:32:57","modified_gmt":"2022-12-06T11:32:57","slug":"serit-ayirici-75-cm-delinator","status":"publish","type":"product","link":"https:\/\/lulaisg.com.tr\/index.php\/urun\/serit-ayirici-75-cm-delinator\/","title":{"rendered":"\u015eER\u0130T AYIRICI 75 CM DEL\u0130NAT\u00d6R"},"content":{"rendered":"<p>Y\u00fckseklik: 750 mm<br \/>\n\u00dcst \u00c7ap: 80 mm<br \/>\nRenk: Turuncu<\/p>\n","protected":false},"excerpt":{"rendered":"<p>Montaj: 3 d\u00fcbel + 3 vida<\/p>\n","protected":false},"featured_media":154,"comment_status":"closed","ping_status":"closed","template":"","meta":[],"product_cat":[15,139],"product_tag":[140,141],"class_list":{"0":"post-111","1":"product","2":"type-product","3":"status-publish","4":"has-post-thumbnail","6":"product_cat-genel","7":"product_cat-trafik-ekipmanlari","8":"product_tag-delinator","9":"product_tag-serit","11":"first","12":"instock","13":"shipping-taxable","14":"product-type-simple"},"yoast_head":"<!-- This site is optimized with the Yoast SEO plugin v22.1 - https:\/\/yoast.com\/wordpress\/plugins\/seo\/ -->\n<title>\u015eER\u0130T AYIRICI 75 CM DEL\u0130NAT\u00d6R - LULA ISG<\/title>\n<meta name=\"robots\" content=\"index, follow, max-snippet:-1, max-image-preview:large, max-video-preview:-1\" \/>\n<link rel=\"canonical\" href=\"https:\/\/lulaisg.com.tr\/index.php\/urun\/serit-ayirici-75-cm-delinator\/\" \/>\n<meta property=\"og:locale\" content=\"tr_TR\" \/>\n<meta property=\"og:type\" content=\"article\" \/>\n<meta property=\"og:title\" content=\"\u015eER\u0130T AYIRICI 75 CM DEL\u0130NAT\u00d6R - LULA ISG\" \/>\n<meta property=\"og:description\" content=\"Montaj: 3 d\u00fcbel + 3 vida\" \/>\n<meta property=\"og:url\" content=\"https:\/\/lulaisg.com.tr\/index.php\/urun\/serit-ayirici-75-cm-delinator\/\" \/>\n<meta property=\"og:site_name\" content=\"LULA ISG\" \/>\n<meta property=\"article:modified_time\" content=\"2022-12-06T11:32:57+00:00\" \/>\n<meta property=\"og:image\" content=\"https:\/\/lulaisg.com.tr\/wp-content\/uploads\/2022\/12\/9787376566322.jpg\" \/>\n\t<meta property=\"og:image:width\" content=\"500\" \/>\n\t<meta property=\"og:image:height\" content=\"500\" \/>\n\t<meta property=\"og:image:type\" content=\"image\/jpeg\" \/>\n<meta name=\"twitter:card\" content=\"summary_large_image\" \/>\n<script type=\"application\/ld+json\" class=\"yoast-schema-graph\">{\"@context\":\"https:\/\/schema.org\",\"@graph\":[{\"@type\":\"WebPage\",\"@id\":\"https:\/\/lulaisg.com.tr\/index.php\/urun\/serit-ayirici-75-cm-delinator\/\",\"url\":\"https:\/\/lulaisg.com.tr\/index.php\/urun\/serit-ayirici-75-cm-delinator\/\",\"name\":\"\u015eER\u0130T AYIRICI 75 CM DEL\u0130NAT\u00d6R - LULA ISG\",\"isPartOf\":{\"@id\":\"https:\/\/lulaisg.com.tr\/#website\"},\"datePublished\":\"2022-12-06T11:31:51+00:00\",\"dateModified\":\"2022-12-06T11:32:57+00:00\",\"breadcrumb\":{\"@id\":\"https:\/\/lulaisg.com.tr\/index.php\/urun\/serit-ayirici-75-cm-delinator\/#breadcrumb\"},\"inLanguage\":\"tr\",\"potentialAction\":[{\"@type\":\"ReadAction\",\"target\":[\"https:\/\/lulaisg.com.tr\/index.php\/urun\/serit-ayirici-75-cm-delinator\/\"]}]},{\"@type\":\"BreadcrumbList\",\"@id\":\"https:\/\/lulaisg.com.tr\/index.php\/urun\/serit-ayirici-75-cm-delinator\/#breadcrumb\",\"itemListElement\":[{\"@type\":\"ListItem\",\"position\":1,\"name\":\"Anasayfa\",\"item\":\"https:\/\/lulaisg.com.tr\/\"},{\"@type\":\"ListItem\",\"position\":2,\"name\":\"Ma\u011faza\",\"item\":\"https:\/\/lulaisg.com.tr\/index.php\/magaza\/\"},{\"@type\":\"ListItem\",\"position\":3,\"name\":\"\u015eER\u0130T AYIRICI 75 CM DEL\u0130NAT\u00d6R\"}]},{\"@type\":\"WebSite\",\"@id\":\"https:\/\/lulaisg.com.tr\/#website\",\"url\":\"https:\/\/lulaisg.com.tr\/\",\"name\":\"LULA ISG\",\"description\":\"\",\"publisher\":{\"@id\":\"https:\/\/lulaisg.com.tr\/#organization\"},\"potentialAction\":[{\"@type\":\"SearchAction\",\"target\":{\"@type\":\"EntryPoint\",\"urlTemplate\":\"https:\/\/lulaisg.com.tr\/?s={search_term_string}\"},\"query-input\":\"required name=search_term_string\"}],\"inLanguage\":\"tr\"},{\"@type\":\"Organization\",\"@id\":\"https:\/\/lulaisg.com.tr\/#organization\",\"name\":\"LULA ISG\",\"url\":\"https:\/\/lulaisg.com.tr\/\",\"logo\":{\"@type\":\"ImageObject\",\"inLanguage\":\"tr\",\"@id\":\"https:\/\/lulaisg.com.tr\/#\/schema\/logo\/image\/\",\"url\":\"https:\/\/lulaisg.com.tr\/wp-content\/uploads\/2022\/12\/pera_logo_yatay_4@4x.png\",\"contentUrl\":\"https:\/\/lulaisg.com.tr\/wp-content\/uploads\/2022\/12\/pera_logo_yatay_4@4x.png\",\"width\":1035,\"height\":441,\"caption\":\"LULA ISG\"},\"image\":{\"@id\":\"https:\/\/lulaisg.com.tr\/#\/schema\/logo\/image\/\"}}]}<\/script>\n<!-- \/ Yoast SEO plugin. -->","yoast_head_json":{"title":"\u015eER\u0130T AYIRICI 75 CM DEL\u0130NAT\u00d6R - LULA ISG","robots":{"index":"index","follow":"follow","max-snippet":"max-snippet:-1","max-image-preview":"max-image-preview:large","max-video-preview":"max-video-preview:-1"},"canonical":"https:\/\/lulaisg.com.tr\/index.php\/urun\/serit-ayirici-75-cm-delinator\/","og_locale":"tr_TR","og_type":"article","og_title":"\u015eER\u0130T AYIRICI 75 CM DEL\u0130NAT\u00d6R - LULA ISG","og_description":"Montaj: 3 d\u00fcbel + 3 vida","og_url":"https:\/\/lulaisg.com.tr\/index.php\/urun\/serit-ayirici-75-cm-delinator\/","og_site_name":"LULA ISG","article_modified_time":"2022-12-06T11:32:57+00:00","og_image":[{"width":500,"height":500,"url":"https:\/\/lulaisg.com.tr\/wp-content\/uploads\/2022\/12\/9787376566322.jpg","type":"image\/jpeg"}],"twitter_card":"summary_large_image","schema":{"@context":"https:\/\/schema.org","@graph":[{"@type":"WebPage","@id":"https:\/\/lulaisg.com.tr\/index.php\/urun\/serit-ayirici-75-cm-delinator\/","url":"https:\/\/lulaisg.com.tr\/index.php\/urun\/serit-ayirici-75-cm-delinator\/","name":"\u015eER\u0130T AYIRICI 75 CM DEL\u0130NAT\u00d6R - LULA ISG","isPartOf":{"@id":"https:\/\/lulaisg.com.tr\/#website"},"datePublished":"2022-12-06T11:31:51+00:00","dateModified":"2022-12-06T11:32:57+00:00","breadcrumb":{"@id":"https:\/\/lulaisg.com.tr\/index.php\/urun\/serit-ayirici-75-cm-delinator\/#breadcrumb"},"inLanguage":"tr","potentialAction":[{"@type":"ReadAction","target":["https:\/\/lulaisg.com.tr\/index.php\/urun\/serit-ayirici-75-cm-delinator\/"]}]},{"@type":"BreadcrumbList","@id":"https:\/\/lulaisg.com.tr\/index.php\/urun\/serit-ayirici-75-cm-delinator\/#breadcrumb","itemListElement":[{"@type":"ListItem","position":1,"name":"Anasayfa","item":"https:\/\/lulaisg.com.tr\/"},{"@type":"ListItem","position":2,"name":"Ma\u011faza","item":"https:\/\/lulaisg.com.tr\/index.php\/magaza\/"},{"@type":"ListItem","position":3,"name":"\u015eER\u0130T AYIRICI 75 CM DEL\u0130NAT\u00d6R"}]},{"@type":"WebSite","@id":"https:\/\/lulaisg.com.tr\/#website","url":"https:\/\/lulaisg.com.tr\/","name":"LULA ISG","description":"","publisher":{"@id":"https:\/\/lulaisg.com.tr\/#organization"},"potentialAction":[{"@type":"SearchAction","target":{"@type":"EntryPoint","urlTemplate":"https:\/\/lulaisg.com.tr\/?s={search_term_string}"},"query-input":"required name=search_term_string"}],"inLanguage":"tr"},{"@type":"Organization","@id":"https:\/\/lulaisg.com.tr\/#organization","name":"LULA ISG","url":"https:\/\/lulaisg.com.tr\/","logo":{"@type":"ImageObject","inLanguage":"tr","@id":"https:\/\/lulaisg.com.tr\/#\/schema\/logo\/image\/","url":"https:\/\/lulaisg.com.tr\/wp-content\/uploads\/2022\/12\/pera_logo_yatay_4@4x.png","contentUrl":"https:\/\/lulaisg.com.tr\/wp-content\/uploads\/2022\/12\/pera_logo_yatay_4@4x.png","width":1035,"height":441,"caption":"LULA ISG"},"image":{"@id":"https:\/\/lulaisg.com.tr\/#\/schema\/logo\/image\/"}}]}},"_links":{"self":[{"href":"https:\/\/lulaisg.com.tr\/index.php\/wp-json\/wp\/v2\/product\/111","targetHints":{"allow":["GET"]}}],"collection":[{"href":"https:\/\/lulaisg.com.tr\/index.php\/wp-json\/wp\/v2\/product"}],"about":[{"href":"https:\/\/lulaisg.com.tr\/index.php\/wp-json\/wp\/v2\/types\/product"}],"replies":[{"embeddable":true,"href":"https:\/\/lulaisg.com.tr\/index.php\/wp-json\/wp\/v2\/comments?post=111"}],"wp:featuredmedia":[{"embeddable":true,"href":"https:\/\/lulaisg.com.tr\/index.php\/wp-json\/wp\/v2\/media\/154"}],"wp:attachment":[{"href":"https:\/\/lulaisg.com.tr\/index.php\/wp-json\/wp\/v2\/media?parent=111"}],"wp:term":[{"taxonomy":"product_cat","embeddable":true,"href":"https:\/\/lulaisg.com.tr\/index.php\/wp-json\/wp\/v2\/product_cat?post=111"},{"taxonomy":"product_tag","embeddable":true,"href":"https:\/\/lulaisg.com.tr\/index.php\/wp-json\/wp\/v2\/product_tag?post=111"}],"curies":[{"name":"wp","href":"https:\/\/api.w.org\/{rel}","templated":true}]}}