{"id":108,"date":"2022-12-06T11:31:50","date_gmt":"2022-12-06T11:31:50","guid":{"rendered":"https:\/\/peraisguvenligi.com\/pera\/?post_type=product&#038;p=108"},"modified":"2022-12-06T11:32:54","modified_gmt":"2022-12-06T11:32:54","slug":"franklin-giasco-elektrikci-ayakkabisi","status":"publish","type":"product","link":"https:\/\/lulaisg.com.tr\/index.php\/urun\/franklin-giasco-elektrikci-ayakkabisi\/","title":{"rendered":"FRANKLIN G\u0130ASCO ELEKTR\u0130K\u00c7\u0130 AYAKKABISI"},"content":{"rendered":"<p>WRU s\u00fcet deri<br \/>\nKompozit burun koruyucu &#8211;\u00a0200 J\u2019ye kadar dayan\u0131kl\u0131 profesyonel kullan\u0131m ama\u00e7l\u0131 g\u00fcvenlik ayakkab\u0131s\u0131<br \/>\nDelinme diren\u00e7li tekstil ara taban<\/p>\n","protected":false},"excerpt":{"rendered":"<p>Hidrokarbonlara kar\u015f\u0131 dayan\u0131kl\u0131d\u0131r<br \/>\nPU \u2013 Do\u011fal Kau\u00e7uk yal\u0131tkan Taban<br \/>\n300C s\u0131cakl\u0131\u011fa dayan\u0131kl\u0131 HRO taban\u00a0Is\u0131yla temasa dayan\u0131kl\u0131 taban<br \/>\nEN 12568 &#8211; ISO 5423:92 &#8211; EN 344 CSA Z KANADA STANDARDI<br \/>\nASTM F2413-11 &#8211; EN ISO 20344 EN ISO 20345 &#8211; EN ISO 13287 CE<\/p>\n","protected":false},"featured_media":152,"comment_status":"closed","ping_status":"closed","template":"","meta":[],"product_cat":[15,131],"product_tag":[132,133,134],"class_list":{"0":"post-108","1":"product","2":"type-product","3":"status-publish","4":"has-post-thumbnail","6":"product_cat-genel","7":"product_cat-elektrik-ekipmanlari","8":"product_tag-elektrik","9":"product_tag-giasco","10":"product_tag-kompozit","12":"first","13":"instock","14":"shipping-taxable","15":"product-type-simple"},"yoast_head":"<!-- This site is optimized with the Yoast SEO plugin v22.1 - https:\/\/yoast.com\/wordpress\/plugins\/seo\/ -->\n<title>FRANKLIN G\u0130ASCO ELEKTR\u0130K\u00c7\u0130 AYAKKABISI - LULA ISG<\/title>\n<meta name=\"robots\" content=\"index, follow, max-snippet:-1, max-image-preview:large, max-video-preview:-1\" \/>\n<link rel=\"canonical\" href=\"https:\/\/lulaisg.com.tr\/index.php\/urun\/franklin-giasco-elektrikci-ayakkabisi\/\" \/>\n<meta property=\"og:locale\" content=\"tr_TR\" \/>\n<meta property=\"og:type\" content=\"article\" \/>\n<meta property=\"og:title\" content=\"FRANKLIN G\u0130ASCO ELEKTR\u0130K\u00c7\u0130 AYAKKABISI - LULA ISG\" \/>\n<meta property=\"og:description\" content=\"Hidrokarbonlara kar\u015f\u0131 dayan\u0131kl\u0131d\u0131r PU \u2013 Do\u011fal Kau\u00e7uk yal\u0131tkan Taban 300C s\u0131cakl\u0131\u011fa dayan\u0131kl\u0131 HRO taban\u00a0Is\u0131yla temasa dayan\u0131kl\u0131 taban EN 12568 - ISO 5423:92 - EN 344 CSA Z KANADA STANDARDI ASTM F2413-11 - EN ISO 20344 EN ISO 20345 - EN ISO 13287 CE\" \/>\n<meta property=\"og:url\" content=\"https:\/\/lulaisg.com.tr\/index.php\/urun\/franklin-giasco-elektrikci-ayakkabisi\/\" \/>\n<meta property=\"og:site_name\" content=\"LULA ISG\" \/>\n<meta property=\"article:modified_time\" content=\"2022-12-06T11:32:54+00:00\" \/>\n<meta property=\"og:image\" content=\"https:\/\/lulaisg.com.tr\/wp-content\/uploads\/2022\/12\/1_org_zoom.jpg\" \/>\n\t<meta property=\"og:image:width\" content=\"1200\" \/>\n\t<meta property=\"og:image:height\" content=\"1800\" \/>\n\t<meta property=\"og:image:type\" content=\"image\/jpeg\" \/>\n<meta name=\"twitter:card\" content=\"summary_large_image\" \/>\n<script type=\"application\/ld+json\" class=\"yoast-schema-graph\">{\"@context\":\"https:\/\/schema.org\",\"@graph\":[{\"@type\":\"WebPage\",\"@id\":\"https:\/\/lulaisg.com.tr\/index.php\/urun\/franklin-giasco-elektrikci-ayakkabisi\/\",\"url\":\"https:\/\/lulaisg.com.tr\/index.php\/urun\/franklin-giasco-elektrikci-ayakkabisi\/\",\"name\":\"FRANKLIN G\u0130ASCO ELEKTR\u0130K\u00c7\u0130 AYAKKABISI - LULA ISG\",\"isPartOf\":{\"@id\":\"https:\/\/lulaisg.com.tr\/#website\"},\"datePublished\":\"2022-12-06T11:31:50+00:00\",\"dateModified\":\"2022-12-06T11:32:54+00:00\",\"breadcrumb\":{\"@id\":\"https:\/\/lulaisg.com.tr\/index.php\/urun\/franklin-giasco-elektrikci-ayakkabisi\/#breadcrumb\"},\"inLanguage\":\"tr\",\"potentialAction\":[{\"@type\":\"ReadAction\",\"target\":[\"https:\/\/lulaisg.com.tr\/index.php\/urun\/franklin-giasco-elektrikci-ayakkabisi\/\"]}]},{\"@type\":\"BreadcrumbList\",\"@id\":\"https:\/\/lulaisg.com.tr\/index.php\/urun\/franklin-giasco-elektrikci-ayakkabisi\/#breadcrumb\",\"itemListElement\":[{\"@type\":\"ListItem\",\"position\":1,\"name\":\"Anasayfa\",\"item\":\"https:\/\/lulaisg.com.tr\/\"},{\"@type\":\"ListItem\",\"position\":2,\"name\":\"Ma\u011faza\",\"item\":\"https:\/\/lulaisg.com.tr\/index.php\/magaza\/\"},{\"@type\":\"ListItem\",\"position\":3,\"name\":\"FRANKLIN G\u0130ASCO ELEKTR\u0130K\u00c7\u0130 AYAKKABISI\"}]},{\"@type\":\"WebSite\",\"@id\":\"https:\/\/lulaisg.com.tr\/#website\",\"url\":\"https:\/\/lulaisg.com.tr\/\",\"name\":\"LULA ISG\",\"description\":\"\",\"publisher\":{\"@id\":\"https:\/\/lulaisg.com.tr\/#organization\"},\"potentialAction\":[{\"@type\":\"SearchAction\",\"target\":{\"@type\":\"EntryPoint\",\"urlTemplate\":\"https:\/\/lulaisg.com.tr\/?s={search_term_string}\"},\"query-input\":\"required name=search_term_string\"}],\"inLanguage\":\"tr\"},{\"@type\":\"Organization\",\"@id\":\"https:\/\/lulaisg.com.tr\/#organization\",\"name\":\"LULA ISG\",\"url\":\"https:\/\/lulaisg.com.tr\/\",\"logo\":{\"@type\":\"ImageObject\",\"inLanguage\":\"tr\",\"@id\":\"https:\/\/lulaisg.com.tr\/#\/schema\/logo\/image\/\",\"url\":\"https:\/\/lulaisg.com.tr\/wp-content\/uploads\/2022\/12\/pera_logo_yatay_4@4x.png\",\"contentUrl\":\"https:\/\/lulaisg.com.tr\/wp-content\/uploads\/2022\/12\/pera_logo_yatay_4@4x.png\",\"width\":1035,\"height\":441,\"caption\":\"LULA ISG\"},\"image\":{\"@id\":\"https:\/\/lulaisg.com.tr\/#\/schema\/logo\/image\/\"}}]}<\/script>\n<!-- \/ Yoast SEO plugin. -->","yoast_head_json":{"title":"FRANKLIN G\u0130ASCO ELEKTR\u0130K\u00c7\u0130 AYAKKABISI - LULA ISG","robots":{"index":"index","follow":"follow","max-snippet":"max-snippet:-1","max-image-preview":"max-image-preview:large","max-video-preview":"max-video-preview:-1"},"canonical":"https:\/\/lulaisg.com.tr\/index.php\/urun\/franklin-giasco-elektrikci-ayakkabisi\/","og_locale":"tr_TR","og_type":"article","og_title":"FRANKLIN G\u0130ASCO ELEKTR\u0130K\u00c7\u0130 AYAKKABISI - LULA ISG","og_description":"Hidrokarbonlara kar\u015f\u0131 dayan\u0131kl\u0131d\u0131r PU \u2013 Do\u011fal Kau\u00e7uk yal\u0131tkan Taban 300C s\u0131cakl\u0131\u011fa dayan\u0131kl\u0131 HRO taban\u00a0Is\u0131yla temasa dayan\u0131kl\u0131 taban EN 12568 - ISO 5423:92 - EN 344 CSA Z KANADA STANDARDI ASTM F2413-11 - EN ISO 20344 EN ISO 20345 - EN ISO 13287 CE","og_url":"https:\/\/lulaisg.com.tr\/index.php\/urun\/franklin-giasco-elektrikci-ayakkabisi\/","og_site_name":"LULA ISG","article_modified_time":"2022-12-06T11:32:54+00:00","og_image":[{"width":1200,"height":1800,"url":"https:\/\/lulaisg.com.tr\/wp-content\/uploads\/2022\/12\/1_org_zoom.jpg","type":"image\/jpeg"}],"twitter_card":"summary_large_image","schema":{"@context":"https:\/\/schema.org","@graph":[{"@type":"WebPage","@id":"https:\/\/lulaisg.com.tr\/index.php\/urun\/franklin-giasco-elektrikci-ayakkabisi\/","url":"https:\/\/lulaisg.com.tr\/index.php\/urun\/franklin-giasco-elektrikci-ayakkabisi\/","name":"FRANKLIN G\u0130ASCO ELEKTR\u0130K\u00c7\u0130 AYAKKABISI - LULA ISG","isPartOf":{"@id":"https:\/\/lulaisg.com.tr\/#website"},"datePublished":"2022-12-06T11:31:50+00:00","dateModified":"2022-12-06T11:32:54+00:00","breadcrumb":{"@id":"https:\/\/lulaisg.com.tr\/index.php\/urun\/franklin-giasco-elektrikci-ayakkabisi\/#breadcrumb"},"inLanguage":"tr","potentialAction":[{"@type":"ReadAction","target":["https:\/\/lulaisg.com.tr\/index.php\/urun\/franklin-giasco-elektrikci-ayakkabisi\/"]}]},{"@type":"BreadcrumbList","@id":"https:\/\/lulaisg.com.tr\/index.php\/urun\/franklin-giasco-elektrikci-ayakkabisi\/#breadcrumb","itemListElement":[{"@type":"ListItem","position":1,"name":"Anasayfa","item":"https:\/\/lulaisg.com.tr\/"},{"@type":"ListItem","position":2,"name":"Ma\u011faza","item":"https:\/\/lulaisg.com.tr\/index.php\/magaza\/"},{"@type":"ListItem","position":3,"name":"FRANKLIN G\u0130ASCO ELEKTR\u0130K\u00c7\u0130 AYAKKABISI"}]},{"@type":"WebSite","@id":"https:\/\/lulaisg.com.tr\/#website","url":"https:\/\/lulaisg.com.tr\/","name":"LULA ISG","description":"","publisher":{"@id":"https:\/\/lulaisg.com.tr\/#organization"},"potentialAction":[{"@type":"SearchAction","target":{"@type":"EntryPoint","urlTemplate":"https:\/\/lulaisg.com.tr\/?s={search_term_string}"},"query-input":"required name=search_term_string"}],"inLanguage":"tr"},{"@type":"Organization","@id":"https:\/\/lulaisg.com.tr\/#organization","name":"LULA ISG","url":"https:\/\/lulaisg.com.tr\/","logo":{"@type":"ImageObject","inLanguage":"tr","@id":"https:\/\/lulaisg.com.tr\/#\/schema\/logo\/image\/","url":"https:\/\/lulaisg.com.tr\/wp-content\/uploads\/2022\/12\/pera_logo_yatay_4@4x.png","contentUrl":"https:\/\/lulaisg.com.tr\/wp-content\/uploads\/2022\/12\/pera_logo_yatay_4@4x.png","width":1035,"height":441,"caption":"LULA ISG"},"image":{"@id":"https:\/\/lulaisg.com.tr\/#\/schema\/logo\/image\/"}}]}},"_links":{"self":[{"href":"https:\/\/lulaisg.com.tr\/index.php\/wp-json\/wp\/v2\/product\/108","targetHints":{"allow":["GET"]}}],"collection":[{"href":"https:\/\/lulaisg.com.tr\/index.php\/wp-json\/wp\/v2\/product"}],"about":[{"href":"https:\/\/lulaisg.com.tr\/index.php\/wp-json\/wp\/v2\/types\/product"}],"replies":[{"embeddable":true,"href":"https:\/\/lulaisg.com.tr\/index.php\/wp-json\/wp\/v2\/comments?post=108"}],"wp:featuredmedia":[{"embeddable":true,"href":"https:\/\/lulaisg.com.tr\/index.php\/wp-json\/wp\/v2\/media\/152"}],"wp:attachment":[{"href":"https:\/\/lulaisg.com.tr\/index.php\/wp-json\/wp\/v2\/media?parent=108"}],"wp:term":[{"taxonomy":"product_cat","embeddable":true,"href":"https:\/\/lulaisg.com.tr\/index.php\/wp-json\/wp\/v2\/product_cat?post=108"},{"taxonomy":"product_tag","embeddable":true,"href":"https:\/\/lulaisg.com.tr\/index.php\/wp-json\/wp\/v2\/product_tag?post=108"}],"curies":[{"name":"wp","href":"https:\/\/api.w.org\/{rel}","templated":true}]}}