{"id":1044,"date":"2019-06-01T05:40:09","date_gmt":"2019-06-01T05:40:09","guid":{"rendered":"https:\/\/kapee.presslayouts.com\/dummy\/?page_id=1044"},"modified":"2024-02-24T06:25:45","modified_gmt":"2024-02-24T06:25:45","slug":"contact-us-2","status":"publish","type":"page","link":"https:\/\/lulaisg.com.tr\/index.php\/contact-us-2\/","title":{"rendered":"\u0130LET\u0130\u015e\u0130M"},"content":{"rendered":"<div class=\"wpb-content-wrapper\"><p>[vc_row hide_bg_mobile=&#8221;&#8221; hide_bg_tablet=&#8221;&#8221; css=&#8221;.vc_custom_1670945752985{margin-top: 40px !important;}&#8221;][vc_column width=&#8221;1\/3&#8243; hide_bg_mobile=&#8221;&#8221; hide_bg_tablet=&#8221;&#8221;]<div id=\"kapee-info-box-3962\" class=\"kapee-element kapee-info-box icon-effect-zoom icon-custom icon-top color-scheme-inherit hover-color-scheme-inherit text-center  vc_custom_1708755841564\">\n\t<div class=\"info-box-wrap\"  >\n\t\t<div class=\"box-icon-wrap\">\n\t\t\t\t\t\t\t<div class=\"info-box-icon\"><i class=\"pls pls-map \" aria-hidden=\"true\"><\/i><\/div>\n\t\t\t\t\t<\/div>\n\t\t<div class=\"info-box-content\">\t\t\t\n\t\t\t\t\t\t\t<div class=\"info-box-title mb\" >\t\t\t\t\n\t\t\t\t\t<h4>Adres<\/h4>\t\t\t\t\t\n\t\t\t\t<\/div>\n\t\t\t\t\t\t\t\t\t\t<div class=\"info-box-description mb\">\n\t\t\t\t\t<p>Perpa Ticaret Merkezi A Blok<br \/>\nKat:11 No:1559 Okmeydan\u0131 \/ \u015ei\u015fli \/ \u0130stanbul<\/p>\n\t\t\t\t<\/div>\n\t\t\t\t\t<\/div>\n\t<\/div>\n\t<\/div>[\/vc_column][vc_column width=&#8221;1\/3&#8243;]<div id=\"kapee-info-box-76691\" class=\"kapee-element kapee-info-box icon-effect-zoom icon-custom icon-top color-scheme-inherit hover-color-scheme-inherit text-center  vc_custom_1708755855369\">\n\t<div class=\"info-box-wrap\"  >\n\t\t<div class=\"box-icon-wrap\">\n\t\t\t\t\t\t\t<div class=\"info-box-icon\"><i class=\"pls pls-phone \" aria-hidden=\"true\"><\/i><\/div>\n\t\t\t\t\t<\/div>\n\t\t<div class=\"info-box-content\">\t\t\t\n\t\t\t\t\t\t\t<div class=\"info-box-title mb\" >\t\t\t\t\n\t\t\t\t\t<h4>Telefon<\/h4>\t\t\t\t\t\n\t\t\t\t<\/div>\n\t\t\t\t\t\t\t\t\t\t<div class=\"info-box-description mb\">\n\t\t\t\t\t<p>0212 210 1014 \/ 0 551 403 38 89<\/p>\n\t\t\t\t<\/div>\n\t\t\t\t\t<\/div>\n\t<\/div>\n\t<\/div>[\/vc_column][vc_column width=&#8221;1\/3&#8243;]<div id=\"kapee-info-box-60120\" class=\"kapee-element kapee-info-box icon-effect-zoom icon-custom icon-top color-scheme-inherit hover-color-scheme-inherit text-center  vc_custom_1708755878793\">\n\t<div class=\"info-box-wrap\"  >\n\t\t<div class=\"box-icon-wrap\">\n\t\t\t\t\t\t\t<div class=\"info-box-icon\"><i class=\"pls pls-envelope \" aria-hidden=\"true\"><\/i><\/div>\n\t\t\t\t\t<\/div>\n\t\t<div class=\"info-box-content\">\t\t\t\n\t\t\t\t\t\t\t<div class=\"info-box-title mb\" >\t\t\t\t\n\t\t\t\t\t<h4>E-Posta<\/h4>\t\t\t\t\t\n\t\t\t\t<\/div>\n\t\t\t\t\t\t\t\t\t\t<div class=\"info-box-description mb\">\n\t\t\t\t\t<p>info@lulaisg.com.tr<\/p>\n\t\t\t\t<\/div>\n\t\t\t\t\t<\/div>\n\t<\/div>\n\t<\/div>[\/vc_column][\/vc_row][vc_row css=&#8221;.vc_custom_1559390656300{margin-top: 40px !important;}&#8221;][vc_column width=&#8221;1\/2&#8243;]<div id=\"kapee-header-93103\" class=\"kapee-element kapee-heading text-left kapee-width-100 separator-none separator-between-heading\">\t\n\t\t\t\n\t\t\t<div class=\"heading-wrap\">\n\t\t\t<span class=\"separator-left\"><\/span>\n\t\t\t<h2 class=\"heading-title\">\u0130leti\u015fim Formu <\/h2>\t\t\t<span class=\"separator-right\"><\/span>\n\t\t\t\t\t<\/div>\n\t\t\n    \t\t<div class=\"heading-tagline\"> T\u00fcm soru, g\u00f6r\u00fc\u015f, \u015fikayet ve \u00f6nerilerinizi hemen iletebilirsiniz. <\/div>\n\t<\/div><div class=\"kapee-element kapee-contact-us\">\n\t\n<div class=\"wpcf7 no-js\" id=\"wpcf7-f1106-o1\" lang=\"en-US\" dir=\"ltr\">\n<div class=\"screen-reader-response\"><p role=\"status\" aria-live=\"polite\" aria-atomic=\"true\"><\/p> <ul><\/ul><\/div>\n<form action=\"\/index.php\/wp-json\/wp\/v2\/pages\/1044#wpcf7-f1106-o1\" method=\"post\" class=\"wpcf7-form init\" aria-label=\"Contact form\" novalidate=\"novalidate\" data-status=\"init\">\n<div style=\"display: none;\">\n<input type=\"hidden\" name=\"_wpcf7\" value=\"1106\" \/>\n<input type=\"hidden\" name=\"_wpcf7_version\" value=\"5.8.7\" \/>\n<input type=\"hidden\" name=\"_wpcf7_locale\" value=\"en_US\" \/>\n<input type=\"hidden\" name=\"_wpcf7_unit_tag\" value=\"wpcf7-f1106-o1\" \/>\n<input type=\"hidden\" name=\"_wpcf7_container_post\" value=\"0\" \/>\n<input type=\"hidden\" name=\"_wpcf7_posted_data_hash\" value=\"\" \/>\n<\/div>\n<div class=\"row\">\n\t<div class=\"col-lg-6 mb-3\">\n\t\t<p><span class=\"wpcf7-form-control-wrap\" data-name=\"your-name\"><input size=\"40\" class=\"wpcf7-form-control wpcf7-text wpcf7-validates-as-required\" aria-required=\"true\" aria-invalid=\"false\" placeholder=\"Ad \/ Soyad\" value=\"\" type=\"text\" name=\"your-name\" \/><\/span>\n\t\t<\/p>\n\t<\/div>\n\t<div class=\"col-lg-6 mb-3\">\n\t\t<p><span class=\"wpcf7-form-control-wrap\" data-name=\"your-email\"><input size=\"40\" class=\"wpcf7-form-control wpcf7-email wpcf7-validates-as-required wpcf7-text wpcf7-validates-as-email\" aria-required=\"true\" aria-invalid=\"false\" placeholder=\"E-Posta\" value=\"\" type=\"email\" name=\"your-email\" \/><\/span>\n\t\t<\/p>\n\t<\/div>\n\t<div class=\"col-12 mb-3\">\n\t\t<p><span class=\"wpcf7-form-control-wrap\" data-name=\"your-subject\"><input size=\"40\" class=\"wpcf7-form-control wpcf7-text\" aria-invalid=\"false\" placeholder=\"Konu\" value=\"\" type=\"text\" name=\"your-subject\" \/><\/span>\n\t\t<\/p>\n\t<\/div>\n\t<div class=\"col-12 mb-3\">\n\t\t<p><span class=\"wpcf7-form-control-wrap\" data-name=\"your-message\"><textarea cols=\"40\" rows=\"10\" class=\"wpcf7-form-control wpcf7-textarea\" aria-invalid=\"false\" placeholder=\"A\u00e7\u0131klama\" name=\"your-message\"><\/textarea><\/span>\n\t\t<\/p>\n\t<\/div>\n\t<div class=\"col-12 mb-3\">\n\t\t<p><input class=\"wpcf7-form-control wpcf7-submit has-spinner\" type=\"submit\" value=\"Mesaj\u0131 G\u00f6nder\" \/>\n\t\t<\/p>\n\t<\/div>\n<\/div><div class=\"wpcf7-response-output\" aria-hidden=\"true\"><\/div>\n<\/form>\n<\/div>\n<\/div>[\/vc_column][vc_column width=&#8221;1\/2&#8243;][vc_gmaps link=&#8221;#E-8_aHR0cHMlM0ElMkYlMkZ3d3cuZ29vZ2xlLmNvbSUyRm1hcHMlMkZlbWJlZCUzRnBiJTNEJTIxMW0xNCUyMTFtOCUyMTFtMyUyMTFkMzAwOC4zODc3ODU4ODMxNjclMjEyZDI4Ljk2OTE4OTIxMTg0NzQwNCUyMTNkNDEuMDYwNTE1NDA0MDc3MiUyMTNtMiUyMTFpMTAyNCUyMTJpNzY4JTIxNGYxMy4xJTIxM20zJTIxMW0yJTIxMXMweDAlMjUzQTB4ZmZkMGRlZWNiMmEzMWM2MCUyMTJzUEVSUEElMjE1ZTAlMjEzbTIlMjExc3RyJTIxMnN0ciUyMTR2MTY2ODY4NTcxMzU1NCUyMTVtMiUyMTFzdHIlMjEyc3Ry&#8221; size=&#8221;400&#8243;][\/vc_column][\/vc_row][vc_row][vc_column]<div id=\"kapee-brands-cat-71552\" class=\"kapee-element kapee-product-brands brand-square brand-hover-effect\">\n\t\t<div class=\"section-content\">\n\t\t<div class=\"products kapee-carousel owl-carousel grid-col-xl-6 grid-col-lg-5 grid-col-md-4 grid-col-sm-3 grid-col-2\">\t\n\t\t\t\t\t\t\t\t<div class=\"product-brand \">\n\t\t\t\t\t\t<a href=\"https:\/\/lulaisg.com.tr\/index.php\/brand\/3m\/\">\n\t\t\t\t\t\t\t<div class=\"brand-image\">\n\t\t\t\t\t\t\t\t<img loading=\"lazy\" decoding=\"async\" width=\"272\" height=\"182\" src=\"https:\/\/lulaisg.com.tr\/wp-content\/uploads\/2022\/12\/3m_logo.jpg\" class=\"attachment-full size-full \" alt=\"3M\" \/>\t\t\t\t\t\t\t<\/div>\n\t\t\t\t\t\t\t\n\t\t\t\t\t\t\t\t\t\t\t\t\t<\/a>\n\t\t\t\t\t<\/div>\n\t\t\t\t\t\t\t\t\t\t<div class=\"product-brand \">\n\t\t\t\t\t\t<a href=\"https:\/\/lulaisg.com.tr\/index.php\/brand\/beybi\/\">\n\t\t\t\t\t\t\t<div class=\"brand-image\">\n\t\t\t\t\t\t\t\t<img loading=\"lazy\" decoding=\"async\" width=\"272\" height=\"182\" src=\"https:\/\/lulaisg.com.tr\/wp-content\/uploads\/2022\/12\/beybi_logo.jpg\" class=\"attachment-full size-full \" alt=\"BEYB\u0130\" \/>\t\t\t\t\t\t\t<\/div>\n\t\t\t\t\t\t\t\n\t\t\t\t\t\t\t\t\t\t\t\t\t<\/a>\n\t\t\t\t\t<\/div>\n\t\t\t\t\t\t\t\t\t\t<div class=\"product-brand \">\n\t\t\t\t\t\t<a href=\"https:\/\/lulaisg.com.tr\/index.php\/brand\/braun\/\">\n\t\t\t\t\t\t\t<div class=\"brand-image\">\n\t\t\t\t\t\t\t\t<img loading=\"lazy\" decoding=\"async\" width=\"272\" height=\"182\" src=\"https:\/\/lulaisg.com.tr\/wp-content\/uploads\/2022\/12\/braun_logo.jpg\" class=\"attachment-full size-full \" alt=\"BRAUN\" \/>\t\t\t\t\t\t\t<\/div>\n\t\t\t\t\t\t\t\n\t\t\t\t\t\t\t\t\t\t\t\t\t<\/a>\n\t\t\t\t\t<\/div>\n\t\t\t\t\t\t\t\t\t\t<div class=\"product-brand \">\n\t\t\t\t\t\t<a href=\"https:\/\/lulaisg.com.tr\/index.php\/brand\/drager\/\">\n\t\t\t\t\t\t\t<div class=\"brand-image\">\n\t\t\t\t\t\t\t\t<img loading=\"lazy\" decoding=\"async\" width=\"272\" height=\"182\" src=\"https:\/\/lulaisg.com.tr\/wp-content\/uploads\/2022\/12\/drager_logo.jpg\" class=\"attachment-full size-full \" alt=\"DRAGER\" \/>\t\t\t\t\t\t\t<\/div>\n\t\t\t\t\t\t\t\n\t\t\t\t\t\t\t\t\t\t\t\t\t<\/a>\n\t\t\t\t\t<\/div>\n\t\t\t\t\t\t\t\t\t\t<div class=\"product-brand \">\n\t\t\t\t\t\t<a href=\"https:\/\/lulaisg.com.tr\/index.php\/brand\/jalas\/\">\n\t\t\t\t\t\t\t<div class=\"brand-image\">\n\t\t\t\t\t\t\t\t<img loading=\"lazy\" decoding=\"async\" width=\"272\" height=\"182\" src=\"https:\/\/lulaisg.com.tr\/wp-content\/uploads\/2022\/12\/jalas_logo.jpg\" class=\"attachment-full size-full \" alt=\"JALAS\" \/>\t\t\t\t\t\t\t<\/div>\n\t\t\t\t\t\t\t\n\t\t\t\t\t\t\t\t\t\t\t\t\t<\/a>\n\t\t\t\t\t<\/div>\n\t\t\t\t\t\t\t\t\t\t<div class=\"product-brand \">\n\t\t\t\t\t\t<a href=\"https:\/\/lulaisg.com.tr\/index.php\/brand\/mekap\/\">\n\t\t\t\t\t\t\t<div class=\"brand-image\">\n\t\t\t\t\t\t\t\t<img loading=\"lazy\" decoding=\"async\" width=\"272\" height=\"182\" src=\"https:\/\/lulaisg.com.tr\/wp-content\/uploads\/2022\/12\/mekap_logo.jpg\" class=\"attachment-full size-full \" alt=\"MEKAP\" \/>\t\t\t\t\t\t\t<\/div>\n\t\t\t\t\t\t\t\n\t\t\t\t\t\t\t\t\t\t\t\t\t<\/a>\n\t\t\t\t\t<\/div>\n\t\t\t\t\t\t\t\t\t\t<div class=\"product-brand \">\n\t\t\t\t\t\t<a href=\"https:\/\/lulaisg.com.tr\/index.php\/brand\/tegera\/\">\n\t\t\t\t\t\t\t<div class=\"brand-image\">\n\t\t\t\t\t\t\t\t<img loading=\"lazy\" decoding=\"async\" width=\"272\" height=\"182\" src=\"https:\/\/lulaisg.com.tr\/wp-content\/uploads\/2022\/12\/tegera_logo.jpg\" class=\"attachment-full size-full \" alt=\"TEGERA\" \/>\t\t\t\t\t\t\t<\/div>\n\t\t\t\t\t\t\t\n\t\t\t\t\t\t\t\t\t\t\t\t\t<\/a>\n\t\t\t\t\t<\/div>\n\t\t\t\t\t\t\t<\/div>\n\t<\/div>\n<\/div>[\/vc_column][\/vc_row]<\/p>\n<\/div>","protected":false},"excerpt":{"rendered":"<p>[vc_row hide_bg_mobile=&#8221;&#8221; hide_bg_tablet=&#8221;&#8221; css=&#8221;.vc_custom_1670945752985{margin-top: 40px !important;}&#8221;][vc_column width=&#8221;1\/3&#8243; hide_bg_mobile=&#8221;&#8221; hide_bg_tablet=&#8221;&#8221;][\/vc_column][vc_column width=&#8221;1\/3&#8243;][\/vc_column][vc_column width=&#8221;1\/3&#8243;][\/vc_column][\/vc_row][vc_row css=&#8221;.vc_custom_1559390656300{margin-top: 40px !important;}&#8221;][vc_column width=&#8221;1\/2&#8243;][\/vc_column][vc_column width=&#8221;1\/2&#8243;][vc_gmaps link=&#8221;#E-8_aHR0cHMlM0ElMkYlMkZ3d3cuZ29vZ2xlLmNvbSUyRm1hcHMlMkZlbWJlZCUzRnBiJTNEJTIxMW0xNCUyMTFtOCUyMTFtMyUyMTFkMzAwOC4zODc3ODU4ODMxNjclMjEyZDI4Ljk2OTE4OTIxMTg0NzQwNCUyMTNkNDEuMDYwNTE1NDA0MDc3MiUyMTNtMiUyMTFpMTAyNCUyMTJpNzY4JTIxNGYxMy4xJTIxM20zJTIxMW0yJTIxMXMweDAlMjUzQTB4ZmZkMGRlZWNiMmEzMWM2MCUyMTJzUEVSUEElMjE1ZTAlMjEzbTIlMjExc3RyJTIxMnN0ciUyMTR2MTY2ODY4NTcxMzU1NCUyMTVtMiUyMTFzdHIlMjEyc3Ry&#8221; size=&#8221;400&#8243;][\/vc_column][\/vc_row][vc_row][vc_column][\/vc_column][\/vc_row]<\/p>\n","protected":false},"author":2,"featured_media":0,"parent":0,"menu_order":0,"comment_status":"closed","ping_status":"closed","template":"","meta":{"footnotes":""},"class_list":["post-1044","page","type-page","status-publish","hentry"],"yoast_head":"<!-- This site is optimized with the Yoast SEO plugin v22.1 - https:\/\/yoast.com\/wordpress\/plugins\/seo\/ -->\n<title>\u0130LET\u0130\u015e\u0130M - LULA ISG<\/title>\n<meta name=\"robots\" content=\"index, follow, max-snippet:-1, max-image-preview:large, max-video-preview:-1\" \/>\n<link rel=\"canonical\" href=\"https:\/\/lulaisg.com.tr\/index.php\/contact-us-2\/\" \/>\n<meta property=\"og:locale\" content=\"tr_TR\" \/>\n<meta property=\"og:type\" content=\"article\" \/>\n<meta property=\"og:title\" content=\"\u0130LET\u0130\u015e\u0130M - LULA ISG\" \/>\n<meta property=\"og:description\" content=\"[vc_row hide_bg_mobile=&#8221;&#8221; hide_bg_tablet=&#8221;&#8221; css=&#8221;.vc_custom_1670945752985{margin-top: 40px !important;}&#8221;][vc_column width=&#8221;1\/3&#8243; hide_bg_mobile=&#8221;&#8221; hide_bg_tablet=&#8221;&#8221;][\/vc_column][vc_column width=&#8221;1\/3&#8243;][\/vc_column][vc_column width=&#8221;1\/3&#8243;][\/vc_column][\/vc_row][vc_row css=&#8221;.vc_custom_1559390656300{margin-top: 40px !important;}&#8221;][vc_column width=&#8221;1\/2&#8243;][\/vc_column][vc_column width=&#8221;1\/2&#8243;][vc_gmaps link=&#8221;#E-8_aHR0cHMlM0ElMkYlMkZ3d3cuZ29vZ2xlLmNvbSUyRm1hcHMlMkZlbWJlZCUzRnBiJTNEJTIxMW0xNCUyMTFtOCUyMTFtMyUyMTFkMzAwOC4zODc3ODU4ODMxNjclMjEyZDI4Ljk2OTE4OTIxMTg0NzQwNCUyMTNkNDEuMDYwNTE1NDA0MDc3MiUyMTNtMiUyMTFpMTAyNCUyMTJpNzY4JTIxNGYxMy4xJTIxM20zJTIxMW0yJTIxMXMweDAlMjUzQTB4ZmZkMGRlZWNiMmEzMWM2MCUyMTJzUEVSUEElMjE1ZTAlMjEzbTIlMjExc3RyJTIxMnN0ciUyMTR2MTY2ODY4NTcxMzU1NCUyMTVtMiUyMTFzdHIlMjEyc3Ry&#8221; size=&#8221;400&#8243;][\/vc_column][\/vc_row][vc_row][vc_column][\/vc_column][\/vc_row]\" \/>\n<meta property=\"og:url\" content=\"https:\/\/lulaisg.com.tr\/index.php\/contact-us-2\/\" \/>\n<meta property=\"og:site_name\" content=\"LULA ISG\" \/>\n<meta property=\"article:modified_time\" content=\"2024-02-24T06:25:45+00:00\" \/>\n<meta name=\"twitter:card\" content=\"summary_large_image\" \/>\n<meta name=\"twitter:label1\" content=\"Tahmini okuma s\u00fcresi\" \/>\n\t<meta name=\"twitter:data1\" content=\"2 dakika\" \/>\n<script type=\"application\/ld+json\" class=\"yoast-schema-graph\">{\"@context\":\"https:\/\/schema.org\",\"@graph\":[{\"@type\":\"WebPage\",\"@id\":\"https:\/\/lulaisg.com.tr\/index.php\/contact-us-2\/\",\"url\":\"https:\/\/lulaisg.com.tr\/index.php\/contact-us-2\/\",\"name\":\"\u0130LET\u0130\u015e\u0130M - LULA ISG\",\"isPartOf\":{\"@id\":\"https:\/\/lulaisg.com.tr\/#website\"},\"datePublished\":\"2019-06-01T05:40:09+00:00\",\"dateModified\":\"2024-02-24T06:25:45+00:00\",\"breadcrumb\":{\"@id\":\"https:\/\/lulaisg.com.tr\/index.php\/contact-us-2\/#breadcrumb\"},\"inLanguage\":\"tr\",\"potentialAction\":[{\"@type\":\"ReadAction\",\"target\":[\"https:\/\/lulaisg.com.tr\/index.php\/contact-us-2\/\"]}]},{\"@type\":\"BreadcrumbList\",\"@id\":\"https:\/\/lulaisg.com.tr\/index.php\/contact-us-2\/#breadcrumb\",\"itemListElement\":[{\"@type\":\"ListItem\",\"position\":1,\"name\":\"Anasayfa\",\"item\":\"https:\/\/lulaisg.com.tr\/\"},{\"@type\":\"ListItem\",\"position\":2,\"name\":\"\u0130LET\u0130\u015e\u0130M\"}]},{\"@type\":\"WebSite\",\"@id\":\"https:\/\/lulaisg.com.tr\/#website\",\"url\":\"https:\/\/lulaisg.com.tr\/\",\"name\":\"LULA ISG\",\"description\":\"\",\"publisher\":{\"@id\":\"https:\/\/lulaisg.com.tr\/#organization\"},\"potentialAction\":[{\"@type\":\"SearchAction\",\"target\":{\"@type\":\"EntryPoint\",\"urlTemplate\":\"https:\/\/lulaisg.com.tr\/?s={search_term_string}\"},\"query-input\":\"required name=search_term_string\"}],\"inLanguage\":\"tr\"},{\"@type\":\"Organization\",\"@id\":\"https:\/\/lulaisg.com.tr\/#organization\",\"name\":\"LULA ISG\",\"url\":\"https:\/\/lulaisg.com.tr\/\",\"logo\":{\"@type\":\"ImageObject\",\"inLanguage\":\"tr\",\"@id\":\"https:\/\/lulaisg.com.tr\/#\/schema\/logo\/image\/\",\"url\":\"https:\/\/lulaisg.com.tr\/wp-content\/uploads\/2022\/12\/pera_logo_yatay_4@4x.png\",\"contentUrl\":\"https:\/\/lulaisg.com.tr\/wp-content\/uploads\/2022\/12\/pera_logo_yatay_4@4x.png\",\"width\":1035,\"height\":441,\"caption\":\"LULA ISG\"},\"image\":{\"@id\":\"https:\/\/lulaisg.com.tr\/#\/schema\/logo\/image\/\"}}]}<\/script>\n<!-- \/ Yoast SEO plugin. -->","yoast_head_json":{"title":"\u0130LET\u0130\u015e\u0130M - LULA ISG","robots":{"index":"index","follow":"follow","max-snippet":"max-snippet:-1","max-image-preview":"max-image-preview:large","max-video-preview":"max-video-preview:-1"},"canonical":"https:\/\/lulaisg.com.tr\/index.php\/contact-us-2\/","og_locale":"tr_TR","og_type":"article","og_title":"\u0130LET\u0130\u015e\u0130M - LULA ISG","og_description":"[vc_row hide_bg_mobile=&#8221;&#8221; hide_bg_tablet=&#8221;&#8221; css=&#8221;.vc_custom_1670945752985{margin-top: 40px !important;}&#8221;][vc_column width=&#8221;1\/3&#8243; hide_bg_mobile=&#8221;&#8221; hide_bg_tablet=&#8221;&#8221;][\/vc_column][vc_column width=&#8221;1\/3&#8243;][\/vc_column][vc_column width=&#8221;1\/3&#8243;][\/vc_column][\/vc_row][vc_row css=&#8221;.vc_custom_1559390656300{margin-top: 40px !important;}&#8221;][vc_column width=&#8221;1\/2&#8243;][\/vc_column][vc_column width=&#8221;1\/2&#8243;][vc_gmaps link=&#8221;#E-8_aHR0cHMlM0ElMkYlMkZ3d3cuZ29vZ2xlLmNvbSUyRm1hcHMlMkZlbWJlZCUzRnBiJTNEJTIxMW0xNCUyMTFtOCUyMTFtMyUyMTFkMzAwOC4zODc3ODU4ODMxNjclMjEyZDI4Ljk2OTE4OTIxMTg0NzQwNCUyMTNkNDEuMDYwNTE1NDA0MDc3MiUyMTNtMiUyMTFpMTAyNCUyMTJpNzY4JTIxNGYxMy4xJTIxM20zJTIxMW0yJTIxMXMweDAlMjUzQTB4ZmZkMGRlZWNiMmEzMWM2MCUyMTJzUEVSUEElMjE1ZTAlMjEzbTIlMjExc3RyJTIxMnN0ciUyMTR2MTY2ODY4NTcxMzU1NCUyMTVtMiUyMTFzdHIlMjEyc3Ry&#8221; size=&#8221;400&#8243;][\/vc_column][\/vc_row][vc_row][vc_column][\/vc_column][\/vc_row]","og_url":"https:\/\/lulaisg.com.tr\/index.php\/contact-us-2\/","og_site_name":"LULA ISG","article_modified_time":"2024-02-24T06:25:45+00:00","twitter_card":"summary_large_image","twitter_misc":{"Tahmini okuma s\u00fcresi":"2 dakika"},"schema":{"@context":"https:\/\/schema.org","@graph":[{"@type":"WebPage","@id":"https:\/\/lulaisg.com.tr\/index.php\/contact-us-2\/","url":"https:\/\/lulaisg.com.tr\/index.php\/contact-us-2\/","name":"\u0130LET\u0130\u015e\u0130M - LULA ISG","isPartOf":{"@id":"https:\/\/lulaisg.com.tr\/#website"},"datePublished":"2019-06-01T05:40:09+00:00","dateModified":"2024-02-24T06:25:45+00:00","breadcrumb":{"@id":"https:\/\/lulaisg.com.tr\/index.php\/contact-us-2\/#breadcrumb"},"inLanguage":"tr","potentialAction":[{"@type":"ReadAction","target":["https:\/\/lulaisg.com.tr\/index.php\/contact-us-2\/"]}]},{"@type":"BreadcrumbList","@id":"https:\/\/lulaisg.com.tr\/index.php\/contact-us-2\/#breadcrumb","itemListElement":[{"@type":"ListItem","position":1,"name":"Anasayfa","item":"https:\/\/lulaisg.com.tr\/"},{"@type":"ListItem","position":2,"name":"\u0130LET\u0130\u015e\u0130M"}]},{"@type":"WebSite","@id":"https:\/\/lulaisg.com.tr\/#website","url":"https:\/\/lulaisg.com.tr\/","name":"LULA ISG","description":"","publisher":{"@id":"https:\/\/lulaisg.com.tr\/#organization"},"potentialAction":[{"@type":"SearchAction","target":{"@type":"EntryPoint","urlTemplate":"https:\/\/lulaisg.com.tr\/?s={search_term_string}"},"query-input":"required name=search_term_string"}],"inLanguage":"tr"},{"@type":"Organization","@id":"https:\/\/lulaisg.com.tr\/#organization","name":"LULA ISG","url":"https:\/\/lulaisg.com.tr\/","logo":{"@type":"ImageObject","inLanguage":"tr","@id":"https:\/\/lulaisg.com.tr\/#\/schema\/logo\/image\/","url":"https:\/\/lulaisg.com.tr\/wp-content\/uploads\/2022\/12\/pera_logo_yatay_4@4x.png","contentUrl":"https:\/\/lulaisg.com.tr\/wp-content\/uploads\/2022\/12\/pera_logo_yatay_4@4x.png","width":1035,"height":441,"caption":"LULA ISG"},"image":{"@id":"https:\/\/lulaisg.com.tr\/#\/schema\/logo\/image\/"}}]}},"_links":{"self":[{"href":"https:\/\/lulaisg.com.tr\/index.php\/wp-json\/wp\/v2\/pages\/1044","targetHints":{"allow":["GET"]}}],"collection":[{"href":"https:\/\/lulaisg.com.tr\/index.php\/wp-json\/wp\/v2\/pages"}],"about":[{"href":"https:\/\/lulaisg.com.tr\/index.php\/wp-json\/wp\/v2\/types\/page"}],"author":[{"embeddable":true,"href":"https:\/\/lulaisg.com.tr\/index.php\/wp-json\/wp\/v2\/users\/2"}],"replies":[{"embeddable":true,"href":"https:\/\/lulaisg.com.tr\/index.php\/wp-json\/wp\/v2\/comments?post=1044"}],"version-history":[{"count":20,"href":"https:\/\/lulaisg.com.tr\/index.php\/wp-json\/wp\/v2\/pages\/1044\/revisions"}],"predecessor-version":[{"id":2207,"href":"https:\/\/lulaisg.com.tr\/index.php\/wp-json\/wp\/v2\/pages\/1044\/revisions\/2207"}],"wp:attachment":[{"href":"https:\/\/lulaisg.com.tr\/index.php\/wp-json\/wp\/v2\/media?parent=1044"}],"curies":[{"name":"wp","href":"https:\/\/api.w.org\/{rel}","templated":true}]}}